{"id":1057,"date":"2023-03-05T20:30:05","date_gmt":"2023-03-05T19:30:05","guid":{"rendered":"https:\/\/semicatchad.com\/?page_id=1057"},"modified":"2025-11-10T17:58:30","modified_gmt":"2025-11-10T16:58:30","slug":"les-mines","status":"publish","type":"page","link":"https:\/\/semicatchad.com\/en\/les-poles\/les-mines\/","title":{"rendered":"The Mines"},"content":{"rendered":"<div data-elementor-type=\"wp-page\" data-elementor-id=\"1057\" class=\"elementor elementor-1057\" data-elementor-post-type=\"page\">\n\t\t\t\t\t\t<section data-particle_enable=\"false\" data-particle-mobile-disabled=\"false\" class=\"elementor-section elementor-top-section elementor-element elementor-element-4ecdd3f elementor-section-boxed elementor-section-height-default elementor-section-height-default\" data-id=\"4ecdd3f\" data-element_type=\"section\" data-settings=\"{&quot;background_background&quot;:&quot;classic&quot;}\">\n\t\t\t\t\t\t<div class=\"elementor-container elementor-column-gap-default\">\n\t\t\t\t\t<div class=\"elementor-column elementor-col-50 elementor-top-column elementor-element elementor-element-a686104\" data-id=\"a686104\" data-element_type=\"column\">\n\t\t\t<div class=\"elementor-widget-wrap elementor-element-populated\">\n\t\t\t\t\t\t<div class=\"elementor-element elementor-element-4862306 elementor-widget elementor-widget-heading\" data-id=\"4862306\" data-element_type=\"widget\" data-widget_type=\"heading.default\">\n\t\t\t\t<div class=\"elementor-widget-container\">\n\t\t\t\t\t<h2 class=\"elementor-heading-title elementor-size-default\">The Mines<\/h2>\t\t\t\t<\/div>\n\t\t\t\t<\/div>\n\t\t\t\t\t<\/div>\n\t\t<\/div>\n\t\t\t\t<div class=\"elementor-column elementor-col-50 elementor-top-column elementor-element elementor-element-535ec98 elementor-hidden-mobile\" data-id=\"535ec98\" data-element_type=\"column\">\n\t\t\t<div class=\"elementor-widget-wrap elementor-element-populated\">\n\t\t\t\t\t\t<div class=\"elementor-element elementor-element-87c5f65 elementor-align-right elementor-widget elementor-widget-breadcrumbs\" data-id=\"87c5f65\" data-element_type=\"widget\" data-widget_type=\"breadcrumbs.default\">\n\t\t\t\t<div class=\"elementor-widget-container\">\n\t\t\t\t\t<p id=\"breadcrumbs\"><span><span><a href=\"https:\/\/semicatchad.com\/en\/\">Home<\/a><\/span><\/span><\/p>\t\t\t\t<\/div>\n\t\t\t\t<\/div>\n\t\t\t\t\t<\/div>\n\t\t<\/div>\n\t\t\t\t\t<\/div>\n\t\t<\/section>\n\t\t\t\t<section data-particle_enable=\"false\" data-particle-mobile-disabled=\"false\" class=\"elementor-section elementor-top-section elementor-element elementor-element-6720989 elementor-section-boxed elementor-section-height-default elementor-section-height-default\" data-id=\"6720989\" data-element_type=\"section\">\n\t\t\t\t\t\t<div class=\"elementor-container elementor-column-gap-default\">\n\t\t\t\t\t<div class=\"elementor-column elementor-col-50 elementor-top-column elementor-element elementor-element-bdfa1f6\" data-id=\"bdfa1f6\" data-element_type=\"column\">\n\t\t\t<div class=\"elementor-widget-wrap elementor-element-populated\">\n\t\t\t\t\t\t<div class=\"elementor-element elementor-element-b5b7af9 elementor-widget elementor-widget-heading\" data-id=\"b5b7af9\" data-element_type=\"widget\" data-widget_type=\"heading.default\">\n\t\t\t\t<div class=\"elementor-widget-container\">\n\t\t\t\t\t<h2 class=\"elementor-heading-title elementor-size-default\">The MINES<\/h2>\t\t\t\t<\/div>\n\t\t\t\t<\/div>\n\t\t\t\t<div class=\"elementor-element elementor-element-4c478cb elementor-widget elementor-widget-text-editor\" data-id=\"4c478cb\" data-element_type=\"widget\" data-widget_type=\"text-editor.default\">\n\t\t\t\t<div class=\"elementor-widget-container\">\n\t\t\t\t\t\t\t\t\t<p>This sector includes mining companies, investors, suppliers and service providers involved in the exploration, extraction, processing and marketing of minerals.<\/p>\t\t\t\t\t\t\t\t<\/div>\n\t\t\t\t<\/div>\n\t\t\t\t\t<\/div>\n\t\t<\/div>\n\t\t\t\t<div class=\"elementor-column elementor-col-50 elementor-top-column elementor-element elementor-element-6be252d\" data-id=\"6be252d\" data-element_type=\"column\">\n\t\t\t<div class=\"elementor-widget-wrap elementor-element-populated\">\n\t\t\t\t\t\t<div class=\"elementor-element elementor-element-6446a3a elementor-widget elementor-widget-image\" data-id=\"6446a3a\" data-element_type=\"widget\" data-widget_type=\"image.default\">\n\t\t\t\t<div class=\"elementor-widget-container\">\n\t\t\t\t\t\t\t\t\t\t\t\t\t\t\t<img fetchpriority=\"high\" decoding=\"async\" width=\"800\" height=\"463\" src=\"https:\/\/semicatchad.com\/wp-content\/uploads\/2023\/03\/digital-artwork.jpg\" class=\"attachment-large size-large wp-image-1059\" alt=\"\" srcset=\"https:\/\/semicatchad.com\/wp-content\/uploads\/2023\/03\/digital-artwork.jpg 950w, https:\/\/semicatchad.com\/wp-content\/uploads\/2023\/03\/digital-artwork-300x174.jpg 300w, https:\/\/semicatchad.com\/wp-content\/uploads\/2023\/03\/digital-artwork-768x445.jpg 768w\" sizes=\"(max-width: 800px) 100vw, 800px\" \/>\t\t\t\t\t\t\t\t\t\t\t\t\t\t\t<\/div>\n\t\t\t\t<\/div>\n\t\t\t\t\t<\/div>\n\t\t<\/div>\n\t\t\t\t\t<\/div>\n\t\t<\/section>\n\t\t\t\t<\/div>","protected":false},"excerpt":{"rendered":"<p>Les Mines Les mines Ce secteur regroupe les entreprises mini\u00e8res, les investisseurs, les fournisseurs et les prestataires de services qui sont impliqu\u00e9s dans l&rsquo;exploration, l&rsquo;extraction, la transformation et la commercialisation des minerais.<\/p>","protected":false},"author":1,"featured_media":0,"parent":709,"menu_order":0,"comment_status":"closed","ping_status":"closed","template":"","meta":{"footnotes":""},"class_list":["post-1057","page","type-page","status-publish","hentry"],"yoast_head":"<!-- This site is optimized with the Yoast SEO plugin v26.5 - https:\/\/yoast.com\/wordpress\/plugins\/seo\/ -->\n<title>Les Mines - SEMICA TCHAD 2026<\/title>\n<meta name=\"description\" content=\"D\u00e9couvrez le p\u00f4le Mine du SEMICA TCHAD 2026, un espace d\u00e9di\u00e9 aux innovations, aux strat\u00e9gies d\u2019exploration et aux opportunit\u00e9s d\u2019investissement dans le secteur minier africain.\" \/>\n<meta name=\"robots\" content=\"index, follow, max-snippet:-1, max-image-preview:large, max-video-preview:-1\" \/>\n<link rel=\"canonical\" href=\"https:\/\/semicatchad.com\/en\/les-poles\/les-mines\/\" \/>\n<meta property=\"og:locale\" content=\"en_GB\" \/>\n<meta property=\"og:type\" content=\"article\" \/>\n<meta property=\"og:title\" content=\"Les Mines - SEMICA TCHAD 2026\" \/>\n<meta property=\"og:description\" content=\"D\u00e9couvrez le p\u00f4le Mine du SEMICA TCHAD 2026, un espace d\u00e9di\u00e9 aux innovations, aux strat\u00e9gies d\u2019exploration et aux opportunit\u00e9s d\u2019investissement dans le secteur minier africain.\" \/>\n<meta property=\"og:url\" content=\"https:\/\/semicatchad.com\/en\/les-poles\/les-mines\/\" \/>\n<meta property=\"og:site_name\" content=\"SEMICA TCHAD 2026\" \/>\n<meta property=\"article:modified_time\" content=\"2025-11-10T16:58:30+00:00\" \/>\n<meta property=\"og:image\" content=\"https:\/\/semicatchad.com\/wp-content\/uploads\/2023\/03\/digital-artwork.jpg\" \/>\n<meta name=\"twitter:card\" content=\"summary_large_image\" \/>\n<meta name=\"twitter:label1\" content=\"Estimated reading time\" \/>\n\t<meta name=\"twitter:data1\" content=\"1 minute\" \/>\n<script type=\"application\/ld+json\" class=\"yoast-schema-graph\">{\"@context\":\"https:\/\/schema.org\",\"@graph\":[{\"@type\":\"WebPage\",\"@id\":\"https:\/\/semicatchad.com\/les-poles\/les-mines\/\",\"url\":\"https:\/\/semicatchad.com\/les-poles\/les-mines\/\",\"name\":\"Les Mines - SEMICA TCHAD 2026\",\"isPartOf\":{\"@id\":\"https:\/\/semicatchad.com\/#website\"},\"primaryImageOfPage\":{\"@id\":\"https:\/\/semicatchad.com\/les-poles\/les-mines\/#primaryimage\"},\"image\":{\"@id\":\"https:\/\/semicatchad.com\/les-poles\/les-mines\/#primaryimage\"},\"thumbnailUrl\":\"https:\/\/semicatchad.com\/wp-content\/uploads\/2023\/03\/digital-artwork.jpg\",\"datePublished\":\"2023-03-05T19:30:05+00:00\",\"dateModified\":\"2025-11-10T16:58:30+00:00\",\"description\":\"D\u00e9couvrez le p\u00f4le Mine du SEMICA TCHAD 2026, un espace d\u00e9di\u00e9 aux innovations, aux strat\u00e9gies d\u2019exploration et aux opportunit\u00e9s d\u2019investissement dans le secteur minier africain.\",\"breadcrumb\":{\"@id\":\"https:\/\/semicatchad.com\/les-poles\/les-mines\/#breadcrumb\"},\"inLanguage\":\"en-GB\",\"potentialAction\":[{\"@type\":\"ReadAction\",\"target\":[\"https:\/\/semicatchad.com\/les-poles\/les-mines\/\"]}]},{\"@type\":\"ImageObject\",\"inLanguage\":\"en-GB\",\"@id\":\"https:\/\/semicatchad.com\/les-poles\/les-mines\/#primaryimage\",\"url\":\"https:\/\/semicatchad.com\/wp-content\/uploads\/2023\/03\/digital-artwork.jpg\",\"contentUrl\":\"https:\/\/semicatchad.com\/wp-content\/uploads\/2023\/03\/digital-artwork.jpg\"},{\"@type\":\"BreadcrumbList\",\"@id\":\"https:\/\/semicatchad.com\/les-poles\/les-mines\/#breadcrumb\",\"itemListElement\":[{\"@type\":\"ListItem\",\"position\":1,\"name\":\"Accueil\",\"item\":\"https:\/\/semicatchad.com\/\"},{\"@type\":\"ListItem\",\"position\":2,\"name\":\"Les p\u00f4les\",\"item\":\"https:\/\/semicatchad.com\/les-poles\/\"},{\"@type\":\"ListItem\",\"position\":3,\"name\":\"Les Mines\"}]},{\"@type\":\"WebSite\",\"@id\":\"https:\/\/semicatchad.com\/#website\",\"url\":\"https:\/\/semicatchad.com\/\",\"name\":\"SEMICA TCHAD 2026\",\"description\":\"Salon International de l&#039;Energie, des Mines et des Hydrocarbures du 21 au 23 Janvier 2026, N&#039;Djam\u00e9na, Tchad\",\"publisher\":{\"@id\":\"https:\/\/semicatchad.com\/#organization\"},\"potentialAction\":[{\"@type\":\"SearchAction\",\"target\":{\"@type\":\"EntryPoint\",\"urlTemplate\":\"https:\/\/semicatchad.com\/?s={search_term_string}\"},\"query-input\":{\"@type\":\"PropertyValueSpecification\",\"valueRequired\":true,\"valueName\":\"search_term_string\"}}],\"inLanguage\":\"en-GB\"},{\"@type\":\"Organization\",\"@id\":\"https:\/\/semicatchad.com\/#organization\",\"name\":\"SEMICA TCHAD 2026\",\"url\":\"https:\/\/semicatchad.com\/\",\"logo\":{\"@type\":\"ImageObject\",\"inLanguage\":\"en-GB\",\"@id\":\"https:\/\/semicatchad.com\/#\/schema\/logo\/image\/\",\"url\":\"https:\/\/semicatchad.com\/wp-content\/uploads\/2023\/01\/Icon-site-semica-tchad_Plan-de-travail-1.png\",\"contentUrl\":\"https:\/\/semicatchad.com\/wp-content\/uploads\/2023\/01\/Icon-site-semica-tchad_Plan-de-travail-1.png\",\"width\":209,\"height\":209,\"caption\":\"SEMICA TCHAD 2026\"},\"image\":{\"@id\":\"https:\/\/semicatchad.com\/#\/schema\/logo\/image\/\"}}]}<\/script>\n<!-- \/ Yoast SEO plugin. -->","yoast_head_json":{"title":"Les Mines - SEMICA TCHAD 2026","description":"D\u00e9couvrez le p\u00f4le Mine du SEMICA TCHAD 2026, un espace d\u00e9di\u00e9 aux innovations, aux strat\u00e9gies d\u2019exploration et aux opportunit\u00e9s d\u2019investissement dans le secteur minier africain.","robots":{"index":"index","follow":"follow","max-snippet":"max-snippet:-1","max-image-preview":"max-image-preview:large","max-video-preview":"max-video-preview:-1"},"canonical":"https:\/\/semicatchad.com\/en\/les-poles\/les-mines\/","og_locale":"en_GB","og_type":"article","og_title":"Les Mines - SEMICA TCHAD 2026","og_description":"D\u00e9couvrez le p\u00f4le Mine du SEMICA TCHAD 2026, un espace d\u00e9di\u00e9 aux innovations, aux strat\u00e9gies d\u2019exploration et aux opportunit\u00e9s d\u2019investissement dans le secteur minier africain.","og_url":"https:\/\/semicatchad.com\/en\/les-poles\/les-mines\/","og_site_name":"SEMICA TCHAD 2026","article_modified_time":"2025-11-10T16:58:30+00:00","og_image":[{"url":"https:\/\/semicatchad.com\/wp-content\/uploads\/2023\/03\/digital-artwork.jpg","type":"","width":"","height":""}],"twitter_card":"summary_large_image","twitter_misc":{"Estimated reading time":"1 minute"},"schema":{"@context":"https:\/\/schema.org","@graph":[{"@type":"WebPage","@id":"https:\/\/semicatchad.com\/les-poles\/les-mines\/","url":"https:\/\/semicatchad.com\/les-poles\/les-mines\/","name":"Les Mines - SEMICA TCHAD 2026","isPartOf":{"@id":"https:\/\/semicatchad.com\/#website"},"primaryImageOfPage":{"@id":"https:\/\/semicatchad.com\/les-poles\/les-mines\/#primaryimage"},"image":{"@id":"https:\/\/semicatchad.com\/les-poles\/les-mines\/#primaryimage"},"thumbnailUrl":"https:\/\/semicatchad.com\/wp-content\/uploads\/2023\/03\/digital-artwork.jpg","datePublished":"2023-03-05T19:30:05+00:00","dateModified":"2025-11-10T16:58:30+00:00","description":"D\u00e9couvrez le p\u00f4le Mine du SEMICA TCHAD 2026, un espace d\u00e9di\u00e9 aux innovations, aux strat\u00e9gies d\u2019exploration et aux opportunit\u00e9s d\u2019investissement dans le secteur minier africain.","breadcrumb":{"@id":"https:\/\/semicatchad.com\/les-poles\/les-mines\/#breadcrumb"},"inLanguage":"en-GB","potentialAction":[{"@type":"ReadAction","target":["https:\/\/semicatchad.com\/les-poles\/les-mines\/"]}]},{"@type":"ImageObject","inLanguage":"en-GB","@id":"https:\/\/semicatchad.com\/les-poles\/les-mines\/#primaryimage","url":"https:\/\/semicatchad.com\/wp-content\/uploads\/2023\/03\/digital-artwork.jpg","contentUrl":"https:\/\/semicatchad.com\/wp-content\/uploads\/2023\/03\/digital-artwork.jpg"},{"@type":"BreadcrumbList","@id":"https:\/\/semicatchad.com\/les-poles\/les-mines\/#breadcrumb","itemListElement":[{"@type":"ListItem","position":1,"name":"Accueil","item":"https:\/\/semicatchad.com\/"},{"@type":"ListItem","position":2,"name":"Les p\u00f4les","item":"https:\/\/semicatchad.com\/les-poles\/"},{"@type":"ListItem","position":3,"name":"Les Mines"}]},{"@type":"WebSite","@id":"https:\/\/semicatchad.com\/#website","url":"https:\/\/semicatchad.com\/","name":"SEMICA TCHAD 2026","description":"Salon International de l&#039;Energie, des Mines et des Hydrocarbures du 21 au 23 Janvier 2026, N&#039;Djam\u00e9na, Tchad","publisher":{"@id":"https:\/\/semicatchad.com\/#organization"},"potentialAction":[{"@type":"SearchAction","target":{"@type":"EntryPoint","urlTemplate":"https:\/\/semicatchad.com\/?s={search_term_string}"},"query-input":{"@type":"PropertyValueSpecification","valueRequired":true,"valueName":"search_term_string"}}],"inLanguage":"en-GB"},{"@type":"Organization","@id":"https:\/\/semicatchad.com\/#organization","name":"SEMICA TCHAD 2026","url":"https:\/\/semicatchad.com\/","logo":{"@type":"ImageObject","inLanguage":"en-GB","@id":"https:\/\/semicatchad.com\/#\/schema\/logo\/image\/","url":"https:\/\/semicatchad.com\/wp-content\/uploads\/2023\/01\/Icon-site-semica-tchad_Plan-de-travail-1.png","contentUrl":"https:\/\/semicatchad.com\/wp-content\/uploads\/2023\/01\/Icon-site-semica-tchad_Plan-de-travail-1.png","width":209,"height":209,"caption":"SEMICA TCHAD 2026"},"image":{"@id":"https:\/\/semicatchad.com\/#\/schema\/logo\/image\/"}}]}},"_links":{"self":[{"href":"https:\/\/semicatchad.com\/en\/wp-json\/wp\/v2\/pages\/1057","targetHints":{"allow":["GET"]}}],"collection":[{"href":"https:\/\/semicatchad.com\/en\/wp-json\/wp\/v2\/pages"}],"about":[{"href":"https:\/\/semicatchad.com\/en\/wp-json\/wp\/v2\/types\/page"}],"author":[{"embeddable":true,"href":"https:\/\/semicatchad.com\/en\/wp-json\/wp\/v2\/users\/1"}],"replies":[{"embeddable":true,"href":"https:\/\/semicatchad.com\/en\/wp-json\/wp\/v2\/comments?post=1057"}],"version-history":[{"count":19,"href":"https:\/\/semicatchad.com\/en\/wp-json\/wp\/v2\/pages\/1057\/revisions"}],"predecessor-version":[{"id":1610,"href":"https:\/\/semicatchad.com\/en\/wp-json\/wp\/v2\/pages\/1057\/revisions\/1610"}],"up":[{"embeddable":true,"href":"https:\/\/semicatchad.com\/en\/wp-json\/wp\/v2\/pages\/709"}],"wp:attachment":[{"href":"https:\/\/semicatchad.com\/en\/wp-json\/wp\/v2\/media?parent=1057"}],"curies":[{"name":"wp","href":"https:\/\/api.w.org\/{rel}","templated":true}]}}