{"id":1066,"date":"2023-03-05T20:36:33","date_gmt":"2023-03-05T19:36:33","guid":{"rendered":"https:\/\/semicatchad.com\/?page_id=1066"},"modified":"2025-11-10T17:58:30","modified_gmt":"2025-11-10T16:58:30","slug":"petrole","status":"publish","type":"page","link":"https:\/\/semicatchad.com\/en\/les-poles\/petrole\/","title":{"rendered":"Oil"},"content":{"rendered":"<div data-elementor-type=\"wp-page\" data-elementor-id=\"1066\" class=\"elementor elementor-1066\" data-elementor-post-type=\"page\">\n\t\t\t\t\t\t<section data-particle_enable=\"false\" data-particle-mobile-disabled=\"false\" class=\"elementor-section elementor-top-section elementor-element elementor-element-4ecdd3f elementor-section-boxed elementor-section-height-default elementor-section-height-default\" data-id=\"4ecdd3f\" data-element_type=\"section\" data-settings=\"{&quot;background_background&quot;:&quot;classic&quot;}\">\n\t\t\t\t\t\t<div class=\"elementor-container elementor-column-gap-default\">\n\t\t\t\t\t<div class=\"elementor-column elementor-col-50 elementor-top-column elementor-element elementor-element-a686104\" data-id=\"a686104\" data-element_type=\"column\">\n\t\t\t<div class=\"elementor-widget-wrap elementor-element-populated\">\n\t\t\t\t\t\t\t<\/div>\n\t\t<\/div>\n\t\t\t\t<div class=\"elementor-column elementor-col-50 elementor-top-column elementor-element elementor-element-535ec98 elementor-hidden-mobile\" data-id=\"535ec98\" data-element_type=\"column\">\n\t\t\t<div class=\"elementor-widget-wrap elementor-element-populated\">\n\t\t\t\t\t\t<div class=\"elementor-element elementor-element-87c5f65 elementor-align-right elementor-widget elementor-widget-breadcrumbs\" data-id=\"87c5f65\" data-element_type=\"widget\" data-widget_type=\"breadcrumbs.default\">\n\t\t\t\t<div class=\"elementor-widget-container\">\n\t\t\t\t\t<p id=\"breadcrumbs\"><span><span><a href=\"https:\/\/semicatchad.com\/en\/\">Home<\/a><\/span><\/span><\/p>\t\t\t\t<\/div>\n\t\t\t\t<\/div>\n\t\t\t\t\t<\/div>\n\t\t<\/div>\n\t\t\t\t\t<\/div>\n\t\t<\/section>\n\t\t\t\t<section data-particle_enable=\"false\" data-particle-mobile-disabled=\"false\" class=\"elementor-section elementor-top-section elementor-element elementor-element-6720989 elementor-section-boxed elementor-section-height-default elementor-section-height-default\" data-id=\"6720989\" data-element_type=\"section\">\n\t\t\t\t\t\t<div class=\"elementor-container elementor-column-gap-default\">\n\t\t\t\t\t<div class=\"elementor-column elementor-col-50 elementor-top-column elementor-element elementor-element-bdfa1f6\" data-id=\"bdfa1f6\" data-element_type=\"column\">\n\t\t\t<div class=\"elementor-widget-wrap elementor-element-populated\">\n\t\t\t\t\t\t<div class=\"elementor-element elementor-element-b5b7af9 elementor-widget elementor-widget-heading\" data-id=\"b5b7af9\" data-element_type=\"widget\" data-widget_type=\"heading.default\">\n\t\t\t\t<div class=\"elementor-widget-container\">\n\t\t\t\t\t<h2 class=\"elementor-heading-title elementor-size-default\">Energy <\/h2>\t\t\t\t<\/div>\n\t\t\t\t<\/div>\n\t\t\t\t<div class=\"elementor-element elementor-element-4c478cb elementor-widget elementor-widget-text-editor\" data-id=\"4c478cb\" data-element_type=\"widget\" data-widget_type=\"text-editor.default\">\n\t\t\t\t<div class=\"elementor-widget-container\">\n\t\t\t\t\t\t\t\t\t<p>The SEMICA TCHAD 2025 Oil Hub will highlight the challenges and opportunities facing the oil sector in Africa, with a particular focus on Chad's potential. This strategic hub will bring together government players, oil companies, investors and experts to discuss new trends, the challenges of exploration and exploitation, and strategies for optimising resources. The programme will include conferences, B2B meetings and presentations of innovative solutions, with the aim of fostering partnerships and stimulating the development of a key sector for the Chadian and regional economy.<\/p>\t\t\t\t\t\t\t\t<\/div>\n\t\t\t\t<\/div>\n\t\t\t\t\t<\/div>\n\t\t<\/div>\n\t\t\t\t<div class=\"elementor-column elementor-col-50 elementor-top-column elementor-element elementor-element-6be252d\" data-id=\"6be252d\" data-element_type=\"column\">\n\t\t\t<div class=\"elementor-widget-wrap elementor-element-populated\">\n\t\t\t\t\t\t<div class=\"elementor-element elementor-element-6446a3a elementor-widget elementor-widget-image\" data-id=\"6446a3a\" data-element_type=\"widget\" data-widget_type=\"image.default\">\n\t\t\t\t<div class=\"elementor-widget-container\">\n\t\t\t\t\t\t\t\t\t\t\t\t\t\t\t<img fetchpriority=\"high\" decoding=\"async\" width=\"800\" height=\"527\" src=\"https:\/\/semicatchad.com\/wp-content\/uploads\/2025\/02\/POLE-PETROLE-SEMICA-TCHAD-1024x675.jpg\" class=\"attachment-large size-large wp-image-1734\" alt=\"\" srcset=\"https:\/\/semicatchad.com\/wp-content\/uploads\/2025\/02\/POLE-PETROLE-SEMICA-TCHAD-1024x675.jpg 1024w, https:\/\/semicatchad.com\/wp-content\/uploads\/2025\/02\/POLE-PETROLE-SEMICA-TCHAD-300x198.jpg 300w, https:\/\/semicatchad.com\/wp-content\/uploads\/2025\/02\/POLE-PETROLE-SEMICA-TCHAD-768x506.jpg 768w, https:\/\/semicatchad.com\/wp-content\/uploads\/2025\/02\/POLE-PETROLE-SEMICA-TCHAD-18x12.jpg 18w, https:\/\/semicatchad.com\/wp-content\/uploads\/2025\/02\/POLE-PETROLE-SEMICA-TCHAD.jpg 1165w\" sizes=\"(max-width: 800px) 100vw, 800px\" \/>\t\t\t\t\t\t\t\t\t\t\t\t\t\t\t<\/div>\n\t\t\t\t<\/div>\n\t\t\t\t\t<\/div>\n\t\t<\/div>\n\t\t\t\t\t<\/div>\n\t\t<\/section>\n\t\t\t\t<\/div>","protected":false},"excerpt":{"rendered":"<p>L&rsquo;\u00e9nergie Le p\u00f4le P\u00e9trole du SEMICA TCHAD 2025 met en lumi\u00e8re les enjeux et opportunit\u00e9s du secteur p\u00e9trolier en Afrique, avec un focus particulier sur le potentiel du Tchad. Ce hub strat\u00e9gique r\u00e9unira acteurs gouvernementaux, compagnies p\u00e9troli\u00e8res, investisseurs et experts pour \u00e9changer sur les nouvelles tendances, les d\u00e9fis de l\u2019exploration et de l\u2019exploitation, ainsi que [&hellip;]<\/p>","protected":false},"author":1,"featured_media":0,"parent":709,"menu_order":0,"comment_status":"closed","ping_status":"closed","template":"","meta":{"footnotes":""},"class_list":["post-1066","page","type-page","status-publish","hentry"],"yoast_head":"<!-- This site is optimized with the Yoast SEO plugin v26.5 - https:\/\/yoast.com\/wordpress\/plugins\/seo\/ -->\n<title>P\u00e9trole - SEMICA TCHAD 2026<\/title>\n<meta name=\"description\" content=\"Explorez les enjeux et opportunit\u00e9s du secteur p\u00e9trolier au SEMICA TCHAD 2026. Participez aux conf\u00e9rences, \u00e9changes et rencontres strat\u00e9giques avec les acteurs cl\u00e9s de l\u2019industrie.\" \/>\n<meta name=\"robots\" content=\"index, follow, max-snippet:-1, max-image-preview:large, max-video-preview:-1\" \/>\n<link rel=\"canonical\" href=\"https:\/\/semicatchad.com\/en\/les-poles\/petrole\/\" \/>\n<meta property=\"og:locale\" content=\"en_GB\" \/>\n<meta property=\"og:type\" content=\"article\" \/>\n<meta property=\"og:title\" content=\"P\u00e9trole - SEMICA TCHAD 2026\" \/>\n<meta property=\"og:description\" content=\"Explorez les enjeux et opportunit\u00e9s du secteur p\u00e9trolier au SEMICA TCHAD 2026. Participez aux conf\u00e9rences, \u00e9changes et rencontres strat\u00e9giques avec les acteurs cl\u00e9s de l\u2019industrie.\" \/>\n<meta property=\"og:url\" content=\"https:\/\/semicatchad.com\/en\/les-poles\/petrole\/\" \/>\n<meta property=\"og:site_name\" content=\"SEMICA TCHAD 2026\" \/>\n<meta property=\"article:modified_time\" content=\"2025-11-10T16:58:30+00:00\" \/>\n<meta property=\"og:image\" content=\"https:\/\/semicatchad.com\/wp-content\/uploads\/2025\/02\/POLE-PETROLE-SEMICA-TCHAD-1024x675.jpg\" \/>\n<meta name=\"twitter:card\" content=\"summary_large_image\" \/>\n<meta name=\"twitter:label1\" content=\"Estimated reading time\" \/>\n\t<meta name=\"twitter:data1\" content=\"1 minute\" \/>\n<script type=\"application\/ld+json\" class=\"yoast-schema-graph\">{\"@context\":\"https:\/\/schema.org\",\"@graph\":[{\"@type\":\"WebPage\",\"@id\":\"https:\/\/semicatchad.com\/les-poles\/petrole\/\",\"url\":\"https:\/\/semicatchad.com\/les-poles\/petrole\/\",\"name\":\"P\u00e9trole - SEMICA TCHAD 2026\",\"isPartOf\":{\"@id\":\"https:\/\/semicatchad.com\/#website\"},\"primaryImageOfPage\":{\"@id\":\"https:\/\/semicatchad.com\/les-poles\/petrole\/#primaryimage\"},\"image\":{\"@id\":\"https:\/\/semicatchad.com\/les-poles\/petrole\/#primaryimage\"},\"thumbnailUrl\":\"https:\/\/semicatchad.com\/wp-content\/uploads\/2025\/02\/POLE-PETROLE-SEMICA-TCHAD-1024x675.jpg\",\"datePublished\":\"2023-03-05T19:36:33+00:00\",\"dateModified\":\"2025-11-10T16:58:30+00:00\",\"description\":\"Explorez les enjeux et opportunit\u00e9s du secteur p\u00e9trolier au SEMICA TCHAD 2026. Participez aux conf\u00e9rences, \u00e9changes et rencontres strat\u00e9giques avec les acteurs cl\u00e9s de l\u2019industrie.\",\"breadcrumb\":{\"@id\":\"https:\/\/semicatchad.com\/les-poles\/petrole\/#breadcrumb\"},\"inLanguage\":\"en-GB\",\"potentialAction\":[{\"@type\":\"ReadAction\",\"target\":[\"https:\/\/semicatchad.com\/les-poles\/petrole\/\"]}]},{\"@type\":\"ImageObject\",\"inLanguage\":\"en-GB\",\"@id\":\"https:\/\/semicatchad.com\/les-poles\/petrole\/#primaryimage\",\"url\":\"https:\/\/semicatchad.com\/wp-content\/uploads\/2025\/02\/POLE-PETROLE-SEMICA-TCHAD-1024x675.jpg\",\"contentUrl\":\"https:\/\/semicatchad.com\/wp-content\/uploads\/2025\/02\/POLE-PETROLE-SEMICA-TCHAD-1024x675.jpg\"},{\"@type\":\"BreadcrumbList\",\"@id\":\"https:\/\/semicatchad.com\/les-poles\/petrole\/#breadcrumb\",\"itemListElement\":[{\"@type\":\"ListItem\",\"position\":1,\"name\":\"Accueil\",\"item\":\"https:\/\/semicatchad.com\/\"},{\"@type\":\"ListItem\",\"position\":2,\"name\":\"Les p\u00f4les\",\"item\":\"https:\/\/semicatchad.com\/les-poles\/\"},{\"@type\":\"ListItem\",\"position\":3,\"name\":\"P\u00e9trole\"}]},{\"@type\":\"WebSite\",\"@id\":\"https:\/\/semicatchad.com\/#website\",\"url\":\"https:\/\/semicatchad.com\/\",\"name\":\"SEMICA TCHAD 2026\",\"description\":\"Salon International de l&#039;Energie, des Mines et des Hydrocarbures du 21 au 23 Janvier 2026, N&#039;Djam\u00e9na, Tchad\",\"publisher\":{\"@id\":\"https:\/\/semicatchad.com\/#organization\"},\"potentialAction\":[{\"@type\":\"SearchAction\",\"target\":{\"@type\":\"EntryPoint\",\"urlTemplate\":\"https:\/\/semicatchad.com\/?s={search_term_string}\"},\"query-input\":{\"@type\":\"PropertyValueSpecification\",\"valueRequired\":true,\"valueName\":\"search_term_string\"}}],\"inLanguage\":\"en-GB\"},{\"@type\":\"Organization\",\"@id\":\"https:\/\/semicatchad.com\/#organization\",\"name\":\"SEMICA TCHAD 2026\",\"url\":\"https:\/\/semicatchad.com\/\",\"logo\":{\"@type\":\"ImageObject\",\"inLanguage\":\"en-GB\",\"@id\":\"https:\/\/semicatchad.com\/#\/schema\/logo\/image\/\",\"url\":\"https:\/\/semicatchad.com\/wp-content\/uploads\/2023\/01\/Icon-site-semica-tchad_Plan-de-travail-1.png\",\"contentUrl\":\"https:\/\/semicatchad.com\/wp-content\/uploads\/2023\/01\/Icon-site-semica-tchad_Plan-de-travail-1.png\",\"width\":209,\"height\":209,\"caption\":\"SEMICA TCHAD 2026\"},\"image\":{\"@id\":\"https:\/\/semicatchad.com\/#\/schema\/logo\/image\/\"}}]}<\/script>\n<!-- \/ Yoast SEO plugin. -->","yoast_head_json":{"title":"P\u00e9trole - SEMICA TCHAD 2026","description":"Explorez les enjeux et opportunit\u00e9s du secteur p\u00e9trolier au SEMICA TCHAD 2026. Participez aux conf\u00e9rences, \u00e9changes et rencontres strat\u00e9giques avec les acteurs cl\u00e9s de l\u2019industrie.","robots":{"index":"index","follow":"follow","max-snippet":"max-snippet:-1","max-image-preview":"max-image-preview:large","max-video-preview":"max-video-preview:-1"},"canonical":"https:\/\/semicatchad.com\/en\/les-poles\/petrole\/","og_locale":"en_GB","og_type":"article","og_title":"P\u00e9trole - SEMICA TCHAD 2026","og_description":"Explorez les enjeux et opportunit\u00e9s du secteur p\u00e9trolier au SEMICA TCHAD 2026. Participez aux conf\u00e9rences, \u00e9changes et rencontres strat\u00e9giques avec les acteurs cl\u00e9s de l\u2019industrie.","og_url":"https:\/\/semicatchad.com\/en\/les-poles\/petrole\/","og_site_name":"SEMICA TCHAD 2026","article_modified_time":"2025-11-10T16:58:30+00:00","og_image":[{"url":"https:\/\/semicatchad.com\/wp-content\/uploads\/2025\/02\/POLE-PETROLE-SEMICA-TCHAD-1024x675.jpg","type":"","width":"","height":""}],"twitter_card":"summary_large_image","twitter_misc":{"Estimated reading time":"1 minute"},"schema":{"@context":"https:\/\/schema.org","@graph":[{"@type":"WebPage","@id":"https:\/\/semicatchad.com\/les-poles\/petrole\/","url":"https:\/\/semicatchad.com\/les-poles\/petrole\/","name":"P\u00e9trole - SEMICA TCHAD 2026","isPartOf":{"@id":"https:\/\/semicatchad.com\/#website"},"primaryImageOfPage":{"@id":"https:\/\/semicatchad.com\/les-poles\/petrole\/#primaryimage"},"image":{"@id":"https:\/\/semicatchad.com\/les-poles\/petrole\/#primaryimage"},"thumbnailUrl":"https:\/\/semicatchad.com\/wp-content\/uploads\/2025\/02\/POLE-PETROLE-SEMICA-TCHAD-1024x675.jpg","datePublished":"2023-03-05T19:36:33+00:00","dateModified":"2025-11-10T16:58:30+00:00","description":"Explorez les enjeux et opportunit\u00e9s du secteur p\u00e9trolier au SEMICA TCHAD 2026. Participez aux conf\u00e9rences, \u00e9changes et rencontres strat\u00e9giques avec les acteurs cl\u00e9s de l\u2019industrie.","breadcrumb":{"@id":"https:\/\/semicatchad.com\/les-poles\/petrole\/#breadcrumb"},"inLanguage":"en-GB","potentialAction":[{"@type":"ReadAction","target":["https:\/\/semicatchad.com\/les-poles\/petrole\/"]}]},{"@type":"ImageObject","inLanguage":"en-GB","@id":"https:\/\/semicatchad.com\/les-poles\/petrole\/#primaryimage","url":"https:\/\/semicatchad.com\/wp-content\/uploads\/2025\/02\/POLE-PETROLE-SEMICA-TCHAD-1024x675.jpg","contentUrl":"https:\/\/semicatchad.com\/wp-content\/uploads\/2025\/02\/POLE-PETROLE-SEMICA-TCHAD-1024x675.jpg"},{"@type":"BreadcrumbList","@id":"https:\/\/semicatchad.com\/les-poles\/petrole\/#breadcrumb","itemListElement":[{"@type":"ListItem","position":1,"name":"Accueil","item":"https:\/\/semicatchad.com\/"},{"@type":"ListItem","position":2,"name":"Les p\u00f4les","item":"https:\/\/semicatchad.com\/les-poles\/"},{"@type":"ListItem","position":3,"name":"P\u00e9trole"}]},{"@type":"WebSite","@id":"https:\/\/semicatchad.com\/#website","url":"https:\/\/semicatchad.com\/","name":"SEMICA TCHAD 2026","description":"Salon International de l&#039;Energie, des Mines et des Hydrocarbures du 21 au 23 Janvier 2026, N&#039;Djam\u00e9na, Tchad","publisher":{"@id":"https:\/\/semicatchad.com\/#organization"},"potentialAction":[{"@type":"SearchAction","target":{"@type":"EntryPoint","urlTemplate":"https:\/\/semicatchad.com\/?s={search_term_string}"},"query-input":{"@type":"PropertyValueSpecification","valueRequired":true,"valueName":"search_term_string"}}],"inLanguage":"en-GB"},{"@type":"Organization","@id":"https:\/\/semicatchad.com\/#organization","name":"SEMICA TCHAD 2026","url":"https:\/\/semicatchad.com\/","logo":{"@type":"ImageObject","inLanguage":"en-GB","@id":"https:\/\/semicatchad.com\/#\/schema\/logo\/image\/","url":"https:\/\/semicatchad.com\/wp-content\/uploads\/2023\/01\/Icon-site-semica-tchad_Plan-de-travail-1.png","contentUrl":"https:\/\/semicatchad.com\/wp-content\/uploads\/2023\/01\/Icon-site-semica-tchad_Plan-de-travail-1.png","width":209,"height":209,"caption":"SEMICA TCHAD 2026"},"image":{"@id":"https:\/\/semicatchad.com\/#\/schema\/logo\/image\/"}}]}},"_links":{"self":[{"href":"https:\/\/semicatchad.com\/en\/wp-json\/wp\/v2\/pages\/1066","targetHints":{"allow":["GET"]}}],"collection":[{"href":"https:\/\/semicatchad.com\/en\/wp-json\/wp\/v2\/pages"}],"about":[{"href":"https:\/\/semicatchad.com\/en\/wp-json\/wp\/v2\/types\/page"}],"author":[{"embeddable":true,"href":"https:\/\/semicatchad.com\/en\/wp-json\/wp\/v2\/users\/1"}],"replies":[{"embeddable":true,"href":"https:\/\/semicatchad.com\/en\/wp-json\/wp\/v2\/comments?post=1066"}],"version-history":[{"count":21,"href":"https:\/\/semicatchad.com\/en\/wp-json\/wp\/v2\/pages\/1066\/revisions"}],"predecessor-version":[{"id":1834,"href":"https:\/\/semicatchad.com\/en\/wp-json\/wp\/v2\/pages\/1066\/revisions\/1834"}],"up":[{"embeddable":true,"href":"https:\/\/semicatchad.com\/en\/wp-json\/wp\/v2\/pages\/709"}],"wp:attachment":[{"href":"https:\/\/semicatchad.com\/en\/wp-json\/wp\/v2\/media?parent=1066"}],"curies":[{"name":"wp","href":"https:\/\/api.w.org\/{rel}","templated":true}]}}