{"id":1076,"date":"2023-03-05T20:40:45","date_gmt":"2023-03-05T19:40:45","guid":{"rendered":"https:\/\/semicatchad.com\/?page_id=1076"},"modified":"2025-02-08T11:07:12","modified_gmt":"2025-02-08T10:07:12","slug":"les-carrieres","status":"publish","type":"page","link":"https:\/\/semicatchad.com\/en\/les-poles\/les-carrieres\/","title":{"rendered":"The qaurry"},"content":{"rendered":"<div data-elementor-type=\"wp-page\" data-elementor-id=\"1076\" class=\"elementor elementor-1076\" data-elementor-post-type=\"page\">\n\t\t\t\t\t\t<section data-particle_enable=\"false\" data-particle-mobile-disabled=\"false\" class=\"elementor-section elementor-top-section elementor-element elementor-element-4ecdd3f elementor-section-boxed elementor-section-height-default elementor-section-height-default\" data-id=\"4ecdd3f\" data-element_type=\"section\" data-settings=\"{&quot;background_background&quot;:&quot;classic&quot;}\">\n\t\t\t\t\t\t<div class=\"elementor-container elementor-column-gap-default\">\n\t\t\t\t\t<div class=\"elementor-column elementor-col-50 elementor-top-column elementor-element elementor-element-a686104\" data-id=\"a686104\" data-element_type=\"column\">\n\t\t\t<div class=\"elementor-widget-wrap elementor-element-populated\">\n\t\t\t\t\t\t<div class=\"elementor-element elementor-element-4862306 elementor-widget elementor-widget-heading\" data-id=\"4862306\" data-element_type=\"widget\" data-widget_type=\"heading.default\">\n\t\t\t\t<div class=\"elementor-widget-container\">\n\t\t\t\t\t<h2 class=\"elementor-heading-title elementor-size-default\">The qaurry<\/h2>\t\t\t\t<\/div>\n\t\t\t\t<\/div>\n\t\t\t\t\t<\/div>\n\t\t<\/div>\n\t\t\t\t<div class=\"elementor-column elementor-col-50 elementor-top-column elementor-element elementor-element-535ec98 elementor-hidden-mobile\" data-id=\"535ec98\" data-element_type=\"column\">\n\t\t\t<div class=\"elementor-widget-wrap elementor-element-populated\">\n\t\t\t\t\t\t<div class=\"elementor-element elementor-element-87c5f65 elementor-align-right elementor-widget elementor-widget-breadcrumbs\" data-id=\"87c5f65\" data-element_type=\"widget\" data-widget_type=\"breadcrumbs.default\">\n\t\t\t\t<div class=\"elementor-widget-container\">\n\t\t\t\t\t<p id=\"breadcrumbs\"><span><span><a href=\"https:\/\/semicatchad.com\/en\/\">Home<\/a><\/span><\/span><\/p>\t\t\t\t<\/div>\n\t\t\t\t<\/div>\n\t\t\t\t\t<\/div>\n\t\t<\/div>\n\t\t\t\t\t<\/div>\n\t\t<\/section>\n\t\t\t\t<section data-particle_enable=\"false\" data-particle-mobile-disabled=\"false\" class=\"elementor-section elementor-top-section elementor-element elementor-element-6720989 elementor-section-boxed elementor-section-height-default elementor-section-height-default\" data-id=\"6720989\" data-element_type=\"section\">\n\t\t\t\t\t\t<div class=\"elementor-container elementor-column-gap-default\">\n\t\t\t\t\t<div class=\"elementor-column elementor-col-50 elementor-top-column elementor-element elementor-element-bdfa1f6\" data-id=\"bdfa1f6\" data-element_type=\"column\">\n\t\t\t<div class=\"elementor-widget-wrap elementor-element-populated\">\n\t\t\t\t\t\t<div class=\"elementor-element elementor-element-b5b7af9 elementor-widget elementor-widget-heading\" data-id=\"b5b7af9\" data-element_type=\"widget\" data-widget_type=\"heading.default\">\n\t\t\t\t<div class=\"elementor-widget-container\">\n\t\t\t\t\t<h2 class=\"elementor-heading-title elementor-size-default\">The qaurry<\/h2>\t\t\t\t<\/div>\n\t\t\t\t<\/div>\n\t\t\t\t<div class=\"elementor-element elementor-element-4c478cb elementor-widget elementor-widget-text-editor\" data-id=\"4c478cb\" data-element_type=\"widget\" data-widget_type=\"text-editor.default\">\n\t\t\t\t<div class=\"elementor-widget-container\">\n\t\t\t\t\t\t\t\t\t<p>Quarries are a key business sector of the mining industry in Africa. They are essential for the construction and development of infrastructure, as well as for the manufacture of products such as concrete, asphalt, building materials and chemicals. Quarries are also important for the extraction of precious stones, industrial minerals and non-ferrous metals.<\/p>\t\t\t\t\t\t\t\t<\/div>\n\t\t\t\t<\/div>\n\t\t\t\t\t<\/div>\n\t\t<\/div>\n\t\t\t\t<div class=\"elementor-column elementor-col-50 elementor-top-column elementor-element elementor-element-6be252d\" data-id=\"6be252d\" data-element_type=\"column\">\n\t\t\t<div class=\"elementor-widget-wrap elementor-element-populated\">\n\t\t\t\t\t\t<div class=\"elementor-element elementor-element-6446a3a elementor-widget elementor-widget-image\" data-id=\"6446a3a\" data-element_type=\"widget\" data-widget_type=\"image.default\">\n\t\t\t\t<div class=\"elementor-widget-container\">\n\t\t\t\t\t\t\t\t\t\t\t\t\t\t\t<img fetchpriority=\"high\" decoding=\"async\" width=\"563\" height=\"375\" src=\"https:\/\/semicatchad.com\/wp-content\/uploads\/2023\/04\/high-angle-shot-lake-quarry.jpg\" class=\"attachment-large size-large wp-image-1358\" alt=\"\" srcset=\"https:\/\/semicatchad.com\/wp-content\/uploads\/2023\/04\/high-angle-shot-lake-quarry.jpg 563w, https:\/\/semicatchad.com\/wp-content\/uploads\/2023\/04\/high-angle-shot-lake-quarry-300x200.jpg 300w, https:\/\/semicatchad.com\/wp-content\/uploads\/2023\/04\/high-angle-shot-lake-quarry-18x12.jpg 18w\" sizes=\"(max-width: 563px) 100vw, 563px\" \/>\t\t\t\t\t\t\t\t\t\t\t\t\t\t\t<\/div>\n\t\t\t\t<\/div>\n\t\t\t\t\t<\/div>\n\t\t<\/div>\n\t\t\t\t\t<\/div>\n\t\t<\/section>\n\t\t\t\t<\/div>","protected":false},"excerpt":{"rendered":"<p>Les carri\u00e8res Les carri\u00e8res Les carri\u00e8res sont un secteur d&rsquo;activit\u00e9 cl\u00e9 de l&rsquo;industrie mini\u00e8re en Afrique. Elles sont essentielles pour la construction et le d\u00e9veloppement des infrastructures, ainsi que pour la fabrication de produits tels que le b\u00e9ton, l&rsquo;asphalte, les mat\u00e9riaux de construction et les produits chimiques. Les carri\u00e8res sont \u00e9galement importantes pour l&rsquo;extraction de [&hellip;]<\/p>","protected":false},"author":1,"featured_media":0,"parent":709,"menu_order":0,"comment_status":"closed","ping_status":"closed","template":"","meta":{"footnotes":""},"class_list":["post-1076","page","type-page","status-publish","hentry"],"yoast_head":"<!-- This site is optimized with the Yoast SEO plugin v26.5 - https:\/\/yoast.com\/wordpress\/plugins\/seo\/ -->\n<title>Les carri\u00e8res - SEMICA TCHAD 2026<\/title>\n<meta name=\"description\" content=\"Explorez les innovations, d\u00e9fis et opportunit\u00e9s du secteur, et rencontrez les acteurs cl\u00e9s du d\u00e9veloppement des carri\u00e8res en Afrique.\" \/>\n<meta name=\"robots\" content=\"index, follow, max-snippet:-1, max-image-preview:large, max-video-preview:-1\" \/>\n<link rel=\"canonical\" href=\"https:\/\/semicatchad.com\/en\/les-poles\/les-carrieres\/\" \/>\n<meta property=\"og:locale\" content=\"en_GB\" \/>\n<meta property=\"og:type\" content=\"article\" \/>\n<meta property=\"og:title\" content=\"Les carri\u00e8res - SEMICA TCHAD 2026\" \/>\n<meta property=\"og:description\" content=\"Explorez les innovations, d\u00e9fis et opportunit\u00e9s du secteur, et rencontrez les acteurs cl\u00e9s du d\u00e9veloppement des carri\u00e8res en Afrique.\" \/>\n<meta property=\"og:url\" content=\"https:\/\/semicatchad.com\/en\/les-poles\/les-carrieres\/\" \/>\n<meta property=\"og:site_name\" content=\"SEMICA TCHAD 2026\" \/>\n<meta property=\"article:modified_time\" content=\"2025-02-08T10:07:12+00:00\" \/>\n<meta property=\"og:image\" content=\"https:\/\/semicatchad.com\/wp-content\/uploads\/2025\/02\/Semica-Tchad_Plan-de-travail-1.jpg\" \/>\n\t<meta property=\"og:image:width\" content=\"1366\" \/>\n\t<meta property=\"og:image:height\" content=\"768\" \/>\n\t<meta property=\"og:image:type\" content=\"image\/jpeg\" \/>\n<meta name=\"twitter:card\" content=\"summary_large_image\" \/>\n<meta name=\"twitter:label1\" content=\"Estimated reading time\" \/>\n\t<meta name=\"twitter:data1\" content=\"1 minute\" \/>\n<script type=\"application\/ld+json\" class=\"yoast-schema-graph\">{\"@context\":\"https:\/\/schema.org\",\"@graph\":[{\"@type\":\"WebPage\",\"@id\":\"https:\/\/semicatchad.com\/les-poles\/les-carrieres\/\",\"url\":\"https:\/\/semicatchad.com\/les-poles\/les-carrieres\/\",\"name\":\"Les carri\u00e8res - SEMICA TCHAD 2026\",\"isPartOf\":{\"@id\":\"https:\/\/semicatchad.com\/#website\"},\"primaryImageOfPage\":{\"@id\":\"https:\/\/semicatchad.com\/les-poles\/les-carrieres\/#primaryimage\"},\"image\":{\"@id\":\"https:\/\/semicatchad.com\/les-poles\/les-carrieres\/#primaryimage\"},\"thumbnailUrl\":\"https:\/\/semicatchad.com\/wp-content\/uploads\/2023\/04\/high-angle-shot-lake-quarry.jpg\",\"datePublished\":\"2023-03-05T19:40:45+00:00\",\"dateModified\":\"2025-02-08T10:07:12+00:00\",\"description\":\"Explorez les innovations, d\u00e9fis et opportunit\u00e9s du secteur, et rencontrez les acteurs cl\u00e9s du d\u00e9veloppement des carri\u00e8res en Afrique.\",\"breadcrumb\":{\"@id\":\"https:\/\/semicatchad.com\/les-poles\/les-carrieres\/#breadcrumb\"},\"inLanguage\":\"en-GB\",\"potentialAction\":[{\"@type\":\"ReadAction\",\"target\":[\"https:\/\/semicatchad.com\/les-poles\/les-carrieres\/\"]}]},{\"@type\":\"ImageObject\",\"inLanguage\":\"en-GB\",\"@id\":\"https:\/\/semicatchad.com\/les-poles\/les-carrieres\/#primaryimage\",\"url\":\"https:\/\/semicatchad.com\/wp-content\/uploads\/2023\/04\/high-angle-shot-lake-quarry.jpg\",\"contentUrl\":\"https:\/\/semicatchad.com\/wp-content\/uploads\/2023\/04\/high-angle-shot-lake-quarry.jpg\"},{\"@type\":\"BreadcrumbList\",\"@id\":\"https:\/\/semicatchad.com\/les-poles\/les-carrieres\/#breadcrumb\",\"itemListElement\":[{\"@type\":\"ListItem\",\"position\":1,\"name\":\"Accueil\",\"item\":\"https:\/\/semicatchad.com\/\"},{\"@type\":\"ListItem\",\"position\":2,\"name\":\"Les p\u00f4les\",\"item\":\"https:\/\/semicatchad.com\/les-poles\/\"},{\"@type\":\"ListItem\",\"position\":3,\"name\":\"Les carri\u00e8res\"}]},{\"@type\":\"WebSite\",\"@id\":\"https:\/\/semicatchad.com\/#website\",\"url\":\"https:\/\/semicatchad.com\/\",\"name\":\"SEMICA TCHAD 2026\",\"description\":\"Salon International de l&#039;Energie, des Mines et des Hydrocarbures du 21 au 23 Janvier 2026, N&#039;Djam\u00e9na, Tchad\",\"publisher\":{\"@id\":\"https:\/\/semicatchad.com\/#organization\"},\"potentialAction\":[{\"@type\":\"SearchAction\",\"target\":{\"@type\":\"EntryPoint\",\"urlTemplate\":\"https:\/\/semicatchad.com\/?s={search_term_string}\"},\"query-input\":{\"@type\":\"PropertyValueSpecification\",\"valueRequired\":true,\"valueName\":\"search_term_string\"}}],\"inLanguage\":\"en-GB\"},{\"@type\":\"Organization\",\"@id\":\"https:\/\/semicatchad.com\/#organization\",\"name\":\"SEMICA TCHAD 2026\",\"url\":\"https:\/\/semicatchad.com\/\",\"logo\":{\"@type\":\"ImageObject\",\"inLanguage\":\"en-GB\",\"@id\":\"https:\/\/semicatchad.com\/#\/schema\/logo\/image\/\",\"url\":\"https:\/\/semicatchad.com\/wp-content\/uploads\/2023\/01\/Icon-site-semica-tchad_Plan-de-travail-1.png\",\"contentUrl\":\"https:\/\/semicatchad.com\/wp-content\/uploads\/2023\/01\/Icon-site-semica-tchad_Plan-de-travail-1.png\",\"width\":209,\"height\":209,\"caption\":\"SEMICA TCHAD 2026\"},\"image\":{\"@id\":\"https:\/\/semicatchad.com\/#\/schema\/logo\/image\/\"}}]}<\/script>\n<!-- \/ Yoast SEO plugin. -->","yoast_head_json":{"title":"Les carri\u00e8res - SEMICA TCHAD 2026","description":"Explorez les innovations, d\u00e9fis et opportunit\u00e9s du secteur, et rencontrez les acteurs cl\u00e9s du d\u00e9veloppement des carri\u00e8res en Afrique.","robots":{"index":"index","follow":"follow","max-snippet":"max-snippet:-1","max-image-preview":"max-image-preview:large","max-video-preview":"max-video-preview:-1"},"canonical":"https:\/\/semicatchad.com\/en\/les-poles\/les-carrieres\/","og_locale":"en_GB","og_type":"article","og_title":"Les carri\u00e8res - SEMICA TCHAD 2026","og_description":"Explorez les innovations, d\u00e9fis et opportunit\u00e9s du secteur, et rencontrez les acteurs cl\u00e9s du d\u00e9veloppement des carri\u00e8res en Afrique.","og_url":"https:\/\/semicatchad.com\/en\/les-poles\/les-carrieres\/","og_site_name":"SEMICA TCHAD 2026","article_modified_time":"2025-02-08T10:07:12+00:00","og_image":[{"width":1366,"height":768,"url":"https:\/\/semicatchad.com\/wp-content\/uploads\/2025\/02\/Semica-Tchad_Plan-de-travail-1.jpg","type":"image\/jpeg"}],"twitter_card":"summary_large_image","twitter_misc":{"Estimated reading time":"1 minute"},"schema":{"@context":"https:\/\/schema.org","@graph":[{"@type":"WebPage","@id":"https:\/\/semicatchad.com\/les-poles\/les-carrieres\/","url":"https:\/\/semicatchad.com\/les-poles\/les-carrieres\/","name":"Les carri\u00e8res - SEMICA TCHAD 2026","isPartOf":{"@id":"https:\/\/semicatchad.com\/#website"},"primaryImageOfPage":{"@id":"https:\/\/semicatchad.com\/les-poles\/les-carrieres\/#primaryimage"},"image":{"@id":"https:\/\/semicatchad.com\/les-poles\/les-carrieres\/#primaryimage"},"thumbnailUrl":"https:\/\/semicatchad.com\/wp-content\/uploads\/2023\/04\/high-angle-shot-lake-quarry.jpg","datePublished":"2023-03-05T19:40:45+00:00","dateModified":"2025-02-08T10:07:12+00:00","description":"Explorez les innovations, d\u00e9fis et opportunit\u00e9s du secteur, et rencontrez les acteurs cl\u00e9s du d\u00e9veloppement des carri\u00e8res en Afrique.","breadcrumb":{"@id":"https:\/\/semicatchad.com\/les-poles\/les-carrieres\/#breadcrumb"},"inLanguage":"en-GB","potentialAction":[{"@type":"ReadAction","target":["https:\/\/semicatchad.com\/les-poles\/les-carrieres\/"]}]},{"@type":"ImageObject","inLanguage":"en-GB","@id":"https:\/\/semicatchad.com\/les-poles\/les-carrieres\/#primaryimage","url":"https:\/\/semicatchad.com\/wp-content\/uploads\/2023\/04\/high-angle-shot-lake-quarry.jpg","contentUrl":"https:\/\/semicatchad.com\/wp-content\/uploads\/2023\/04\/high-angle-shot-lake-quarry.jpg"},{"@type":"BreadcrumbList","@id":"https:\/\/semicatchad.com\/les-poles\/les-carrieres\/#breadcrumb","itemListElement":[{"@type":"ListItem","position":1,"name":"Accueil","item":"https:\/\/semicatchad.com\/"},{"@type":"ListItem","position":2,"name":"Les p\u00f4les","item":"https:\/\/semicatchad.com\/les-poles\/"},{"@type":"ListItem","position":3,"name":"Les carri\u00e8res"}]},{"@type":"WebSite","@id":"https:\/\/semicatchad.com\/#website","url":"https:\/\/semicatchad.com\/","name":"SEMICA TCHAD 2026","description":"Salon International de l&#039;Energie, des Mines et des Hydrocarbures du 21 au 23 Janvier 2026, N&#039;Djam\u00e9na, Tchad","publisher":{"@id":"https:\/\/semicatchad.com\/#organization"},"potentialAction":[{"@type":"SearchAction","target":{"@type":"EntryPoint","urlTemplate":"https:\/\/semicatchad.com\/?s={search_term_string}"},"query-input":{"@type":"PropertyValueSpecification","valueRequired":true,"valueName":"search_term_string"}}],"inLanguage":"en-GB"},{"@type":"Organization","@id":"https:\/\/semicatchad.com\/#organization","name":"SEMICA TCHAD 2026","url":"https:\/\/semicatchad.com\/","logo":{"@type":"ImageObject","inLanguage":"en-GB","@id":"https:\/\/semicatchad.com\/#\/schema\/logo\/image\/","url":"https:\/\/semicatchad.com\/wp-content\/uploads\/2023\/01\/Icon-site-semica-tchad_Plan-de-travail-1.png","contentUrl":"https:\/\/semicatchad.com\/wp-content\/uploads\/2023\/01\/Icon-site-semica-tchad_Plan-de-travail-1.png","width":209,"height":209,"caption":"SEMICA TCHAD 2026"},"image":{"@id":"https:\/\/semicatchad.com\/#\/schema\/logo\/image\/"}}]}},"_links":{"self":[{"href":"https:\/\/semicatchad.com\/en\/wp-json\/wp\/v2\/pages\/1076","targetHints":{"allow":["GET"]}}],"collection":[{"href":"https:\/\/semicatchad.com\/en\/wp-json\/wp\/v2\/pages"}],"about":[{"href":"https:\/\/semicatchad.com\/en\/wp-json\/wp\/v2\/types\/page"}],"author":[{"embeddable":true,"href":"https:\/\/semicatchad.com\/en\/wp-json\/wp\/v2\/users\/1"}],"replies":[{"embeddable":true,"href":"https:\/\/semicatchad.com\/en\/wp-json\/wp\/v2\/comments?post=1076"}],"version-history":[{"count":11,"href":"https:\/\/semicatchad.com\/en\/wp-json\/wp\/v2\/pages\/1076\/revisions"}],"predecessor-version":[{"id":1614,"href":"https:\/\/semicatchad.com\/en\/wp-json\/wp\/v2\/pages\/1076\/revisions\/1614"}],"up":[{"embeddable":true,"href":"https:\/\/semicatchad.com\/en\/wp-json\/wp\/v2\/pages\/709"}],"wp:attachment":[{"href":"https:\/\/semicatchad.com\/en\/wp-json\/wp\/v2\/media?parent=1076"}],"curies":[{"name":"wp","href":"https:\/\/api.w.org\/{rel}","templated":true}]}}