{"id":1696,"date":"2025-02-06T06:30:47","date_gmt":"2025-02-06T05:30:47","guid":{"rendered":"https:\/\/semicatchad.com\/?page_id=1696"},"modified":"2025-11-10T22:37:04","modified_gmt":"2025-11-10T21:37:04","slug":"politique-dutilisation-des-donnees","status":"publish","type":"page","link":"https:\/\/semicatchad.com\/en\/politique-dutilisation-des-donnees\/","title":{"rendered":"Data use policy"},"content":{"rendered":"<div data-elementor-type=\"wp-page\" data-elementor-id=\"1696\" class=\"elementor elementor-1696\" data-elementor-post-type=\"page\">\n\t\t\t\t\t\t<section data-particle_enable=\"false\" data-particle-mobile-disabled=\"false\" class=\"elementor-section elementor-top-section elementor-element elementor-element-4ecdd3f elementor-section-boxed elementor-section-height-default elementor-section-height-default\" data-id=\"4ecdd3f\" data-element_type=\"section\" data-settings=\"{&quot;background_background&quot;:&quot;classic&quot;}\">\n\t\t\t\t\t\t<div class=\"elementor-container elementor-column-gap-default\">\n\t\t\t\t\t<div class=\"elementor-column elementor-col-50 elementor-top-column elementor-element elementor-element-a686104\" data-id=\"a686104\" data-element_type=\"column\">\n\t\t\t<div class=\"elementor-widget-wrap elementor-element-populated\">\n\t\t\t\t\t\t\t<\/div>\n\t\t<\/div>\n\t\t\t\t<div class=\"elementor-column elementor-col-50 elementor-top-column elementor-element elementor-element-535ec98 elementor-hidden-mobile\" data-id=\"535ec98\" data-element_type=\"column\">\n\t\t\t<div class=\"elementor-widget-wrap elementor-element-populated\">\n\t\t\t\t\t\t<div class=\"elementor-element elementor-element-87c5f65 elementor-align-right elementor-widget elementor-widget-breadcrumbs\" data-id=\"87c5f65\" data-element_type=\"widget\" data-widget_type=\"breadcrumbs.default\">\n\t\t\t\t<div class=\"elementor-widget-container\">\n\t\t\t\t\t<p id=\"breadcrumbs\"><span><span><a href=\"https:\/\/semicatchad.com\/en\/\">Home<\/a><\/span><\/span><\/p>\t\t\t\t<\/div>\n\t\t\t\t<\/div>\n\t\t\t\t\t<\/div>\n\t\t<\/div>\n\t\t\t\t\t<\/div>\n\t\t<\/section>\n\t\t\t\t<section data-particle_enable=\"false\" data-particle-mobile-disabled=\"false\" class=\"elementor-section elementor-top-section elementor-element elementor-element-78aa671 elementor-section-boxed elementor-section-height-default elementor-section-height-default\" data-id=\"78aa671\" data-element_type=\"section\">\n\t\t\t\t\t\t<div class=\"elementor-container elementor-column-gap-default\">\n\t\t\t\t\t<div class=\"elementor-column elementor-col-100 elementor-top-column elementor-element elementor-element-fdb577e\" data-id=\"fdb577e\" data-element_type=\"column\">\n\t\t\t<div class=\"elementor-widget-wrap elementor-element-populated\">\n\t\t\t\t\t\t<section data-particle_enable=\"false\" data-particle-mobile-disabled=\"false\" class=\"elementor-section elementor-inner-section elementor-element elementor-element-831bb1e elementor-section-boxed elementor-section-height-default elementor-section-height-default\" data-id=\"831bb1e\" data-element_type=\"section\">\n\t\t\t\t\t\t<div class=\"elementor-container elementor-column-gap-default\">\n\t\t\t\t\t<div class=\"elementor-column elementor-col-50 elementor-inner-column elementor-element elementor-element-ce054ec\" data-id=\"ce054ec\" data-element_type=\"column\">\n\t\t\t<div class=\"elementor-widget-wrap elementor-element-populated\">\n\t\t\t\t\t\t<div class=\"elementor-element elementor-element-66e46d9 elementor-widget elementor-widget-heading\" data-id=\"66e46d9\" data-element_type=\"widget\" data-widget_type=\"heading.default\">\n\t\t\t\t<div class=\"elementor-widget-container\">\n\t\t\t\t\t<h2 class=\"elementor-heading-title elementor-size-default\">Introduction<\/h2>\t\t\t\t<\/div>\n\t\t\t\t<\/div>\n\t\t\t\t\t<\/div>\n\t\t<\/div>\n\t\t\t\t<div class=\"elementor-column elementor-col-50 elementor-inner-column elementor-element elementor-element-6709db3\" data-id=\"6709db3\" data-element_type=\"column\">\n\t\t\t<div class=\"elementor-widget-wrap elementor-element-populated\">\n\t\t\t\t\t\t<div class=\"elementor-element elementor-element-690fe54 elementor-widget elementor-widget-text-editor\" data-id=\"690fe54\" data-element_type=\"widget\" data-widget_type=\"text-editor.default\">\n\t\t\t\t<div class=\"elementor-widget-container\">\n\t\t\t\t\t\t\t\t\t<p>Dans le cadre de l\u2019organisation du SEMICA TCHAD 2026 et d\u2019autres \u00e9v\u00e9nements connexes, le cabinet SEMICA collecte et utilise certaines donn\u00e9es personnelles. Cette politique explique comment nous g\u00e9rons et utilisons ces donn\u00e9es pour am\u00e9liorer votre exp\u00e9rience et garantir le bon d\u00e9roulement de nos \u00e9v\u00e9nements.<\/p>\t\t\t\t\t\t\t\t<\/div>\n\t\t\t\t<\/div>\n\t\t\t\t\t<\/div>\n\t\t<\/div>\n\t\t\t\t\t<\/div>\n\t\t<\/section>\n\t\t\t\t<section data-particle_enable=\"false\" data-particle-mobile-disabled=\"false\" class=\"elementor-section elementor-inner-section elementor-element elementor-element-83ec250 elementor-section-boxed elementor-section-height-default elementor-section-height-default\" data-id=\"83ec250\" data-element_type=\"section\">\n\t\t\t\t\t\t<div class=\"elementor-container elementor-column-gap-default\">\n\t\t\t\t\t<div class=\"elementor-column elementor-col-50 elementor-inner-column elementor-element elementor-element-a0f7774\" data-id=\"a0f7774\" data-element_type=\"column\">\n\t\t\t<div class=\"elementor-widget-wrap elementor-element-populated\">\n\t\t\t\t\t\t<div class=\"elementor-element elementor-element-1a92ea7 elementor-widget elementor-widget-heading\" data-id=\"1a92ea7\" data-element_type=\"widget\" data-widget_type=\"heading.default\">\n\t\t\t\t<div class=\"elementor-widget-container\">\n\t\t\t\t\t<h2 class=\"elementor-heading-title elementor-size-default\">Utilisation des Donn\u00e9es\n<\/h2>\t\t\t\t<\/div>\n\t\t\t\t<\/div>\n\t\t\t\t\t<\/div>\n\t\t<\/div>\n\t\t\t\t<div class=\"elementor-column elementor-col-50 elementor-inner-column elementor-element elementor-element-e28eb8b\" data-id=\"e28eb8b\" data-element_type=\"column\">\n\t\t\t<div class=\"elementor-widget-wrap elementor-element-populated\">\n\t\t\t\t\t\t<div class=\"elementor-element elementor-element-1714d5d elementor-widget elementor-widget-text-editor\" data-id=\"1714d5d\" data-element_type=\"widget\" data-widget_type=\"text-editor.default\">\n\t\t\t\t<div class=\"elementor-widget-container\">\n\t\t\t\t\t\t\t\t\t<p>Les donn\u00e9es que nous recueillons \u00e0 travers les formulaires d\u2019inscription (Sponsor, D\u00e9l\u00e9gu\u00e9, Exposant) et les abonnements aux newsletters sont strictement utilis\u00e9es pour :<\/p><ul><li><strong>Communications Marketing<\/strong>\u00a0: Envoi d\u2019informations sur les \u00e9v\u00e9nements \u00e0 venir, offres sp\u00e9ciales, et autres communications promotionnelles pertinentes.<\/li><li><strong>Gestion des Participants<\/strong>\u00a0: Organisation logistique des \u00e9v\u00e9nements, gestion des inscriptions, et communication d\u2019informations pratiques aux participants.<\/li><\/ul>\t\t\t\t\t\t\t\t<\/div>\n\t\t\t\t<\/div>\n\t\t\t\t\t<\/div>\n\t\t<\/div>\n\t\t\t\t\t<\/div>\n\t\t<\/section>\n\t\t\t\t<section data-particle_enable=\"false\" data-particle-mobile-disabled=\"false\" class=\"elementor-section elementor-inner-section elementor-element elementor-element-60f3c03 elementor-section-boxed elementor-section-height-default elementor-section-height-default\" data-id=\"60f3c03\" data-element_type=\"section\">\n\t\t\t\t\t\t<div class=\"elementor-container elementor-column-gap-default\">\n\t\t\t\t\t<div class=\"elementor-column elementor-col-50 elementor-inner-column elementor-element elementor-element-0965e2c\" data-id=\"0965e2c\" data-element_type=\"column\">\n\t\t\t<div class=\"elementor-widget-wrap elementor-element-populated\">\n\t\t\t\t\t\t<div class=\"elementor-element elementor-element-4b8dcc4 elementor-widget elementor-widget-heading\" data-id=\"4b8dcc4\" data-element_type=\"widget\" data-widget_type=\"heading.default\">\n\t\t\t\t<div class=\"elementor-widget-container\">\n\t\t\t\t\t<h2 class=\"elementor-heading-title elementor-size-default\">Conservation des Donn\u00e9es\n<\/h2>\t\t\t\t<\/div>\n\t\t\t\t<\/div>\n\t\t\t\t\t<\/div>\n\t\t<\/div>\n\t\t\t\t<div class=\"elementor-column elementor-col-50 elementor-inner-column elementor-element elementor-element-256dcec\" data-id=\"256dcec\" data-element_type=\"column\">\n\t\t\t<div class=\"elementor-widget-wrap elementor-element-populated\">\n\t\t\t\t\t\t<div class=\"elementor-element elementor-element-99d02be elementor-widget elementor-widget-text-editor\" data-id=\"99d02be\" data-element_type=\"widget\" data-widget_type=\"text-editor.default\">\n\t\t\t\t<div class=\"elementor-widget-container\">\n\t\t\t\t\t\t\t\t\tLes donn\u00e9es personnelles sont conserv\u00e9es aussi longtemps que n\u00e9cessaire pour atteindre les objectifs pour lesquels elles ont \u00e9t\u00e9 collect\u00e9es, ou conform\u00e9ment aux exigences l\u00e9gales en vigueur.\t\t\t\t\t\t\t\t<\/div>\n\t\t\t\t<\/div>\n\t\t\t\t\t<\/div>\n\t\t<\/div>\n\t\t\t\t\t<\/div>\n\t\t<\/section>\n\t\t\t\t<section data-particle_enable=\"false\" data-particle-mobile-disabled=\"false\" class=\"elementor-section elementor-inner-section elementor-element elementor-element-e1713d6 elementor-section-boxed elementor-section-height-default elementor-section-height-default\" data-id=\"e1713d6\" data-element_type=\"section\">\n\t\t\t\t\t\t<div class=\"elementor-container elementor-column-gap-default\">\n\t\t\t\t\t<div class=\"elementor-column elementor-col-50 elementor-inner-column elementor-element elementor-element-32fe13f\" data-id=\"32fe13f\" data-element_type=\"column\">\n\t\t\t<div class=\"elementor-widget-wrap elementor-element-populated\">\n\t\t\t\t\t\t<div class=\"elementor-element elementor-element-cb1f943 elementor-widget elementor-widget-heading\" data-id=\"cb1f943\" data-element_type=\"widget\" data-widget_type=\"heading.default\">\n\t\t\t\t<div class=\"elementor-widget-container\">\n\t\t\t\t\t<h2 class=\"elementor-heading-title elementor-size-default\">Confidentialit\u00e9 et Partage des Donn\u00e9es\n<\/h2>\t\t\t\t<\/div>\n\t\t\t\t<\/div>\n\t\t\t\t\t<\/div>\n\t\t<\/div>\n\t\t\t\t<div class=\"elementor-column elementor-col-50 elementor-inner-column elementor-element elementor-element-5e339d4\" data-id=\"5e339d4\" data-element_type=\"column\">\n\t\t\t<div class=\"elementor-widget-wrap elementor-element-populated\">\n\t\t\t\t\t\t<div class=\"elementor-element elementor-element-c9dc7ab elementor-widget elementor-widget-text-editor\" data-id=\"c9dc7ab\" data-element_type=\"widget\" data-widget_type=\"text-editor.default\">\n\t\t\t\t<div class=\"elementor-widget-container\">\n\t\t\t\t\t\t\t\t\tSEMICA s\u2019engage \u00e0 ne pas partager vos donn\u00e9es avec des tiers sans votre accord, sauf dans le cadre de partenariats sp\u00e9cifiques li\u00e9s \u00e0 l\u2019organisation des \u00e9v\u00e9nements ou si la loi l\u2019exige.\n\n\t\t\t\t\t\t\t\t<\/div>\n\t\t\t\t<\/div>\n\t\t\t\t\t<\/div>\n\t\t<\/div>\n\t\t\t\t\t<\/div>\n\t\t<\/section>\n\t\t\t\t<section data-particle_enable=\"false\" data-particle-mobile-disabled=\"false\" class=\"elementor-section elementor-inner-section elementor-element elementor-element-652f407 elementor-section-boxed elementor-section-height-default elementor-section-height-default\" data-id=\"652f407\" data-element_type=\"section\">\n\t\t\t\t\t\t<div class=\"elementor-container elementor-column-gap-default\">\n\t\t\t\t\t<div class=\"elementor-column elementor-col-50 elementor-inner-column elementor-element elementor-element-64202b0\" data-id=\"64202b0\" data-element_type=\"column\">\n\t\t\t<div class=\"elementor-widget-wrap elementor-element-populated\">\n\t\t\t\t\t\t<div class=\"elementor-element elementor-element-04e9920 elementor-widget elementor-widget-heading\" data-id=\"04e9920\" data-element_type=\"widget\" data-widget_type=\"heading.default\">\n\t\t\t\t<div class=\"elementor-widget-container\">\n\t\t\t\t\t<h2 class=\"elementor-heading-title elementor-size-default\">Modification de la Politique\n<\/h2>\t\t\t\t<\/div>\n\t\t\t\t<\/div>\n\t\t\t\t\t<\/div>\n\t\t<\/div>\n\t\t\t\t<div class=\"elementor-column elementor-col-50 elementor-inner-column elementor-element elementor-element-ed30c91\" data-id=\"ed30c91\" data-element_type=\"column\">\n\t\t\t<div class=\"elementor-widget-wrap elementor-element-populated\">\n\t\t\t\t\t\t<div class=\"elementor-element elementor-element-a812be8 elementor-widget elementor-widget-text-editor\" data-id=\"a812be8\" data-element_type=\"widget\" data-widget_type=\"text-editor.default\">\n\t\t\t\t<div class=\"elementor-widget-container\">\n\t\t\t\t\t\t\t\t\t<p>Cette politique peut \u00eatre mise \u00e0 jour p\u00e9riodiquement pour refl\u00e9ter les changements dans nos pratiques ou les obligations l\u00e9gales. Nous vous informerons de toute modification substantielle par email ou via notre site web.<\/p><p><strong>Derni\u00e8re modification: 31\/10\/2025<\/strong><\/p>\t\t\t\t\t\t\t\t<\/div>\n\t\t\t\t<\/div>\n\t\t\t\t\t<\/div>\n\t\t<\/div>\n\t\t\t\t\t<\/div>\n\t\t<\/section>\n\t\t\t\t\t<\/div>\n\t\t<\/div>\n\t\t\t\t\t<\/div>\n\t\t<\/section>\n\t\t\t\t<\/div>","protected":false},"excerpt":{"rendered":"<p>Introduction Dans le cadre de l\u2019organisation du SEMICA TCHAD 2026 et d\u2019autres \u00e9v\u00e9nements connexes, le cabinet SEMICA collecte et utilise certaines donn\u00e9es personnelles. Cette politique explique comment nous g\u00e9rons et utilisons ces donn\u00e9es pour am\u00e9liorer votre exp\u00e9rience et garantir le bon d\u00e9roulement de nos \u00e9v\u00e9nements. Utilisation des Donn\u00e9es Les donn\u00e9es que nous recueillons \u00e0 travers [&hellip;]<\/p>","protected":false},"author":1,"featured_media":0,"parent":0,"menu_order":0,"comment_status":"closed","ping_status":"closed","template":"","meta":{"footnotes":""},"class_list":["post-1696","page","type-page","status-publish","hentry"],"yoast_head":"<!-- This site is optimized with the Yoast SEO plugin v26.5 - https:\/\/yoast.com\/wordpress\/plugins\/seo\/ -->\n<title>Politique d\u2019utilisation des donn\u00e9es - SEMICA TCHAD 2026<\/title>\n<meta name=\"description\" content=\"D\u00e9couvrez comment le SEMICA TCHAD 2026 collecte, utilise et prot\u00e8ge vos donn\u00e9es. Consultez notre politique d\u2019utilisation des donn\u00e9es pour en savoir plus sur vos droits et notre engagement en mati\u00e8re de confidentialit\u00e9.\" \/>\n<meta name=\"robots\" content=\"index, follow, max-snippet:-1, max-image-preview:large, max-video-preview:-1\" \/>\n<link rel=\"canonical\" href=\"https:\/\/semicatchad.com\/en\/politique-dutilisation-des-donnees\/\" \/>\n<meta property=\"og:locale\" content=\"en_GB\" \/>\n<meta property=\"og:type\" content=\"article\" \/>\n<meta property=\"og:title\" content=\"Politique d\u2019utilisation des donn\u00e9es - SEMICA TCHAD 2026\" \/>\n<meta property=\"og:description\" content=\"D\u00e9couvrez comment le SEMICA TCHAD 2026 collecte, utilise et prot\u00e8ge vos donn\u00e9es. Consultez notre politique d\u2019utilisation des donn\u00e9es pour en savoir plus sur vos droits et notre engagement en mati\u00e8re de confidentialit\u00e9.\" \/>\n<meta property=\"og:url\" content=\"https:\/\/semicatchad.com\/en\/politique-dutilisation-des-donnees\/\" \/>\n<meta property=\"og:site_name\" content=\"SEMICA TCHAD 2026\" \/>\n<meta property=\"article:modified_time\" content=\"2025-11-10T21:37:04+00:00\" \/>\n<meta name=\"twitter:card\" content=\"summary_large_image\" \/>\n<meta name=\"twitter:label1\" content=\"Estimated reading time\" \/>\n\t<meta name=\"twitter:data1\" content=\"2 minutes\" \/>\n<script type=\"application\/ld+json\" class=\"yoast-schema-graph\">{\"@context\":\"https:\/\/schema.org\",\"@graph\":[{\"@type\":\"WebPage\",\"@id\":\"https:\/\/semicatchad.com\/politique-dutilisation-des-donnees\/\",\"url\":\"https:\/\/semicatchad.com\/politique-dutilisation-des-donnees\/\",\"name\":\"Politique d\u2019utilisation des donn\u00e9es - SEMICA TCHAD 2026\",\"isPartOf\":{\"@id\":\"https:\/\/semicatchad.com\/#website\"},\"datePublished\":\"2025-02-06T05:30:47+00:00\",\"dateModified\":\"2025-11-10T21:37:04+00:00\",\"description\":\"D\u00e9couvrez comment le SEMICA TCHAD 2026 collecte, utilise et prot\u00e8ge vos donn\u00e9es. Consultez notre politique d\u2019utilisation des donn\u00e9es pour en savoir plus sur vos droits et notre engagement en mati\u00e8re de confidentialit\u00e9.\",\"breadcrumb\":{\"@id\":\"https:\/\/semicatchad.com\/politique-dutilisation-des-donnees\/#breadcrumb\"},\"inLanguage\":\"en-GB\",\"potentialAction\":[{\"@type\":\"ReadAction\",\"target\":[\"https:\/\/semicatchad.com\/politique-dutilisation-des-donnees\/\"]}]},{\"@type\":\"BreadcrumbList\",\"@id\":\"https:\/\/semicatchad.com\/politique-dutilisation-des-donnees\/#breadcrumb\",\"itemListElement\":[{\"@type\":\"ListItem\",\"position\":1,\"name\":\"Accueil\",\"item\":\"https:\/\/semicatchad.com\/\"},{\"@type\":\"ListItem\",\"position\":2,\"name\":\"Politique d\u2019utilisation des donn\u00e9es\"}]},{\"@type\":\"WebSite\",\"@id\":\"https:\/\/semicatchad.com\/#website\",\"url\":\"https:\/\/semicatchad.com\/\",\"name\":\"SEMICA TCHAD 2026\",\"description\":\"Salon International de l&#039;Energie, des Mines et des Hydrocarbures du 21 au 23 Janvier 2026, N&#039;Djam\u00e9na, Tchad\",\"publisher\":{\"@id\":\"https:\/\/semicatchad.com\/#organization\"},\"potentialAction\":[{\"@type\":\"SearchAction\",\"target\":{\"@type\":\"EntryPoint\",\"urlTemplate\":\"https:\/\/semicatchad.com\/?s={search_term_string}\"},\"query-input\":{\"@type\":\"PropertyValueSpecification\",\"valueRequired\":true,\"valueName\":\"search_term_string\"}}],\"inLanguage\":\"en-GB\"},{\"@type\":\"Organization\",\"@id\":\"https:\/\/semicatchad.com\/#organization\",\"name\":\"SEMICA TCHAD 2026\",\"url\":\"https:\/\/semicatchad.com\/\",\"logo\":{\"@type\":\"ImageObject\",\"inLanguage\":\"en-GB\",\"@id\":\"https:\/\/semicatchad.com\/#\/schema\/logo\/image\/\",\"url\":\"https:\/\/semicatchad.com\/wp-content\/uploads\/2023\/01\/Icon-site-semica-tchad_Plan-de-travail-1.png\",\"contentUrl\":\"https:\/\/semicatchad.com\/wp-content\/uploads\/2023\/01\/Icon-site-semica-tchad_Plan-de-travail-1.png\",\"width\":209,\"height\":209,\"caption\":\"SEMICA TCHAD 2026\"},\"image\":{\"@id\":\"https:\/\/semicatchad.com\/#\/schema\/logo\/image\/\"}}]}<\/script>\n<!-- \/ Yoast SEO plugin. -->","yoast_head_json":{"title":"Politique d\u2019utilisation des donn\u00e9es - SEMICA TCHAD 2026","description":"D\u00e9couvrez comment le SEMICA TCHAD 2026 collecte, utilise et prot\u00e8ge vos donn\u00e9es. Consultez notre politique d\u2019utilisation des donn\u00e9es pour en savoir plus sur vos droits et notre engagement en mati\u00e8re de confidentialit\u00e9.","robots":{"index":"index","follow":"follow","max-snippet":"max-snippet:-1","max-image-preview":"max-image-preview:large","max-video-preview":"max-video-preview:-1"},"canonical":"https:\/\/semicatchad.com\/en\/politique-dutilisation-des-donnees\/","og_locale":"en_GB","og_type":"article","og_title":"Politique d\u2019utilisation des donn\u00e9es - SEMICA TCHAD 2026","og_description":"D\u00e9couvrez comment le SEMICA TCHAD 2026 collecte, utilise et prot\u00e8ge vos donn\u00e9es. Consultez notre politique d\u2019utilisation des donn\u00e9es pour en savoir plus sur vos droits et notre engagement en mati\u00e8re de confidentialit\u00e9.","og_url":"https:\/\/semicatchad.com\/en\/politique-dutilisation-des-donnees\/","og_site_name":"SEMICA TCHAD 2026","article_modified_time":"2025-11-10T21:37:04+00:00","twitter_card":"summary_large_image","twitter_misc":{"Estimated reading time":"2 minutes"},"schema":{"@context":"https:\/\/schema.org","@graph":[{"@type":"WebPage","@id":"https:\/\/semicatchad.com\/politique-dutilisation-des-donnees\/","url":"https:\/\/semicatchad.com\/politique-dutilisation-des-donnees\/","name":"Politique d\u2019utilisation des donn\u00e9es - SEMICA TCHAD 2026","isPartOf":{"@id":"https:\/\/semicatchad.com\/#website"},"datePublished":"2025-02-06T05:30:47+00:00","dateModified":"2025-11-10T21:37:04+00:00","description":"D\u00e9couvrez comment le SEMICA TCHAD 2026 collecte, utilise et prot\u00e8ge vos donn\u00e9es. Consultez notre politique d\u2019utilisation des donn\u00e9es pour en savoir plus sur vos droits et notre engagement en mati\u00e8re de confidentialit\u00e9.","breadcrumb":{"@id":"https:\/\/semicatchad.com\/politique-dutilisation-des-donnees\/#breadcrumb"},"inLanguage":"en-GB","potentialAction":[{"@type":"ReadAction","target":["https:\/\/semicatchad.com\/politique-dutilisation-des-donnees\/"]}]},{"@type":"BreadcrumbList","@id":"https:\/\/semicatchad.com\/politique-dutilisation-des-donnees\/#breadcrumb","itemListElement":[{"@type":"ListItem","position":1,"name":"Accueil","item":"https:\/\/semicatchad.com\/"},{"@type":"ListItem","position":2,"name":"Politique d\u2019utilisation des donn\u00e9es"}]},{"@type":"WebSite","@id":"https:\/\/semicatchad.com\/#website","url":"https:\/\/semicatchad.com\/","name":"SEMICA TCHAD 2026","description":"Salon International de l&#039;Energie, des Mines et des Hydrocarbures du 21 au 23 Janvier 2026, N&#039;Djam\u00e9na, Tchad","publisher":{"@id":"https:\/\/semicatchad.com\/#organization"},"potentialAction":[{"@type":"SearchAction","target":{"@type":"EntryPoint","urlTemplate":"https:\/\/semicatchad.com\/?s={search_term_string}"},"query-input":{"@type":"PropertyValueSpecification","valueRequired":true,"valueName":"search_term_string"}}],"inLanguage":"en-GB"},{"@type":"Organization","@id":"https:\/\/semicatchad.com\/#organization","name":"SEMICA TCHAD 2026","url":"https:\/\/semicatchad.com\/","logo":{"@type":"ImageObject","inLanguage":"en-GB","@id":"https:\/\/semicatchad.com\/#\/schema\/logo\/image\/","url":"https:\/\/semicatchad.com\/wp-content\/uploads\/2023\/01\/Icon-site-semica-tchad_Plan-de-travail-1.png","contentUrl":"https:\/\/semicatchad.com\/wp-content\/uploads\/2023\/01\/Icon-site-semica-tchad_Plan-de-travail-1.png","width":209,"height":209,"caption":"SEMICA TCHAD 2026"},"image":{"@id":"https:\/\/semicatchad.com\/#\/schema\/logo\/image\/"}}]}},"_links":{"self":[{"href":"https:\/\/semicatchad.com\/en\/wp-json\/wp\/v2\/pages\/1696","targetHints":{"allow":["GET"]}}],"collection":[{"href":"https:\/\/semicatchad.com\/en\/wp-json\/wp\/v2\/pages"}],"about":[{"href":"https:\/\/semicatchad.com\/en\/wp-json\/wp\/v2\/types\/page"}],"author":[{"embeddable":true,"href":"https:\/\/semicatchad.com\/en\/wp-json\/wp\/v2\/users\/1"}],"replies":[{"embeddable":true,"href":"https:\/\/semicatchad.com\/en\/wp-json\/wp\/v2\/comments?post=1696"}],"version-history":[{"count":10,"href":"https:\/\/semicatchad.com\/en\/wp-json\/wp\/v2\/pages\/1696\/revisions"}],"predecessor-version":[{"id":2175,"href":"https:\/\/semicatchad.com\/en\/wp-json\/wp\/v2\/pages\/1696\/revisions\/2175"}],"wp:attachment":[{"href":"https:\/\/semicatchad.com\/en\/wp-json\/wp\/v2\/media?parent=1696"}],"curies":[{"name":"wp","href":"https:\/\/api.w.org\/{rel}","templated":true}]}}