{"id":1698,"date":"2025-02-06T06:55:45","date_gmt":"2025-02-06T05:55:45","guid":{"rendered":"https:\/\/semicatchad.com\/?page_id=1698"},"modified":"2025-11-11T09:24:56","modified_gmt":"2025-11-11T08:24:56","slug":"politique-de-confidentialite","status":"publish","type":"page","link":"https:\/\/semicatchad.com\/en\/politique-de-confidentialite\/","title":{"rendered":"Privacy policy"},"content":{"rendered":"<div data-elementor-type=\"wp-page\" data-elementor-id=\"1698\" class=\"elementor elementor-1698\" data-elementor-post-type=\"page\">\n\t\t\t\t\t\t<section data-particle_enable=\"false\" data-particle-mobile-disabled=\"false\" class=\"elementor-section elementor-top-section elementor-element elementor-element-4ecdd3f elementor-section-boxed elementor-section-height-default elementor-section-height-default\" data-id=\"4ecdd3f\" data-element_type=\"section\" data-settings=\"{&quot;background_background&quot;:&quot;classic&quot;}\">\n\t\t\t\t\t\t<div class=\"elementor-container elementor-column-gap-default\">\n\t\t\t\t\t<div class=\"elementor-column elementor-col-50 elementor-top-column elementor-element elementor-element-a686104\" data-id=\"a686104\" data-element_type=\"column\">\n\t\t\t<div class=\"elementor-widget-wrap elementor-element-populated\">\n\t\t\t\t\t\t\t<\/div>\n\t\t<\/div>\n\t\t\t\t<div class=\"elementor-column elementor-col-50 elementor-top-column elementor-element elementor-element-535ec98 elementor-hidden-mobile\" data-id=\"535ec98\" data-element_type=\"column\">\n\t\t\t<div class=\"elementor-widget-wrap elementor-element-populated\">\n\t\t\t\t\t\t<div class=\"elementor-element elementor-element-87c5f65 elementor-align-right elementor-widget elementor-widget-breadcrumbs\" data-id=\"87c5f65\" data-element_type=\"widget\" data-widget_type=\"breadcrumbs.default\">\n\t\t\t\t<div class=\"elementor-widget-container\">\n\t\t\t\t\t<p id=\"breadcrumbs\"><span><span><a href=\"https:\/\/semicatchad.com\/en\/\">Home<\/a><\/span><\/span><\/p>\t\t\t\t<\/div>\n\t\t\t\t<\/div>\n\t\t\t\t\t<\/div>\n\t\t<\/div>\n\t\t\t\t\t<\/div>\n\t\t<\/section>\n\t\t\t\t<section data-particle_enable=\"false\" data-particle-mobile-disabled=\"false\" class=\"elementor-section elementor-top-section elementor-element elementor-element-69ca62d1 elementor-section-boxed elementor-section-height-default elementor-section-height-default\" data-id=\"69ca62d1\" data-element_type=\"section\">\n\t\t\t\t\t\t<div class=\"elementor-container elementor-column-gap-default\">\n\t\t\t\t\t<div class=\"elementor-column elementor-col-100 elementor-top-column elementor-element elementor-element-793bdf9b\" data-id=\"793bdf9b\" data-element_type=\"column\">\n\t\t\t<div class=\"elementor-widget-wrap elementor-element-populated\">\n\t\t\t\t\t\t<section data-particle_enable=\"false\" data-particle-mobile-disabled=\"false\" class=\"elementor-section elementor-inner-section elementor-element elementor-element-3926ea9c elementor-section-boxed elementor-section-height-default elementor-section-height-default\" data-id=\"3926ea9c\" data-element_type=\"section\">\n\t\t\t\t\t\t<div class=\"elementor-container elementor-column-gap-default\">\n\t\t\t\t\t<div class=\"elementor-column elementor-col-50 elementor-inner-column elementor-element elementor-element-29616c59\" data-id=\"29616c59\" data-element_type=\"column\">\n\t\t\t<div class=\"elementor-widget-wrap elementor-element-populated\">\n\t\t\t\t\t\t<div class=\"elementor-element elementor-element-6395b65d elementor-widget elementor-widget-heading\" data-id=\"6395b65d\" data-element_type=\"widget\" data-widget_type=\"heading.default\">\n\t\t\t\t<div class=\"elementor-widget-container\">\n\t\t\t\t\t<h2 class=\"elementor-heading-title elementor-size-default\">Introduction<\/h2>\t\t\t\t<\/div>\n\t\t\t\t<\/div>\n\t\t\t\t\t<\/div>\n\t\t<\/div>\n\t\t\t\t<div class=\"elementor-column elementor-col-50 elementor-inner-column elementor-element elementor-element-46b078c8\" data-id=\"46b078c8\" data-element_type=\"column\">\n\t\t\t<div class=\"elementor-widget-wrap elementor-element-populated\">\n\t\t\t\t\t\t<div class=\"elementor-element elementor-element-564d1d7c elementor-widget elementor-widget-text-editor\" data-id=\"564d1d7c\" data-element_type=\"widget\" data-widget_type=\"text-editor.default\">\n\t\t\t\t<div class=\"elementor-widget-container\">\n\t\t\t\t\t\t\t\t\t<p>Le SEMICA TCHAD 2026, organis\u00e9e par le gouvernement Tchadien en partenariat avec le Cabinet SEMICA, accorde une grande importance \u00e0 la protection de vos donn\u00e9es personnelles. Cette politique de confidentialit\u00e9 d\u00e9crit la mani\u00e8re dont nous collectons, utilisons, et prot\u00e9geons vos informations lorsque vous interagissez avec nous, notamment lors de votre inscription en tant que sponsor, d\u00e9l\u00e9gu\u00e9, ou exposant, ainsi que lors de votre abonnement \u00e0 nos newsletters.<\/p>\t\t\t\t\t\t\t\t<\/div>\n\t\t\t\t<\/div>\n\t\t\t\t\t<\/div>\n\t\t<\/div>\n\t\t\t\t\t<\/div>\n\t\t<\/section>\n\t\t\t\t<section data-particle_enable=\"false\" data-particle-mobile-disabled=\"false\" class=\"elementor-section elementor-inner-section elementor-element elementor-element-69a96feb elementor-section-boxed elementor-section-height-default elementor-section-height-default\" data-id=\"69a96feb\" data-element_type=\"section\">\n\t\t\t\t\t\t<div class=\"elementor-container elementor-column-gap-default\">\n\t\t\t\t\t<div class=\"elementor-column elementor-col-50 elementor-inner-column elementor-element elementor-element-6069d092\" data-id=\"6069d092\" data-element_type=\"column\">\n\t\t\t<div class=\"elementor-widget-wrap elementor-element-populated\">\n\t\t\t\t\t\t<div class=\"elementor-element elementor-element-238024d6 elementor-widget elementor-widget-heading\" data-id=\"238024d6\" data-element_type=\"widget\" data-widget_type=\"heading.default\">\n\t\t\t\t<div class=\"elementor-widget-container\">\n\t\t\t\t\t<h2 class=\"elementor-heading-title elementor-size-default\">Collecte des Informations\n<\/h2>\t\t\t\t<\/div>\n\t\t\t\t<\/div>\n\t\t\t\t\t<\/div>\n\t\t<\/div>\n\t\t\t\t<div class=\"elementor-column elementor-col-50 elementor-inner-column elementor-element elementor-element-14089aab\" data-id=\"14089aab\" data-element_type=\"column\">\n\t\t\t<div class=\"elementor-widget-wrap elementor-element-populated\">\n\t\t\t\t\t\t<div class=\"elementor-element elementor-element-39d312a elementor-widget elementor-widget-text-editor\" data-id=\"39d312a\" data-element_type=\"widget\" data-widget_type=\"text-editor.default\">\n\t\t\t\t<div class=\"elementor-widget-container\">\n\t\t\t\t\t\t\t\t\tNous collectons les informations que vous fournissez volontairement lors de l\u2019inscription \u00e0 nos \u00e9v\u00e9nements ou via nos newsletters. Cela inclut, sans s\u2019y limiter, vos nom, pr\u00e9nom, adresse email, num\u00e9ro de t\u00e9l\u00e9phone, et informations relatives \u00e0 votre participation.\t\t\t\t\t\t\t\t<\/div>\n\t\t\t\t<\/div>\n\t\t\t\t\t<\/div>\n\t\t<\/div>\n\t\t\t\t\t<\/div>\n\t\t<\/section>\n\t\t\t\t<section data-particle_enable=\"false\" data-particle-mobile-disabled=\"false\" class=\"elementor-section elementor-inner-section elementor-element elementor-element-748d6cb4 elementor-section-boxed elementor-section-height-default elementor-section-height-default\" data-id=\"748d6cb4\" data-element_type=\"section\">\n\t\t\t\t\t\t<div class=\"elementor-container elementor-column-gap-default\">\n\t\t\t\t\t<div class=\"elementor-column elementor-col-50 elementor-inner-column elementor-element elementor-element-73bfea26\" data-id=\"73bfea26\" data-element_type=\"column\">\n\t\t\t<div class=\"elementor-widget-wrap elementor-element-populated\">\n\t\t\t\t\t\t<div class=\"elementor-element elementor-element-12edb239 elementor-widget elementor-widget-heading\" data-id=\"12edb239\" data-element_type=\"widget\" data-widget_type=\"heading.default\">\n\t\t\t\t<div class=\"elementor-widget-container\">\n\t\t\t\t\t<h2 class=\"elementor-heading-title elementor-size-default\">Utilisation des Donn\u00e9es\n<\/h2>\t\t\t\t<\/div>\n\t\t\t\t<\/div>\n\t\t\t\t\t<\/div>\n\t\t<\/div>\n\t\t\t\t<div class=\"elementor-column elementor-col-50 elementor-inner-column elementor-element elementor-element-597505b0\" data-id=\"597505b0\" data-element_type=\"column\">\n\t\t\t<div class=\"elementor-widget-wrap elementor-element-populated\">\n\t\t\t\t\t\t<div class=\"elementor-element elementor-element-75788537 elementor-widget elementor-widget-text-editor\" data-id=\"75788537\" data-element_type=\"widget\" data-widget_type=\"text-editor.default\">\n\t\t\t\t<div class=\"elementor-widget-container\">\n\t\t\t\t\t\t\t\t\tLes informations recueillies sont exclusivement utilis\u00e9es dans le cadre de nos campagnes marketing, telles que l\u2019envoi d\u2019emails ou de SMS informatifs ou promotionnels en lien avec le SEMICA TCHAD 2026 et d\u2019autres \u00e9v\u00e9nements organis\u00e9s par SEMICA. Nous nous engageons \u00e0 ne pas partager vos donn\u00e9es avec des tiers sans votre consentement pr\u00e9alable, sauf si cela est requis par la loi.\t\t\t\t\t\t\t\t<\/div>\n\t\t\t\t<\/div>\n\t\t\t\t\t<\/div>\n\t\t<\/div>\n\t\t\t\t\t<\/div>\n\t\t<\/section>\n\t\t\t\t<section data-particle_enable=\"false\" data-particle-mobile-disabled=\"false\" class=\"elementor-section elementor-inner-section elementor-element elementor-element-63473281 elementor-section-boxed elementor-section-height-default elementor-section-height-default\" data-id=\"63473281\" data-element_type=\"section\">\n\t\t\t\t\t\t<div class=\"elementor-container elementor-column-gap-default\">\n\t\t\t\t\t<div class=\"elementor-column elementor-col-50 elementor-inner-column elementor-element elementor-element-88393eb\" data-id=\"88393eb\" data-element_type=\"column\">\n\t\t\t<div class=\"elementor-widget-wrap elementor-element-populated\">\n\t\t\t\t\t\t<div class=\"elementor-element elementor-element-4915ddca elementor-widget elementor-widget-heading\" data-id=\"4915ddca\" data-element_type=\"widget\" data-widget_type=\"heading.default\">\n\t\t\t\t<div class=\"elementor-widget-container\">\n\t\t\t\t\t<h2 class=\"elementor-heading-title elementor-size-default\">S\u00e9curit\u00e9 des Donn\u00e9es\n<\/h2>\t\t\t\t<\/div>\n\t\t\t\t<\/div>\n\t\t\t\t\t<\/div>\n\t\t<\/div>\n\t\t\t\t<div class=\"elementor-column elementor-col-50 elementor-inner-column elementor-element elementor-element-5b979fc7\" data-id=\"5b979fc7\" data-element_type=\"column\">\n\t\t\t<div class=\"elementor-widget-wrap elementor-element-populated\">\n\t\t\t\t\t\t<div class=\"elementor-element elementor-element-1b4900ca elementor-widget elementor-widget-text-editor\" data-id=\"1b4900ca\" data-element_type=\"widget\" data-widget_type=\"text-editor.default\">\n\t\t\t\t<div class=\"elementor-widget-container\">\n\t\t\t\t\t\t\t\t\t<p>Nous mettons en \u0153uvre des mesures de s\u00e9curit\u00e9 techniques et organisationnelles pour prot\u00e9ger vos informations personnelles contre tout acc\u00e8s non autoris\u00e9, perte, alt\u00e9ration, ou divulgation.<\/p>\t\t\t\t\t\t\t\t<\/div>\n\t\t\t\t<\/div>\n\t\t\t\t\t<\/div>\n\t\t<\/div>\n\t\t\t\t\t<\/div>\n\t\t<\/section>\n\t\t\t\t<section data-particle_enable=\"false\" data-particle-mobile-disabled=\"false\" class=\"elementor-section elementor-inner-section elementor-element elementor-element-13c03f19 elementor-section-boxed elementor-section-height-default elementor-section-height-default\" data-id=\"13c03f19\" data-element_type=\"section\">\n\t\t\t\t\t\t<div class=\"elementor-container elementor-column-gap-default\">\n\t\t\t\t\t<div class=\"elementor-column elementor-col-50 elementor-inner-column elementor-element elementor-element-57642d6f\" data-id=\"57642d6f\" data-element_type=\"column\">\n\t\t\t<div class=\"elementor-widget-wrap elementor-element-populated\">\n\t\t\t\t\t\t<div class=\"elementor-element elementor-element-cef5d1f elementor-widget elementor-widget-heading\" data-id=\"cef5d1f\" data-element_type=\"widget\" data-widget_type=\"heading.default\">\n\t\t\t\t<div class=\"elementor-widget-container\">\n\t\t\t\t\t<h2 class=\"elementor-heading-title elementor-size-default\">Vos Droits\n<\/h2>\t\t\t\t<\/div>\n\t\t\t\t<\/div>\n\t\t\t\t\t<\/div>\n\t\t<\/div>\n\t\t\t\t<div class=\"elementor-column elementor-col-50 elementor-inner-column elementor-element elementor-element-3074dd31\" data-id=\"3074dd31\" data-element_type=\"column\">\n\t\t\t<div class=\"elementor-widget-wrap elementor-element-populated\">\n\t\t\t\t\t\t<div class=\"elementor-element elementor-element-71f0b90b elementor-widget elementor-widget-text-editor\" data-id=\"71f0b90b\" data-element_type=\"widget\" data-widget_type=\"text-editor.default\">\n\t\t\t\t<div class=\"elementor-widget-container\">\n\t\t\t\t\t\t\t\t\tVous avez le droit d\u2019acc\u00e9der \u00e0 vos informations personnelles, de les corriger, ou de demander leur suppression \u00e0 tout moment. Vous pouvez \u00e9galement vous d\u00e9sabonner de nos communications marketing en suivant les instructions pr\u00e9sentes dans nos emails ou en nous contactant directement.\n\n\t\t\t\t\t\t\t\t<\/div>\n\t\t\t\t<\/div>\n\t\t\t\t\t<\/div>\n\t\t<\/div>\n\t\t\t\t\t<\/div>\n\t\t<\/section>\n\t\t\t\t\t<\/div>\n\t\t<\/div>\n\t\t\t\t\t<\/div>\n\t\t<\/section>\n\t\t\t\t<\/div>","protected":false},"excerpt":{"rendered":"<p>Introduction Le SEMICA TCHAD 2026, organis\u00e9e par le gouvernement Tchadien en partenariat avec le Cabinet SEMICA, accorde une grande importance \u00e0 la protection de vos donn\u00e9es personnelles. Cette politique de confidentialit\u00e9 d\u00e9crit la mani\u00e8re dont nous collectons, utilisons, et prot\u00e9geons vos informations lorsque vous interagissez avec nous, notamment lors de votre inscription en tant que [&hellip;]<\/p>","protected":false},"author":1,"featured_media":0,"parent":0,"menu_order":0,"comment_status":"closed","ping_status":"closed","template":"","meta":{"footnotes":""},"class_list":["post-1698","page","type-page","status-publish","hentry"],"yoast_head":"<!-- This site is optimized with the Yoast SEO plugin v26.5 - https:\/\/yoast.com\/wordpress\/plugins\/seo\/ -->\n<title>Politique de confidentialit\u00e9 - SEMICA TCHAD 2026<\/title>\n<meta name=\"description\" content=\"Votre confidentialit\u00e9 est notre priorit\u00e9. Consultez la politique de confidentialit\u00e9 du SEMICA TCHAD 2026 pour comprendre comment vos informations personnelles sont trait\u00e9es et s\u00e9curis\u00e9es.\" \/>\n<meta name=\"robots\" content=\"index, follow, max-snippet:-1, max-image-preview:large, max-video-preview:-1\" \/>\n<link rel=\"canonical\" href=\"https:\/\/semicatchad.com\/en\/politique-de-confidentialite\/\" \/>\n<meta property=\"og:locale\" content=\"en_GB\" \/>\n<meta property=\"og:type\" content=\"article\" \/>\n<meta property=\"og:title\" content=\"Politique de confidentialit\u00e9 - SEMICA TCHAD 2026\" \/>\n<meta property=\"og:description\" content=\"Votre confidentialit\u00e9 est notre priorit\u00e9. Consultez la politique de confidentialit\u00e9 du SEMICA TCHAD 2026 pour comprendre comment vos informations personnelles sont trait\u00e9es et s\u00e9curis\u00e9es.\" \/>\n<meta property=\"og:url\" content=\"https:\/\/semicatchad.com\/en\/politique-de-confidentialite\/\" \/>\n<meta property=\"og:site_name\" content=\"SEMICA TCHAD 2026\" \/>\n<meta property=\"article:modified_time\" content=\"2025-11-11T08:24:56+00:00\" \/>\n<meta name=\"twitter:card\" content=\"summary_large_image\" \/>\n<meta name=\"twitter:label1\" content=\"Estimated reading time\" \/>\n\t<meta name=\"twitter:data1\" content=\"2 minutes\" \/>\n<script type=\"application\/ld+json\" class=\"yoast-schema-graph\">{\"@context\":\"https:\/\/schema.org\",\"@graph\":[{\"@type\":\"WebPage\",\"@id\":\"https:\/\/semicatchad.com\/politique-de-confidentialite\/\",\"url\":\"https:\/\/semicatchad.com\/politique-de-confidentialite\/\",\"name\":\"Politique de confidentialit\u00e9 - SEMICA TCHAD 2026\",\"isPartOf\":{\"@id\":\"https:\/\/semicatchad.com\/#website\"},\"datePublished\":\"2025-02-06T05:55:45+00:00\",\"dateModified\":\"2025-11-11T08:24:56+00:00\",\"description\":\"Votre confidentialit\u00e9 est notre priorit\u00e9. Consultez la politique de confidentialit\u00e9 du SEMICA TCHAD 2026 pour comprendre comment vos informations personnelles sont trait\u00e9es et s\u00e9curis\u00e9es.\",\"breadcrumb\":{\"@id\":\"https:\/\/semicatchad.com\/politique-de-confidentialite\/#breadcrumb\"},\"inLanguage\":\"en-GB\",\"potentialAction\":[{\"@type\":\"ReadAction\",\"target\":[\"https:\/\/semicatchad.com\/politique-de-confidentialite\/\"]}]},{\"@type\":\"BreadcrumbList\",\"@id\":\"https:\/\/semicatchad.com\/politique-de-confidentialite\/#breadcrumb\",\"itemListElement\":[{\"@type\":\"ListItem\",\"position\":1,\"name\":\"Accueil\",\"item\":\"https:\/\/semicatchad.com\/\"},{\"@type\":\"ListItem\",\"position\":2,\"name\":\"Politique de confidentialit\u00e9\"}]},{\"@type\":\"WebSite\",\"@id\":\"https:\/\/semicatchad.com\/#website\",\"url\":\"https:\/\/semicatchad.com\/\",\"name\":\"SEMICA TCHAD 2026\",\"description\":\"Salon International de l&#039;Energie, des Mines et des Hydrocarbures du 21 au 23 Janvier 2026, N&#039;Djam\u00e9na, Tchad\",\"publisher\":{\"@id\":\"https:\/\/semicatchad.com\/#organization\"},\"potentialAction\":[{\"@type\":\"SearchAction\",\"target\":{\"@type\":\"EntryPoint\",\"urlTemplate\":\"https:\/\/semicatchad.com\/?s={search_term_string}\"},\"query-input\":{\"@type\":\"PropertyValueSpecification\",\"valueRequired\":true,\"valueName\":\"search_term_string\"}}],\"inLanguage\":\"en-GB\"},{\"@type\":\"Organization\",\"@id\":\"https:\/\/semicatchad.com\/#organization\",\"name\":\"SEMICA TCHAD 2026\",\"url\":\"https:\/\/semicatchad.com\/\",\"logo\":{\"@type\":\"ImageObject\",\"inLanguage\":\"en-GB\",\"@id\":\"https:\/\/semicatchad.com\/#\/schema\/logo\/image\/\",\"url\":\"https:\/\/semicatchad.com\/wp-content\/uploads\/2023\/01\/Icon-site-semica-tchad_Plan-de-travail-1.png\",\"contentUrl\":\"https:\/\/semicatchad.com\/wp-content\/uploads\/2023\/01\/Icon-site-semica-tchad_Plan-de-travail-1.png\",\"width\":209,\"height\":209,\"caption\":\"SEMICA TCHAD 2026\"},\"image\":{\"@id\":\"https:\/\/semicatchad.com\/#\/schema\/logo\/image\/\"}}]}<\/script>\n<!-- \/ Yoast SEO plugin. -->","yoast_head_json":{"title":"Politique de confidentialit\u00e9 - SEMICA TCHAD 2026","description":"Votre confidentialit\u00e9 est notre priorit\u00e9. Consultez la politique de confidentialit\u00e9 du SEMICA TCHAD 2026 pour comprendre comment vos informations personnelles sont trait\u00e9es et s\u00e9curis\u00e9es.","robots":{"index":"index","follow":"follow","max-snippet":"max-snippet:-1","max-image-preview":"max-image-preview:large","max-video-preview":"max-video-preview:-1"},"canonical":"https:\/\/semicatchad.com\/en\/politique-de-confidentialite\/","og_locale":"en_GB","og_type":"article","og_title":"Politique de confidentialit\u00e9 - SEMICA TCHAD 2026","og_description":"Votre confidentialit\u00e9 est notre priorit\u00e9. Consultez la politique de confidentialit\u00e9 du SEMICA TCHAD 2026 pour comprendre comment vos informations personnelles sont trait\u00e9es et s\u00e9curis\u00e9es.","og_url":"https:\/\/semicatchad.com\/en\/politique-de-confidentialite\/","og_site_name":"SEMICA TCHAD 2026","article_modified_time":"2025-11-11T08:24:56+00:00","twitter_card":"summary_large_image","twitter_misc":{"Estimated reading time":"2 minutes"},"schema":{"@context":"https:\/\/schema.org","@graph":[{"@type":"WebPage","@id":"https:\/\/semicatchad.com\/politique-de-confidentialite\/","url":"https:\/\/semicatchad.com\/politique-de-confidentialite\/","name":"Politique de confidentialit\u00e9 - SEMICA TCHAD 2026","isPartOf":{"@id":"https:\/\/semicatchad.com\/#website"},"datePublished":"2025-02-06T05:55:45+00:00","dateModified":"2025-11-11T08:24:56+00:00","description":"Votre confidentialit\u00e9 est notre priorit\u00e9. Consultez la politique de confidentialit\u00e9 du SEMICA TCHAD 2026 pour comprendre comment vos informations personnelles sont trait\u00e9es et s\u00e9curis\u00e9es.","breadcrumb":{"@id":"https:\/\/semicatchad.com\/politique-de-confidentialite\/#breadcrumb"},"inLanguage":"en-GB","potentialAction":[{"@type":"ReadAction","target":["https:\/\/semicatchad.com\/politique-de-confidentialite\/"]}]},{"@type":"BreadcrumbList","@id":"https:\/\/semicatchad.com\/politique-de-confidentialite\/#breadcrumb","itemListElement":[{"@type":"ListItem","position":1,"name":"Accueil","item":"https:\/\/semicatchad.com\/"},{"@type":"ListItem","position":2,"name":"Politique de confidentialit\u00e9"}]},{"@type":"WebSite","@id":"https:\/\/semicatchad.com\/#website","url":"https:\/\/semicatchad.com\/","name":"SEMICA TCHAD 2026","description":"Salon International de l&#039;Energie, des Mines et des Hydrocarbures du 21 au 23 Janvier 2026, N&#039;Djam\u00e9na, Tchad","publisher":{"@id":"https:\/\/semicatchad.com\/#organization"},"potentialAction":[{"@type":"SearchAction","target":{"@type":"EntryPoint","urlTemplate":"https:\/\/semicatchad.com\/?s={search_term_string}"},"query-input":{"@type":"PropertyValueSpecification","valueRequired":true,"valueName":"search_term_string"}}],"inLanguage":"en-GB"},{"@type":"Organization","@id":"https:\/\/semicatchad.com\/#organization","name":"SEMICA TCHAD 2026","url":"https:\/\/semicatchad.com\/","logo":{"@type":"ImageObject","inLanguage":"en-GB","@id":"https:\/\/semicatchad.com\/#\/schema\/logo\/image\/","url":"https:\/\/semicatchad.com\/wp-content\/uploads\/2023\/01\/Icon-site-semica-tchad_Plan-de-travail-1.png","contentUrl":"https:\/\/semicatchad.com\/wp-content\/uploads\/2023\/01\/Icon-site-semica-tchad_Plan-de-travail-1.png","width":209,"height":209,"caption":"SEMICA TCHAD 2026"},"image":{"@id":"https:\/\/semicatchad.com\/#\/schema\/logo\/image\/"}}]}},"_links":{"self":[{"href":"https:\/\/semicatchad.com\/en\/wp-json\/wp\/v2\/pages\/1698","targetHints":{"allow":["GET"]}}],"collection":[{"href":"https:\/\/semicatchad.com\/en\/wp-json\/wp\/v2\/pages"}],"about":[{"href":"https:\/\/semicatchad.com\/en\/wp-json\/wp\/v2\/types\/page"}],"author":[{"embeddable":true,"href":"https:\/\/semicatchad.com\/en\/wp-json\/wp\/v2\/users\/1"}],"replies":[{"embeddable":true,"href":"https:\/\/semicatchad.com\/en\/wp-json\/wp\/v2\/comments?post=1698"}],"version-history":[{"count":10,"href":"https:\/\/semicatchad.com\/en\/wp-json\/wp\/v2\/pages\/1698\/revisions"}],"predecessor-version":[{"id":2187,"href":"https:\/\/semicatchad.com\/en\/wp-json\/wp\/v2\/pages\/1698\/revisions\/2187"}],"wp:attachment":[{"href":"https:\/\/semicatchad.com\/en\/wp-json\/wp\/v2\/media?parent=1698"}],"curies":[{"name":"wp","href":"https:\/\/api.w.org\/{rel}","templated":true}]}}