{"id":2527,"date":"2026-01-04T22:40:18","date_gmt":"2026-01-04T22:40:18","guid":{"rendered":"https:\/\/semicatchad.com\/?page_id=2527"},"modified":"2026-01-04T22:59:24","modified_gmt":"2026-01-04T22:59:24","slug":"hebergements","status":"publish","type":"page","link":"https:\/\/semicatchad.com\/en\/hebergements\/","title":{"rendered":"Accommodation"},"content":{"rendered":"<div data-elementor-type=\"wp-page\" data-elementor-id=\"2527\" class=\"elementor elementor-2527\" data-elementor-post-type=\"page\">\n\t\t\t\t\t\t<section data-particle_enable=\"false\" data-particle-mobile-disabled=\"false\" class=\"elementor-section elementor-top-section elementor-element elementor-element-4ecdd3f elementor-section-boxed elementor-section-height-default elementor-section-height-default\" data-id=\"4ecdd3f\" data-element_type=\"section\" data-settings=\"{&quot;background_background&quot;:&quot;classic&quot;}\">\n\t\t\t\t\t\t<div class=\"elementor-container elementor-column-gap-default\">\n\t\t\t\t\t<div class=\"elementor-column elementor-col-50 elementor-top-column elementor-element elementor-element-a686104\" data-id=\"a686104\" data-element_type=\"column\">\n\t\t\t<div class=\"elementor-widget-wrap elementor-element-populated\">\n\t\t\t\t\t\t\t<\/div>\n\t\t<\/div>\n\t\t\t\t<div class=\"elementor-column elementor-col-50 elementor-top-column elementor-element elementor-element-535ec98 elementor-hidden-mobile\" data-id=\"535ec98\" data-element_type=\"column\">\n\t\t\t<div class=\"elementor-widget-wrap elementor-element-populated\">\n\t\t\t\t\t\t<div class=\"elementor-element elementor-element-87c5f65 elementor-align-right elementor-widget elementor-widget-breadcrumbs\" data-id=\"87c5f65\" data-element_type=\"widget\" data-widget_type=\"breadcrumbs.default\">\n\t\t\t\t<div class=\"elementor-widget-container\">\n\t\t\t\t\t<p id=\"breadcrumbs\"><span><span><a href=\"https:\/\/semicatchad.com\/en\/\">Home<\/a><\/span><\/span><\/p>\t\t\t\t<\/div>\n\t\t\t\t<\/div>\n\t\t\t\t\t<\/div>\n\t\t<\/div>\n\t\t\t\t\t<\/div>\n\t\t<\/section>\n\t\t\t\t<section data-particle_enable=\"false\" data-particle-mobile-disabled=\"false\" class=\"elementor-section elementor-top-section elementor-element elementor-element-4f5a6827 elementor-section-boxed elementor-section-height-default elementor-section-height-default\" data-id=\"4f5a6827\" data-element_type=\"section\">\n\t\t\t\t\t\t<div class=\"elementor-container elementor-column-gap-default\">\n\t\t\t\t\t<div class=\"elementor-column elementor-col-100 elementor-top-column elementor-element elementor-element-5ba0ec28\" data-id=\"5ba0ec28\" data-element_type=\"column\">\n\t\t\t<div class=\"elementor-widget-wrap elementor-element-populated\">\n\t\t\t\t\t\t<section data-particle_enable=\"false\" data-particle-mobile-disabled=\"false\" class=\"elementor-section elementor-inner-section elementor-element elementor-element-d2698ba elementor-section-boxed elementor-section-height-default elementor-section-height-default\" data-id=\"d2698ba\" data-element_type=\"section\">\n\t\t\t\t\t\t<div class=\"elementor-container elementor-column-gap-default\">\n\t\t\t\t\t<div class=\"elementor-column elementor-col-33 elementor-inner-column elementor-element elementor-element-d05d576\" data-id=\"d05d576\" data-element_type=\"column\">\n\t\t\t<div class=\"elementor-widget-wrap elementor-element-populated\">\n\t\t\t\t\t\t<div class=\"elementor-element elementor-element-3363ef1 elementor-widget elementor-widget-image\" data-id=\"3363ef1\" data-element_type=\"widget\" data-widget_type=\"image.default\">\n\t\t\t\t<div class=\"elementor-widget-container\">\n\t\t\t\t\t\t\t\t\t\t\t\t\t\t\t<img fetchpriority=\"high\" decoding=\"async\" width=\"800\" height=\"444\" src=\"https:\/\/semicatchad.com\/wp-content\/uploads\/2026\/01\/hotel-facade.jpg\" class=\"attachment-large size-large wp-image-2529\" alt=\"\" srcset=\"https:\/\/semicatchad.com\/wp-content\/uploads\/2026\/01\/hotel-facade.jpg 900w, https:\/\/semicatchad.com\/wp-content\/uploads\/2026\/01\/hotel-facade-300x167.jpg 300w, https:\/\/semicatchad.com\/wp-content\/uploads\/2026\/01\/hotel-facade-768x427.jpg 768w, https:\/\/semicatchad.com\/wp-content\/uploads\/2026\/01\/hotel-facade-18x10.jpg 18w\" sizes=\"(max-width: 800px) 100vw, 800px\" \/>\t\t\t\t\t\t\t\t\t\t\t\t\t\t\t<\/div>\n\t\t\t\t<\/div>\n\t\t\t\t<div class=\"elementor-element elementor-element-d45f2ca elementor-widget elementor-widget-heading\" data-id=\"d45f2ca\" data-element_type=\"widget\" data-widget_type=\"heading.default\">\n\t\t\t\t<div class=\"elementor-widget-container\">\n\t\t\t\t\t<h2 class=\"elementor-heading-title elementor-size-default\">Radisson Blu Hotel, N'djamena\n<\/h2>\t\t\t\t<\/div>\n\t\t\t\t<\/div>\n\t\t\t\t<div class=\"elementor-element elementor-element-07c13a6 elementor-widget elementor-widget-text-editor\" data-id=\"07c13a6\" data-element_type=\"widget\" data-widget_type=\"text-editor.default\">\n\t\t\t\t<div class=\"elementor-widget-container\">\n\t\t\t\t\t\t\t\t\t<p><span id=\"overview\" class=\"HALYaf fwfrGd ftRkTe KKjvXb\" role=\"tabpanel\" data-ved=\"0CAcQ9c4CahcKEwjwxNWc-vKRAxUAAAAAHQAAAAAQQA\" data-hveid=\"7\"><span class=\"CFH2De\">Quartier Sabangali, Cit\u00e9 du 1er d\u00e9cembre, N&rsquo;Djamena<\/span><\/span><\/p><p><span id=\"overview\" class=\"HALYaf fwfrGd ftRkTe KKjvXb\" role=\"tabpanel\" data-ved=\"0CAcQ9c4CahcKEwjwxNWc-vKRAxUAAAAAHQAAAAAQQA\" data-hveid=\"7\"><span class=\"CFH2De\" dir=\"ltr\">+235 68 16 67 97<\/span><\/span><\/p>\t\t\t\t\t\t\t\t<\/div>\n\t\t\t\t<\/div>\n\t\t\t\t<div class=\"elementor-element elementor-element-31b1f34 elementor-align-center elementor-widget elementor-widget-button\" data-id=\"31b1f34\" data-element_type=\"widget\" data-widget_type=\"button.default\">\n\t\t\t\t<div class=\"elementor-widget-container\">\n\t\t\t\t\t\t\t\t\t<div class=\"elementor-button-wrapper\">\n\t\t\t\t\t<a class=\"elementor-button elementor-button-link elementor-size-sm\" href=\"https:\/\/www.tripadvisor.fr\/Hotel_Review-g293779-d12617364-Reviews-Radisson_Blu_Hotel_N_djamena-N_Djamena.html\">\n\t\t\t\t\t\t<span class=\"elementor-button-content-wrapper\">\n\t\t\t\t\t\t\t\t\t<span class=\"elementor-button-text\">R\u00e9servez <\/span>\n\t\t\t\t\t<\/span>\n\t\t\t\t\t<\/a>\n\t\t\t\t<\/div>\n\t\t\t\t\t\t\t\t<\/div>\n\t\t\t\t<\/div>\n\t\t\t\t\t<\/div>\n\t\t<\/div>\n\t\t\t\t<div class=\"elementor-column elementor-col-33 elementor-inner-column elementor-element elementor-element-1d91a6c\" data-id=\"1d91a6c\" data-element_type=\"column\">\n\t\t\t<div class=\"elementor-widget-wrap elementor-element-populated\">\n\t\t\t\t\t\t<div class=\"elementor-element elementor-element-e74fce5 elementor-widget elementor-widget-image\" data-id=\"e74fce5\" data-element_type=\"widget\" data-widget_type=\"image.default\">\n\t\t\t\t<div class=\"elementor-widget-container\">\n\t\t\t\t\t\t\t\t\t\t\t\t\t\t\t<img decoding=\"async\" width=\"800\" height=\"444\" src=\"https:\/\/semicatchad.com\/wp-content\/uploads\/2026\/01\/hotel-la-residence.jpg\" class=\"attachment-large size-large wp-image-2531\" alt=\"\" srcset=\"https:\/\/semicatchad.com\/wp-content\/uploads\/2026\/01\/hotel-la-residence.jpg 900w, https:\/\/semicatchad.com\/wp-content\/uploads\/2026\/01\/hotel-la-residence-300x167.jpg 300w, https:\/\/semicatchad.com\/wp-content\/uploads\/2026\/01\/hotel-la-residence-768x427.jpg 768w, https:\/\/semicatchad.com\/wp-content\/uploads\/2026\/01\/hotel-la-residence-18x10.jpg 18w\" sizes=\"(max-width: 800px) 100vw, 800px\" \/>\t\t\t\t\t\t\t\t\t\t\t\t\t\t\t<\/div>\n\t\t\t\t<\/div>\n\t\t\t\t<div class=\"elementor-element elementor-element-296e895 elementor-widget elementor-widget-heading\" data-id=\"296e895\" data-element_type=\"widget\" data-widget_type=\"heading.default\">\n\t\t\t\t<div class=\"elementor-widget-container\">\n\t\t\t\t\t<h2 class=\"elementor-heading-title elementor-size-default\">La Residence Hotel<\/h2>\t\t\t\t<\/div>\n\t\t\t\t<\/div>\n\t\t\t\t<div class=\"elementor-element elementor-element-4e5a693 elementor-widget elementor-widget-text-editor\" data-id=\"4e5a693\" data-element_type=\"widget\" data-widget_type=\"text-editor.default\">\n\t\t\t\t<div class=\"elementor-widget-container\">\n\t\t\t\t\t\t\t\t\t<p>Rue 1039, Quartier A\u00e9roport, N&rsquo;Djam\u00e9na<\/p><div class=\"Preview_componentWrapper__2i4QI\" data-id=\"1BEB6CAC-1B61-4E4F-92AB-C69B932F15E6\" data-kind=\"PHONE\"><div class=\"Preview_component__SbiKo\" data-in-template=\"false\" data-id=\"1BEB6CAC-1B61-4E4F-92AB-C69B932F15E6\" data-kind=\"Component\" data-specific-kind=\"PHONE\"><div><div class=\"textnormal\"><div><div class=\"textnormal\">+235\u00a098\u00a098\u00a046\u00a000<\/div><\/div><\/div><\/div><\/div><\/div><p>reservation@la-residence-hotel.com<\/p>\t\t\t\t\t\t\t\t<\/div>\n\t\t\t\t<\/div>\n\t\t\t\t<div class=\"elementor-element elementor-element-b294fb5 elementor-align-center elementor-widget elementor-widget-button\" data-id=\"b294fb5\" data-element_type=\"widget\" data-widget_type=\"button.default\">\n\t\t\t\t<div class=\"elementor-widget-container\">\n\t\t\t\t\t\t\t\t\t<div class=\"elementor-button-wrapper\">\n\t\t\t\t\t<a class=\"elementor-button elementor-button-link elementor-size-sm\" href=\"https:\/\/www.tripadvisor.fr\/Hotel_Review-g293779-d3240305-Reviews-La_Residence_Hotel-N_Djamena.html\">\n\t\t\t\t\t\t<span class=\"elementor-button-content-wrapper\">\n\t\t\t\t\t\t\t\t\t<span class=\"elementor-button-text\">R\u00e9servez <\/span>\n\t\t\t\t\t<\/span>\n\t\t\t\t\t<\/a>\n\t\t\t\t<\/div>\n\t\t\t\t\t\t\t\t<\/div>\n\t\t\t\t<\/div>\n\t\t\t\t\t<\/div>\n\t\t<\/div>\n\t\t\t\t<div class=\"elementor-column elementor-col-33 elementor-inner-column elementor-element elementor-element-8be6514\" data-id=\"8be6514\" data-element_type=\"column\">\n\t\t\t<div class=\"elementor-widget-wrap elementor-element-populated\">\n\t\t\t\t\t\t<div class=\"elementor-element elementor-element-e066a16 elementor-widget elementor-widget-image\" data-id=\"e066a16\" data-element_type=\"widget\" data-widget_type=\"image.default\">\n\t\t\t\t<div class=\"elementor-widget-container\">\n\t\t\t\t\t\t\t\t\t\t\t\t\t\t\t<img decoding=\"async\" width=\"800\" height=\"444\" src=\"https:\/\/semicatchad.com\/wp-content\/uploads\/2026\/01\/facade.jpg\" class=\"attachment-large size-large wp-image-2532\" alt=\"\" srcset=\"https:\/\/semicatchad.com\/wp-content\/uploads\/2026\/01\/facade.jpg 900w, https:\/\/semicatchad.com\/wp-content\/uploads\/2026\/01\/facade-300x167.jpg 300w, https:\/\/semicatchad.com\/wp-content\/uploads\/2026\/01\/facade-768x427.jpg 768w, https:\/\/semicatchad.com\/wp-content\/uploads\/2026\/01\/facade-18x10.jpg 18w\" sizes=\"(max-width: 800px) 100vw, 800px\" \/>\t\t\t\t\t\t\t\t\t\t\t\t\t\t\t<\/div>\n\t\t\t\t<\/div>\n\t\t\t\t<div class=\"elementor-element elementor-element-eedac1a elementor-widget elementor-widget-heading\" data-id=\"eedac1a\" data-element_type=\"widget\" data-widget_type=\"heading.default\">\n\t\t\t\t<div class=\"elementor-widget-container\">\n\t\t\t\t\t<h2 class=\"elementor-heading-title elementor-size-default\">Hotel L'Amitie N'Djamena<\/h2>\t\t\t\t<\/div>\n\t\t\t\t<\/div>\n\t\t\t\t<div class=\"elementor-element elementor-element-bc27711 elementor-widget elementor-widget-text-editor\" data-id=\"bc27711\" data-element_type=\"widget\" data-widget_type=\"text-editor.default\">\n\t\t\t\t<div class=\"elementor-widget-container\">\n\t\t\t\t\t\t\t\t\t<div class=\"x9f619 x1ja2u2z x78zum5 x2lah0s x1n2onr6 x1nhvcw1 x1qjc9v5 xozqiw3 x1q0g3np xyri2b x1c1uobl x18d9i69 xyamay9 x1ws5yxj xw01apr x4cne27 xifccgj\"><div class=\"x9f619 x1n2onr6 x1ja2u2z x78zum5 xdt5ytf x2lah0s x193iq5w xeuugli x1icxu4v x25sj25 x10b6aqq x1yrsyyn\"><span class=\"x193iq5w xeuugli x13faqbe x1vvkbs x1xmvt09 x1lliihq x1s928wv xhkezso x1gmr53x x1cpjm7i x1fgarty x1943h6x xudqn12 x3x7a5m x6prxxf xvq8zen xo1l8bm xzsf02u\" dir=\"auto\">Quartier Diguel Est, N&rsquo;Djamena, Chad<\/span><\/div><\/div><p><span id=\"overview\" class=\"HALYaf fwfrGd ftRkTe KKjvXb\" role=\"tabpanel\" data-ved=\"0CAcQ9c4CahcKEwiwsK7I_PKRAxUAAAAAHQAAAAAQYQ\" data-hveid=\"7\"><span class=\"CFH2De\" dir=\"ltr\">+235 22 53 12 53<\/span><\/span><\/p><p>\u00a0<\/p>\t\t\t\t\t\t\t\t<\/div>\n\t\t\t\t<\/div>\n\t\t\t\t<div class=\"elementor-element elementor-element-fe9df63 elementor-align-center elementor-widget elementor-widget-button\" data-id=\"fe9df63\" data-element_type=\"widget\" data-widget_type=\"button.default\">\n\t\t\t\t<div class=\"elementor-widget-container\">\n\t\t\t\t\t\t\t\t\t<div class=\"elementor-button-wrapper\">\n\t\t\t\t\t<a class=\"elementor-button elementor-button-link elementor-size-sm\" href=\"https:\/\/www.tripadvisor.fr\/Hotel_Review-g293779-d28651820-Reviews-Hotel_L_Amitie_N_Djamena-N_Djamena.html\">\n\t\t\t\t\t\t<span class=\"elementor-button-content-wrapper\">\n\t\t\t\t\t\t\t\t\t<span class=\"elementor-button-text\">R\u00e9servez <\/span>\n\t\t\t\t\t<\/span>\n\t\t\t\t\t<\/a>\n\t\t\t\t<\/div>\n\t\t\t\t\t\t\t\t<\/div>\n\t\t\t\t<\/div>\n\t\t\t\t\t<\/div>\n\t\t<\/div>\n\t\t\t\t\t<\/div>\n\t\t<\/section>\n\t\t\t\t\t<\/div>\n\t\t<\/div>\n\t\t\t\t\t<\/div>\n\t\t<\/section>\n\t\t\t\t<\/div>","protected":false},"excerpt":{"rendered":"<p>Radisson Blu Hotel, N&rsquo;djamena Quartier Sabangali, Cit\u00e9 du 1er d\u00e9cembre, N&rsquo;Djamena +235 68 16 67 97 R\u00e9servez La Residence Hotel Rue 1039, Quartier A\u00e9roport, N&rsquo;Djam\u00e9na +235\u00a098\u00a098\u00a046\u00a000 reservation@la-residence-hotel.com R\u00e9servez Hotel L&rsquo;Amitie N&rsquo;Djamena Quartier Diguel Est, N&rsquo;Djamena, Chad +235 22 53 12 53 \u00a0 R\u00e9servez<\/p>","protected":false},"author":1,"featured_media":0,"parent":0,"menu_order":0,"comment_status":"closed","ping_status":"closed","template":"","meta":{"footnotes":""},"class_list":["post-2527","page","type-page","status-publish","hentry"],"yoast_head":"<!-- This site is optimized with the Yoast SEO plugin v26.5 - https:\/\/yoast.com\/wordpress\/plugins\/seo\/ -->\n<title>H\u00e9bergements - SEMICA TCHAD 2026<\/title>\n<meta name=\"description\" content=\"D\u00e9couvrez notre s\u00e9lection d\u2019h\u00f4tels haut de gamme recommand\u00e9s aux participants du SEMICA Tchad 2026, alliant confort, s\u00e9curit\u00e9 et proximit\u00e9 du lieu de l\u2019\u00e9v\u00e9nement.\" \/>\n<meta name=\"robots\" content=\"index, follow, max-snippet:-1, max-image-preview:large, max-video-preview:-1\" \/>\n<link rel=\"canonical\" href=\"https:\/\/semicatchad.com\/en\/hebergements\/\" \/>\n<meta property=\"og:locale\" content=\"en_GB\" \/>\n<meta property=\"og:type\" content=\"article\" \/>\n<meta property=\"og:title\" content=\"H\u00e9bergements - SEMICA TCHAD 2026\" \/>\n<meta property=\"og:description\" content=\"D\u00e9couvrez notre s\u00e9lection d\u2019h\u00f4tels haut de gamme recommand\u00e9s aux participants du SEMICA Tchad 2026, alliant confort, s\u00e9curit\u00e9 et proximit\u00e9 du lieu de l\u2019\u00e9v\u00e9nement.\" \/>\n<meta property=\"og:url\" content=\"https:\/\/semicatchad.com\/en\/hebergements\/\" \/>\n<meta property=\"og:site_name\" content=\"SEMICA TCHAD 2026\" \/>\n<meta property=\"article:modified_time\" content=\"2026-01-04T22:59:24+00:00\" \/>\n<meta property=\"og:image\" content=\"https:\/\/semicatchad.com\/wp-content\/uploads\/2026\/01\/hotel-facade.jpg\" \/>\n<meta name=\"twitter:card\" content=\"summary_large_image\" \/>\n<meta name=\"twitter:label1\" content=\"Estimated reading time\" \/>\n\t<meta name=\"twitter:data1\" content=\"1 minute\" \/>\n<script type=\"application\/ld+json\" class=\"yoast-schema-graph\">{\"@context\":\"https:\/\/schema.org\",\"@graph\":[{\"@type\":\"WebPage\",\"@id\":\"https:\/\/semicatchad.com\/hebergements\/\",\"url\":\"https:\/\/semicatchad.com\/hebergements\/\",\"name\":\"H\u00e9bergements - SEMICA TCHAD 2026\",\"isPartOf\":{\"@id\":\"https:\/\/semicatchad.com\/#website\"},\"primaryImageOfPage\":{\"@id\":\"https:\/\/semicatchad.com\/hebergements\/#primaryimage\"},\"image\":{\"@id\":\"https:\/\/semicatchad.com\/hebergements\/#primaryimage\"},\"thumbnailUrl\":\"https:\/\/semicatchad.com\/wp-content\/uploads\/2026\/01\/hotel-facade.jpg\",\"datePublished\":\"2026-01-04T22:40:18+00:00\",\"dateModified\":\"2026-01-04T22:59:24+00:00\",\"description\":\"D\u00e9couvrez notre s\u00e9lection d\u2019h\u00f4tels haut de gamme recommand\u00e9s aux participants du SEMICA Tchad 2026, alliant confort, s\u00e9curit\u00e9 et proximit\u00e9 du lieu de l\u2019\u00e9v\u00e9nement.\",\"breadcrumb\":{\"@id\":\"https:\/\/semicatchad.com\/hebergements\/#breadcrumb\"},\"inLanguage\":\"en-GB\",\"potentialAction\":[{\"@type\":\"ReadAction\",\"target\":[\"https:\/\/semicatchad.com\/hebergements\/\"]}]},{\"@type\":\"ImageObject\",\"inLanguage\":\"en-GB\",\"@id\":\"https:\/\/semicatchad.com\/hebergements\/#primaryimage\",\"url\":\"https:\/\/semicatchad.com\/wp-content\/uploads\/2026\/01\/hotel-facade.jpg\",\"contentUrl\":\"https:\/\/semicatchad.com\/wp-content\/uploads\/2026\/01\/hotel-facade.jpg\"},{\"@type\":\"BreadcrumbList\",\"@id\":\"https:\/\/semicatchad.com\/hebergements\/#breadcrumb\",\"itemListElement\":[{\"@type\":\"ListItem\",\"position\":1,\"name\":\"Accueil\",\"item\":\"https:\/\/semicatchad.com\/\"},{\"@type\":\"ListItem\",\"position\":2,\"name\":\"H\u00e9bergements\"}]},{\"@type\":\"WebSite\",\"@id\":\"https:\/\/semicatchad.com\/#website\",\"url\":\"https:\/\/semicatchad.com\/\",\"name\":\"SEMICA TCHAD 2026\",\"description\":\"Salon International de l&#039;Energie, des Mines et des Hydrocarbures du 21 au 23 Janvier 2026, N&#039;Djam\u00e9na, Tchad\",\"publisher\":{\"@id\":\"https:\/\/semicatchad.com\/#organization\"},\"potentialAction\":[{\"@type\":\"SearchAction\",\"target\":{\"@type\":\"EntryPoint\",\"urlTemplate\":\"https:\/\/semicatchad.com\/?s={search_term_string}\"},\"query-input\":{\"@type\":\"PropertyValueSpecification\",\"valueRequired\":true,\"valueName\":\"search_term_string\"}}],\"inLanguage\":\"en-GB\"},{\"@type\":\"Organization\",\"@id\":\"https:\/\/semicatchad.com\/#organization\",\"name\":\"SEMICA TCHAD 2026\",\"url\":\"https:\/\/semicatchad.com\/\",\"logo\":{\"@type\":\"ImageObject\",\"inLanguage\":\"en-GB\",\"@id\":\"https:\/\/semicatchad.com\/#\/schema\/logo\/image\/\",\"url\":\"https:\/\/semicatchad.com\/wp-content\/uploads\/2023\/01\/Icon-site-semica-tchad_Plan-de-travail-1.png\",\"contentUrl\":\"https:\/\/semicatchad.com\/wp-content\/uploads\/2023\/01\/Icon-site-semica-tchad_Plan-de-travail-1.png\",\"width\":209,\"height\":209,\"caption\":\"SEMICA TCHAD 2026\"},\"image\":{\"@id\":\"https:\/\/semicatchad.com\/#\/schema\/logo\/image\/\"}}]}<\/script>\n<!-- \/ Yoast SEO plugin. -->","yoast_head_json":{"title":"H\u00e9bergements - SEMICA TCHAD 2026","description":"D\u00e9couvrez notre s\u00e9lection d\u2019h\u00f4tels haut de gamme recommand\u00e9s aux participants du SEMICA Tchad 2026, alliant confort, s\u00e9curit\u00e9 et proximit\u00e9 du lieu de l\u2019\u00e9v\u00e9nement.","robots":{"index":"index","follow":"follow","max-snippet":"max-snippet:-1","max-image-preview":"max-image-preview:large","max-video-preview":"max-video-preview:-1"},"canonical":"https:\/\/semicatchad.com\/en\/hebergements\/","og_locale":"en_GB","og_type":"article","og_title":"H\u00e9bergements - SEMICA TCHAD 2026","og_description":"D\u00e9couvrez notre s\u00e9lection d\u2019h\u00f4tels haut de gamme recommand\u00e9s aux participants du SEMICA Tchad 2026, alliant confort, s\u00e9curit\u00e9 et proximit\u00e9 du lieu de l\u2019\u00e9v\u00e9nement.","og_url":"https:\/\/semicatchad.com\/en\/hebergements\/","og_site_name":"SEMICA TCHAD 2026","article_modified_time":"2026-01-04T22:59:24+00:00","og_image":[{"url":"https:\/\/semicatchad.com\/wp-content\/uploads\/2026\/01\/hotel-facade.jpg","type":"","width":"","height":""}],"twitter_card":"summary_large_image","twitter_misc":{"Estimated reading time":"1 minute"},"schema":{"@context":"https:\/\/schema.org","@graph":[{"@type":"WebPage","@id":"https:\/\/semicatchad.com\/hebergements\/","url":"https:\/\/semicatchad.com\/hebergements\/","name":"H\u00e9bergements - SEMICA TCHAD 2026","isPartOf":{"@id":"https:\/\/semicatchad.com\/#website"},"primaryImageOfPage":{"@id":"https:\/\/semicatchad.com\/hebergements\/#primaryimage"},"image":{"@id":"https:\/\/semicatchad.com\/hebergements\/#primaryimage"},"thumbnailUrl":"https:\/\/semicatchad.com\/wp-content\/uploads\/2026\/01\/hotel-facade.jpg","datePublished":"2026-01-04T22:40:18+00:00","dateModified":"2026-01-04T22:59:24+00:00","description":"D\u00e9couvrez notre s\u00e9lection d\u2019h\u00f4tels haut de gamme recommand\u00e9s aux participants du SEMICA Tchad 2026, alliant confort, s\u00e9curit\u00e9 et proximit\u00e9 du lieu de l\u2019\u00e9v\u00e9nement.","breadcrumb":{"@id":"https:\/\/semicatchad.com\/hebergements\/#breadcrumb"},"inLanguage":"en-GB","potentialAction":[{"@type":"ReadAction","target":["https:\/\/semicatchad.com\/hebergements\/"]}]},{"@type":"ImageObject","inLanguage":"en-GB","@id":"https:\/\/semicatchad.com\/hebergements\/#primaryimage","url":"https:\/\/semicatchad.com\/wp-content\/uploads\/2026\/01\/hotel-facade.jpg","contentUrl":"https:\/\/semicatchad.com\/wp-content\/uploads\/2026\/01\/hotel-facade.jpg"},{"@type":"BreadcrumbList","@id":"https:\/\/semicatchad.com\/hebergements\/#breadcrumb","itemListElement":[{"@type":"ListItem","position":1,"name":"Accueil","item":"https:\/\/semicatchad.com\/"},{"@type":"ListItem","position":2,"name":"H\u00e9bergements"}]},{"@type":"WebSite","@id":"https:\/\/semicatchad.com\/#website","url":"https:\/\/semicatchad.com\/","name":"SEMICA TCHAD 2026","description":"Salon International de l&#039;Energie, des Mines et des Hydrocarbures du 21 au 23 Janvier 2026, N&#039;Djam\u00e9na, Tchad","publisher":{"@id":"https:\/\/semicatchad.com\/#organization"},"potentialAction":[{"@type":"SearchAction","target":{"@type":"EntryPoint","urlTemplate":"https:\/\/semicatchad.com\/?s={search_term_string}"},"query-input":{"@type":"PropertyValueSpecification","valueRequired":true,"valueName":"search_term_string"}}],"inLanguage":"en-GB"},{"@type":"Organization","@id":"https:\/\/semicatchad.com\/#organization","name":"SEMICA TCHAD 2026","url":"https:\/\/semicatchad.com\/","logo":{"@type":"ImageObject","inLanguage":"en-GB","@id":"https:\/\/semicatchad.com\/#\/schema\/logo\/image\/","url":"https:\/\/semicatchad.com\/wp-content\/uploads\/2023\/01\/Icon-site-semica-tchad_Plan-de-travail-1.png","contentUrl":"https:\/\/semicatchad.com\/wp-content\/uploads\/2023\/01\/Icon-site-semica-tchad_Plan-de-travail-1.png","width":209,"height":209,"caption":"SEMICA TCHAD 2026"},"image":{"@id":"https:\/\/semicatchad.com\/#\/schema\/logo\/image\/"}}]}},"_links":{"self":[{"href":"https:\/\/semicatchad.com\/en\/wp-json\/wp\/v2\/pages\/2527","targetHints":{"allow":["GET"]}}],"collection":[{"href":"https:\/\/semicatchad.com\/en\/wp-json\/wp\/v2\/pages"}],"about":[{"href":"https:\/\/semicatchad.com\/en\/wp-json\/wp\/v2\/types\/page"}],"author":[{"embeddable":true,"href":"https:\/\/semicatchad.com\/en\/wp-json\/wp\/v2\/users\/1"}],"replies":[{"embeddable":true,"href":"https:\/\/semicatchad.com\/en\/wp-json\/wp\/v2\/comments?post=2527"}],"version-history":[{"count":4,"href":"https:\/\/semicatchad.com\/en\/wp-json\/wp\/v2\/pages\/2527\/revisions"}],"predecessor-version":[{"id":2535,"href":"https:\/\/semicatchad.com\/en\/wp-json\/wp\/v2\/pages\/2527\/revisions\/2535"}],"wp:attachment":[{"href":"https:\/\/semicatchad.com\/en\/wp-json\/wp\/v2\/media?parent=2527"}],"curies":[{"name":"wp","href":"https:\/\/api.w.org\/{rel}","templated":true}]}}