{"id":707,"date":"2023-01-25T21:54:36","date_gmt":"2023-01-25T20:54:36","guid":{"rendered":"https:\/\/semicatchad.com\/?page_id=707"},"modified":"2026-01-22T20:55:33","modified_gmt":"2026-01-22T20:55:33","slug":"pourquoi-exposer","status":"publish","type":"page","link":"https:\/\/semicatchad.com\/en\/pourquoi-exposer\/","title":{"rendered":"Why exhibit?"},"content":{"rendered":"<div data-elementor-type=\"wp-page\" data-elementor-id=\"707\" class=\"elementor elementor-707\" data-elementor-post-type=\"page\">\n\t\t\t\t\t\t<section data-particle_enable=\"false\" data-particle-mobile-disabled=\"false\" class=\"elementor-section elementor-top-section elementor-element elementor-element-4ecdd3f elementor-section-boxed elementor-section-height-default elementor-section-height-default\" data-id=\"4ecdd3f\" data-element_type=\"section\" data-settings=\"{&quot;background_background&quot;:&quot;classic&quot;}\">\n\t\t\t\t\t\t<div class=\"elementor-container elementor-column-gap-default\">\n\t\t\t\t\t<div class=\"elementor-column elementor-col-50 elementor-top-column elementor-element elementor-element-a686104\" data-id=\"a686104\" data-element_type=\"column\">\n\t\t\t<div class=\"elementor-widget-wrap elementor-element-populated\">\n\t\t\t\t\t\t\t<\/div>\n\t\t<\/div>\n\t\t\t\t<div class=\"elementor-column elementor-col-50 elementor-top-column elementor-element elementor-element-535ec98 elementor-hidden-mobile\" data-id=\"535ec98\" data-element_type=\"column\">\n\t\t\t<div class=\"elementor-widget-wrap\">\n\t\t\t\t\t\t\t<\/div>\n\t\t<\/div>\n\t\t\t\t\t<\/div>\n\t\t<\/section>\n\t\t\t\t<section data-particle_enable=\"false\" data-particle-mobile-disabled=\"false\" class=\"elementor-section elementor-top-section elementor-element elementor-element-083d85a elementor-section-boxed elementor-section-height-default elementor-section-height-default\" data-id=\"083d85a\" data-element_type=\"section\">\n\t\t\t\t\t\t<div class=\"elementor-container elementor-column-gap-default\">\n\t\t\t\t\t<div class=\"elementor-column elementor-col-100 elementor-top-column elementor-element elementor-element-f9f4476\" data-id=\"f9f4476\" data-element_type=\"column\">\n\t\t\t<div class=\"elementor-widget-wrap elementor-element-populated\">\n\t\t\t\t\t\t<div class=\"elementor-element elementor-element-ba060ac elementor-widget elementor-widget-heading\" data-id=\"ba060ac\" data-element_type=\"widget\" data-widget_type=\"heading.default\">\n\t\t\t\t<div class=\"elementor-widget-container\">\n\t\t\t\t\t<h2 class=\"elementor-heading-title elementor-size-default\">Exposer au SEMICA TCHAD 2026 c\u2019est :<\/h2>\t\t\t\t<\/div>\n\t\t\t\t<\/div>\n\t\t\t\t\t<\/div>\n\t\t<\/div>\n\t\t\t\t\t<\/div>\n\t\t<\/section>\n\t\t\t\t<section data-particle_enable=\"false\" data-particle-mobile-disabled=\"false\" class=\"elementor-section elementor-top-section elementor-element elementor-element-28857b6 elementor-section-boxed elementor-section-height-default elementor-section-height-default\" data-id=\"28857b6\" data-element_type=\"section\">\n\t\t\t\t\t\t<div class=\"elementor-container elementor-column-gap-default\">\n\t\t\t\t\t<div class=\"elementor-column elementor-col-100 elementor-top-column elementor-element elementor-element-e1f598b\" data-id=\"e1f598b\" data-element_type=\"column\">\n\t\t\t<div class=\"elementor-widget-wrap elementor-element-populated\">\n\t\t\t\t\t\t<section data-particle_enable=\"false\" data-particle-mobile-disabled=\"false\" class=\"elementor-section elementor-inner-section elementor-element elementor-element-fd4c822 elementor-section-boxed elementor-section-height-default elementor-section-height-default\" data-id=\"fd4c822\" data-element_type=\"section\">\n\t\t\t\t\t\t<div class=\"elementor-container elementor-column-gap-default\">\n\t\t\t\t\t<div class=\"elementor-column elementor-col-50 elementor-inner-column elementor-element elementor-element-73786d9\" data-id=\"73786d9\" data-element_type=\"column\">\n\t\t\t<div class=\"elementor-widget-wrap elementor-element-populated\">\n\t\t\t\t\t\t<div class=\"elementor-element elementor-element-1def77e elementor-widget elementor-widget-heading\" data-id=\"1def77e\" data-element_type=\"widget\" data-widget_type=\"heading.default\">\n\t\t\t\t<div class=\"elementor-widget-container\">\n\t\t\t\t\t<h2 class=\"elementor-heading-title elementor-size-default\">Increased visibility <\/h2>\t\t\t\t<\/div>\n\t\t\t\t<\/div>\n\t\t\t\t<div class=\"elementor-element elementor-element-5d519f5 elementor-widget elementor-widget-text-editor\" data-id=\"5d519f5\" data-element_type=\"widget\" data-widget_type=\"text-editor.default\">\n\t\t\t\t<div class=\"elementor-widget-container\">\n\t\t\t\t\t\t\t\t\t<p>By exhibiting at SEMICA, you can increase your company's visibility in the African mining, oil, gas and energy industry. It is a unique opportunity for your company to gain exposure and strengthen its reputation in the industry.<\/p>\t\t\t\t\t\t\t\t<\/div>\n\t\t\t\t<\/div>\n\t\t\t\t<div class=\"elementor-element elementor-element-8a60a0e elementor-widget elementor-widget-heading\" data-id=\"8a60a0e\" data-element_type=\"widget\" data-widget_type=\"heading.default\">\n\t\t\t\t<div class=\"elementor-widget-container\">\n\t\t\t\t\t<h2 class=\"elementor-heading-title elementor-size-default\">Networking opportunities <\/h2>\t\t\t\t<\/div>\n\t\t\t\t<\/div>\n\t\t\t\t<div class=\"elementor-element elementor-element-fde4d3f elementor-widget elementor-widget-text-editor\" data-id=\"fde4d3f\" data-element_type=\"widget\" data-widget_type=\"text-editor.default\">\n\t\t\t\t<div class=\"elementor-widget-container\">\n\t\t\t\t\t\t\t\t\t<p>SEMICA offers a unique opportunity to meet key industry professionals, investors and policy makers. By exhibiting, you can make valuable business contacts and expand your professional network.\u00a0<\/p>\t\t\t\t\t\t\t\t<\/div>\n\t\t\t\t<\/div>\n\t\t\t\t\t<\/div>\n\t\t<\/div>\n\t\t\t\t<div class=\"elementor-column elementor-col-50 elementor-inner-column elementor-element elementor-element-bee7199\" data-id=\"bee7199\" data-element_type=\"column\">\n\t\t\t<div class=\"elementor-widget-wrap elementor-element-populated\">\n\t\t\t\t\t\t<div class=\"elementor-element elementor-element-eeb3439 elementor-widget elementor-widget-image\" data-id=\"eeb3439\" data-element_type=\"widget\" data-widget_type=\"image.default\">\n\t\t\t\t<div class=\"elementor-widget-container\">\n\t\t\t\t\t\t\t\t\t\t\t\t\t\t\t<img fetchpriority=\"high\" decoding=\"async\" width=\"800\" height=\"534\" src=\"https:\/\/semicatchad.com\/wp-content\/uploads\/2025\/02\/Exposant-1024x683.jpg\" class=\"attachment-large size-large wp-image-1628\" alt=\"\" srcset=\"https:\/\/semicatchad.com\/wp-content\/uploads\/2025\/02\/Exposant-1024x683.jpg 1024w, https:\/\/semicatchad.com\/wp-content\/uploads\/2025\/02\/Exposant-300x200.jpg 300w, https:\/\/semicatchad.com\/wp-content\/uploads\/2025\/02\/Exposant-768x512.jpg 768w, https:\/\/semicatchad.com\/wp-content\/uploads\/2025\/02\/Exposant-18x12.jpg 18w, https:\/\/semicatchad.com\/wp-content\/uploads\/2025\/02\/Exposant.jpg 1152w\" sizes=\"(max-width: 800px) 100vw, 800px\" \/>\t\t\t\t\t\t\t\t\t\t\t\t\t\t\t<\/div>\n\t\t\t\t<\/div>\n\t\t\t\t\t<\/div>\n\t\t<\/div>\n\t\t\t\t\t<\/div>\n\t\t<\/section>\n\t\t\t\t<section data-particle_enable=\"false\" data-particle-mobile-disabled=\"false\" class=\"elementor-section elementor-inner-section elementor-element elementor-element-9312afc elementor-reverse-mobile elementor-section-boxed elementor-section-height-default elementor-section-height-default\" data-id=\"9312afc\" data-element_type=\"section\">\n\t\t\t\t\t\t<div class=\"elementor-container elementor-column-gap-default\">\n\t\t\t\t\t<div class=\"elementor-column elementor-col-50 elementor-inner-column elementor-element elementor-element-66d35bd\" data-id=\"66d35bd\" data-element_type=\"column\">\n\t\t\t<div class=\"elementor-widget-wrap elementor-element-populated\">\n\t\t\t\t\t\t<div class=\"elementor-element elementor-element-bf4f62c elementor-widget elementor-widget-image\" data-id=\"bf4f62c\" data-element_type=\"widget\" data-widget_type=\"image.default\">\n\t\t\t\t<div class=\"elementor-widget-container\">\n\t\t\t\t\t\t\t\t\t\t\t\t\t\t\t<img decoding=\"async\" width=\"800\" height=\"534\" src=\"https:\/\/semicatchad.com\/wp-content\/uploads\/2025\/02\/SEMICA-EVENEMENT-4-1024x683.jpg\" class=\"attachment-large size-large wp-image-1437\" alt=\"\" srcset=\"https:\/\/semicatchad.com\/wp-content\/uploads\/2025\/02\/SEMICA-EVENEMENT-4-1024x683.jpg 1024w, https:\/\/semicatchad.com\/wp-content\/uploads\/2025\/02\/SEMICA-EVENEMENT-4-300x200.jpg 300w, https:\/\/semicatchad.com\/wp-content\/uploads\/2025\/02\/SEMICA-EVENEMENT-4-768x512.jpg 768w, https:\/\/semicatchad.com\/wp-content\/uploads\/2025\/02\/SEMICA-EVENEMENT-4-18x12.jpg 18w, https:\/\/semicatchad.com\/wp-content\/uploads\/2025\/02\/SEMICA-EVENEMENT-4.jpg 1152w\" sizes=\"(max-width: 800px) 100vw, 800px\" \/>\t\t\t\t\t\t\t\t\t\t\t\t\t\t\t<\/div>\n\t\t\t\t<\/div>\n\t\t\t\t\t<\/div>\n\t\t<\/div>\n\t\t\t\t<div class=\"elementor-column elementor-col-50 elementor-inner-column elementor-element elementor-element-b667539\" data-id=\"b667539\" data-element_type=\"column\">\n\t\t\t<div class=\"elementor-widget-wrap elementor-element-populated\">\n\t\t\t\t\t\t<div class=\"elementor-element elementor-element-25086ab elementor-widget elementor-widget-heading\" data-id=\"25086ab\" data-element_type=\"widget\" data-widget_type=\"heading.default\">\n\t\t\t\t<div class=\"elementor-widget-container\">\n\t\t\t\t\t<h2 class=\"elementor-heading-title elementor-size-default\">Exhibition of products and services <\/h2>\t\t\t\t<\/div>\n\t\t\t\t<\/div>\n\t\t\t\t<div class=\"elementor-element elementor-element-1db50df elementor-widget elementor-widget-text-editor\" data-id=\"1db50df\" data-element_type=\"widget\" data-widget_type=\"text-editor.default\">\n\t\t\t\t<div class=\"elementor-widget-container\">\n\t\t\t\t\t\t\t\t\t<p>SEMICA is an ideal forum to present your products and services to visitors and industry professionals. You can showcase your latest technological innovations, current projects and discuss the future of your business in the mining, oil and gas and energy sectors.<\/p>\t\t\t\t\t\t\t\t<\/div>\n\t\t\t\t<\/div>\n\t\t\t\t<div class=\"elementor-element elementor-element-4504ca3 elementor-widget elementor-widget-heading\" data-id=\"4504ca3\" data-element_type=\"widget\" data-widget_type=\"heading.default\">\n\t\t\t\t<div class=\"elementor-widget-container\">\n\t\t\t\t\t<h2 class=\"elementor-heading-title elementor-size-default\">Investment opportunities <\/h2>\t\t\t\t<\/div>\n\t\t\t\t<\/div>\n\t\t\t\t<div class=\"elementor-element elementor-element-9de926b elementor-widget elementor-widget-text-editor\" data-id=\"9de926b\" data-element_type=\"widget\" data-widget_type=\"text-editor.default\">\n\t\t\t\t<div class=\"elementor-widget-container\">\n\t\t\t\t\t\t\t\t\t<p>SEMICA attracts investors from all over the world, looking to invest in the mining, oil, gas and energy industries in Africa. By exhibiting at SEMICA, you can attract the attention of potential investors and discuss projects and investment opportunities.\u00a0<\/p>\t\t\t\t\t\t\t\t<\/div>\n\t\t\t\t<\/div>\n\t\t\t\t\t<\/div>\n\t\t<\/div>\n\t\t\t\t\t<\/div>\n\t\t<\/section>\n\t\t\t\t\t<\/div>\n\t\t<\/div>\n\t\t\t\t\t<\/div>\n\t\t<\/section>\n\t\t\t\t<section data-particle_enable=\"false\" data-particle-mobile-disabled=\"false\" class=\"elementor-section elementor-top-section elementor-element elementor-element-9355c8c elementor-section-boxed elementor-section-height-default elementor-section-height-default\" data-id=\"9355c8c\" data-element_type=\"section\" id=\"fiche\">\n\t\t\t\t\t\t<div class=\"elementor-container elementor-column-gap-default\">\n\t\t\t\t\t<div class=\"elementor-column elementor-col-100 elementor-top-column elementor-element elementor-element-334e9f78\" data-id=\"334e9f78\" data-element_type=\"column\">\n\t\t\t<div class=\"elementor-widget-wrap elementor-element-populated\">\n\t\t\t\t\t\t<section data-particle_enable=\"false\" data-particle-mobile-disabled=\"false\" class=\"elementor-section elementor-inner-section elementor-element elementor-element-2a05a39 elementor-section-boxed elementor-section-height-default elementor-section-height-default\" data-id=\"2a05a39\" data-element_type=\"section\">\n\t\t\t\t\t\t<div class=\"elementor-container elementor-column-gap-default\">\n\t\t\t\t\t<div class=\"elementor-column elementor-col-100 elementor-inner-column elementor-element elementor-element-b40c59d\" data-id=\"b40c59d\" data-element_type=\"column\">\n\t\t\t<div class=\"elementor-widget-wrap elementor-element-populated\">\n\t\t\t\t\t\t<div class=\"elementor-element elementor-element-673dbd10 elementor-widget elementor-widget-heading\" data-id=\"673dbd10\" data-element_type=\"widget\" data-widget_type=\"heading.default\">\n\t\t\t\t<div class=\"elementor-widget-container\">\n\t\t\t\t\t<h2 class=\"elementor-heading-title elementor-size-default\">Register and book your stand now!\n<\/h2>\t\t\t\t<\/div>\n\t\t\t\t<\/div>\n\t\t\t\t\t<\/div>\n\t\t<\/div>\n\t\t\t\t\t<\/div>\n\t\t<\/section>\n\t\t\t\t<section data-particle_enable=\"false\" data-particle-mobile-disabled=\"false\" class=\"elementor-section elementor-inner-section elementor-element elementor-element-4eca4b72 elementor-section-boxed elementor-section-height-default elementor-section-height-default\" data-id=\"4eca4b72\" data-element_type=\"section\">\n\t\t\t\t\t\t<div class=\"elementor-container elementor-column-gap-default\">\n\t\t\t\t\t<div class=\"elementor-column elementor-col-33 elementor-inner-column elementor-element elementor-element-93b73e0\" data-id=\"93b73e0\" data-element_type=\"column\">\n\t\t\t<div class=\"elementor-widget-wrap elementor-element-populated\">\n\t\t\t\t\t\t<div class=\"elementor-element elementor-element-2c7ad610 elementor-align-center elementor-widget elementor-widget-button\" data-id=\"2c7ad610\" data-element_type=\"widget\" data-widget_type=\"button.default\">\n\t\t\t\t<div class=\"elementor-widget-container\">\n\t\t\t\t\t\t\t\t\t<div class=\"elementor-button-wrapper\">\n\t\t\t\t\t<a class=\"elementor-button elementor-button-link elementor-size-sm\" href=\"#elementor-action%3Aaction%3Dpopup%3Aopen%26settings%3DeyJpZCI6IjMwMTkiLCJ0b2dnbGUiOmZhbHNlfQ%3D%3D\">\n\t\t\t\t\t\t<span class=\"elementor-button-content-wrapper\">\n\t\t\t\t\t\t<span class=\"elementor-button-icon\">\n\t\t\t\t<i aria-hidden=\"true\" class=\"far fa-file-pdf\"><\/i>\t\t\t<\/span>\n\t\t\t\t\t\t\t\t\t<span class=\"elementor-button-text\">Download the exhibitor registration form<\/span>\n\t\t\t\t\t<\/span>\n\t\t\t\t\t<\/a>\n\t\t\t\t<\/div>\n\t\t\t\t\t\t\t\t<\/div>\n\t\t\t\t<\/div>\n\t\t\t\t\t<\/div>\n\t\t<\/div>\n\t\t\t\t<div class=\"elementor-column elementor-col-33 elementor-inner-column elementor-element elementor-element-7b5342a\" data-id=\"7b5342a\" data-element_type=\"column\">\n\t\t\t<div class=\"elementor-widget-wrap elementor-element-populated\">\n\t\t\t\t\t\t<div class=\"elementor-element elementor-element-5444c141 elementor-widget elementor-widget-heading\" data-id=\"5444c141\" data-element_type=\"widget\" data-widget_type=\"heading.default\">\n\t\t\t\t<div class=\"elementor-widget-container\">\n\t\t\t\t\t<h2 class=\"elementor-heading-title elementor-size-default\">or\n<\/h2>\t\t\t\t<\/div>\n\t\t\t\t<\/div>\n\t\t\t\t\t<\/div>\n\t\t<\/div>\n\t\t\t\t<div class=\"elementor-column elementor-col-33 elementor-inner-column elementor-element elementor-element-617aa4a6\" data-id=\"617aa4a6\" data-element_type=\"column\">\n\t\t\t<div class=\"elementor-widget-wrap elementor-element-populated\">\n\t\t\t\t\t\t<div class=\"elementor-element elementor-element-557385a7 elementor-align-justify elementor-widget elementor-widget-button\" data-id=\"557385a7\" data-element_type=\"widget\" data-widget_type=\"button.default\">\n\t\t\t\t<div class=\"elementor-widget-container\">\n\t\t\t\t\t\t\t\t\t<div class=\"elementor-button-wrapper\">\n\t\t\t\t\t<a class=\"elementor-button elementor-button-link elementor-size-sm\" href=\"https:\/\/semicatchad.com\/en\/inscription\/\">\n\t\t\t\t\t\t<span class=\"elementor-button-content-wrapper\">\n\t\t\t\t\t\t\t\t\t<span class=\"elementor-button-text\">Online registration<\/span>\n\t\t\t\t\t<\/span>\n\t\t\t\t\t<\/a>\n\t\t\t\t<\/div>\n\t\t\t\t\t\t\t\t<\/div>\n\t\t\t\t<\/div>\n\t\t\t\t\t<\/div>\n\t\t<\/div>\n\t\t\t\t\t<\/div>\n\t\t<\/section>\n\t\t\t\t\t<\/div>\n\t\t<\/div>\n\t\t\t\t\t<\/div>\n\t\t<\/section>\n\t\t\t\t<\/div>","protected":false},"excerpt":{"rendered":"<p>Exposer au SEMICA TCHAD 2026 c\u2019est : Visibilit\u00e9 accrue En exposant au SEMICA, vous pouvez augmenter la visibilit\u00e9 de votre entreprise dans l&rsquo;industrie mini\u00e8re, p\u00e9troli\u00e8re, gazi\u00e8re et \u00e9nerg\u00e9tique en Afrique. C&rsquo;est une opportunit\u00e9 unique pour votre entreprise de se faire conna\u00eetre et de renforcer sa r\u00e9putation dans l&rsquo;industrie Opportunit\u00e9s de r\u00e9seautage Le SEMICA offre une [&hellip;]<\/p>","protected":false},"author":1,"featured_media":0,"parent":0,"menu_order":0,"comment_status":"closed","ping_status":"closed","template":"","meta":{"footnotes":""},"class_list":["post-707","page","type-page","status-publish","hentry"],"yoast_head":"<!-- This site is optimized with the Yoast SEO plugin v26.5 - https:\/\/yoast.com\/wordpress\/plugins\/seo\/ -->\n<title>Pourquoi exposer ? - SEMICA TCHAD 2026<\/title>\n<meta name=\"description\" content=\"Exposez au SEMICA TCHAD 2026 et gagnez en visibilit\u00e9 aupr\u00e8s des acteurs cl\u00e9s des mines, de l\u2019\u00e9nergie et du p\u00e9trole. Pr\u00e9sentez vos innovations, d\u00e9veloppez votre r\u00e9seau et acc\u00e9dez \u00e0 des opportunit\u00e9s d\u2019affaires uniques.\" \/>\n<meta name=\"robots\" content=\"index, follow, max-snippet:-1, max-image-preview:large, max-video-preview:-1\" \/>\n<link rel=\"canonical\" href=\"https:\/\/semicatchad.com\/en\/pourquoi-exposer\/\" \/>\n<meta property=\"og:locale\" content=\"en_GB\" \/>\n<meta property=\"og:type\" content=\"article\" \/>\n<meta property=\"og:title\" content=\"Pourquoi exposer ? - SEMICA TCHAD 2026\" \/>\n<meta property=\"og:description\" content=\"Exposez au SEMICA TCHAD 2026 et gagnez en visibilit\u00e9 aupr\u00e8s des acteurs cl\u00e9s des mines, de l\u2019\u00e9nergie et du p\u00e9trole. Pr\u00e9sentez vos innovations, d\u00e9veloppez votre r\u00e9seau et acc\u00e9dez \u00e0 des opportunit\u00e9s d\u2019affaires uniques.\" \/>\n<meta property=\"og:url\" content=\"https:\/\/semicatchad.com\/en\/pourquoi-exposer\/\" \/>\n<meta property=\"og:site_name\" content=\"SEMICA TCHAD 2026\" \/>\n<meta property=\"article:modified_time\" content=\"2026-01-22T20:55:33+00:00\" \/>\n<meta property=\"og:image\" content=\"https:\/\/semicatchad.com\/wp-content\/uploads\/2025\/02\/Exposant.jpg\" \/>\n\t<meta property=\"og:image:width\" content=\"1152\" \/>\n\t<meta property=\"og:image:height\" content=\"768\" \/>\n\t<meta property=\"og:image:type\" content=\"image\/jpeg\" \/>\n<meta name=\"twitter:card\" content=\"summary_large_image\" \/>\n<meta name=\"twitter:label1\" content=\"Estimated reading time\" \/>\n\t<meta name=\"twitter:data1\" content=\"2 minutes\" \/>\n<script type=\"application\/ld+json\" class=\"yoast-schema-graph\">{\"@context\":\"https:\/\/schema.org\",\"@graph\":[{\"@type\":\"WebPage\",\"@id\":\"https:\/\/semicatchad.com\/pourquoi-exposer\/\",\"url\":\"https:\/\/semicatchad.com\/pourquoi-exposer\/\",\"name\":\"Pourquoi exposer ? - SEMICA TCHAD 2026\",\"isPartOf\":{\"@id\":\"https:\/\/semicatchad.com\/#website\"},\"primaryImageOfPage\":{\"@id\":\"https:\/\/semicatchad.com\/pourquoi-exposer\/#primaryimage\"},\"image\":{\"@id\":\"https:\/\/semicatchad.com\/pourquoi-exposer\/#primaryimage\"},\"thumbnailUrl\":\"https:\/\/semicatchad.com\/wp-content\/uploads\/2025\/02\/Exposant-1024x683.jpg\",\"datePublished\":\"2023-01-25T20:54:36+00:00\",\"dateModified\":\"2026-01-22T20:55:33+00:00\",\"description\":\"Exposez au SEMICA TCHAD 2026 et gagnez en visibilit\u00e9 aupr\u00e8s des acteurs cl\u00e9s des mines, de l\u2019\u00e9nergie et du p\u00e9trole. Pr\u00e9sentez vos innovations, d\u00e9veloppez votre r\u00e9seau et acc\u00e9dez \u00e0 des opportunit\u00e9s d\u2019affaires uniques.\",\"breadcrumb\":{\"@id\":\"https:\/\/semicatchad.com\/pourquoi-exposer\/#breadcrumb\"},\"inLanguage\":\"en-GB\",\"potentialAction\":[{\"@type\":\"ReadAction\",\"target\":[\"https:\/\/semicatchad.com\/pourquoi-exposer\/\"]}]},{\"@type\":\"ImageObject\",\"inLanguage\":\"en-GB\",\"@id\":\"https:\/\/semicatchad.com\/pourquoi-exposer\/#primaryimage\",\"url\":\"https:\/\/semicatchad.com\/wp-content\/uploads\/2025\/02\/Exposant-1024x683.jpg\",\"contentUrl\":\"https:\/\/semicatchad.com\/wp-content\/uploads\/2025\/02\/Exposant-1024x683.jpg\"},{\"@type\":\"BreadcrumbList\",\"@id\":\"https:\/\/semicatchad.com\/pourquoi-exposer\/#breadcrumb\",\"itemListElement\":[{\"@type\":\"ListItem\",\"position\":1,\"name\":\"Accueil\",\"item\":\"https:\/\/semicatchad.com\/\"},{\"@type\":\"ListItem\",\"position\":2,\"name\":\"Pourquoi exposer ?\"}]},{\"@type\":\"WebSite\",\"@id\":\"https:\/\/semicatchad.com\/#website\",\"url\":\"https:\/\/semicatchad.com\/\",\"name\":\"SEMICA TCHAD 2026\",\"description\":\"Salon International de l&#039;Energie, des Mines et des Hydrocarbures du 21 au 23 Janvier 2026, N&#039;Djam\u00e9na, Tchad\",\"publisher\":{\"@id\":\"https:\/\/semicatchad.com\/#organization\"},\"potentialAction\":[{\"@type\":\"SearchAction\",\"target\":{\"@type\":\"EntryPoint\",\"urlTemplate\":\"https:\/\/semicatchad.com\/?s={search_term_string}\"},\"query-input\":{\"@type\":\"PropertyValueSpecification\",\"valueRequired\":true,\"valueName\":\"search_term_string\"}}],\"inLanguage\":\"en-GB\"},{\"@type\":\"Organization\",\"@id\":\"https:\/\/semicatchad.com\/#organization\",\"name\":\"SEMICA TCHAD 2026\",\"url\":\"https:\/\/semicatchad.com\/\",\"logo\":{\"@type\":\"ImageObject\",\"inLanguage\":\"en-GB\",\"@id\":\"https:\/\/semicatchad.com\/#\/schema\/logo\/image\/\",\"url\":\"https:\/\/semicatchad.com\/wp-content\/uploads\/2023\/01\/Icon-site-semica-tchad_Plan-de-travail-1.png\",\"contentUrl\":\"https:\/\/semicatchad.com\/wp-content\/uploads\/2023\/01\/Icon-site-semica-tchad_Plan-de-travail-1.png\",\"width\":209,\"height\":209,\"caption\":\"SEMICA TCHAD 2026\"},\"image\":{\"@id\":\"https:\/\/semicatchad.com\/#\/schema\/logo\/image\/\"}}]}<\/script>\n<!-- \/ Yoast SEO plugin. -->","yoast_head_json":{"title":"Pourquoi exposer ? - SEMICA TCHAD 2026","description":"Exposez au SEMICA TCHAD 2026 et gagnez en visibilit\u00e9 aupr\u00e8s des acteurs cl\u00e9s des mines, de l\u2019\u00e9nergie et du p\u00e9trole. Pr\u00e9sentez vos innovations, d\u00e9veloppez votre r\u00e9seau et acc\u00e9dez \u00e0 des opportunit\u00e9s d\u2019affaires uniques.","robots":{"index":"index","follow":"follow","max-snippet":"max-snippet:-1","max-image-preview":"max-image-preview:large","max-video-preview":"max-video-preview:-1"},"canonical":"https:\/\/semicatchad.com\/en\/pourquoi-exposer\/","og_locale":"en_GB","og_type":"article","og_title":"Pourquoi exposer ? - SEMICA TCHAD 2026","og_description":"Exposez au SEMICA TCHAD 2026 et gagnez en visibilit\u00e9 aupr\u00e8s des acteurs cl\u00e9s des mines, de l\u2019\u00e9nergie et du p\u00e9trole. Pr\u00e9sentez vos innovations, d\u00e9veloppez votre r\u00e9seau et acc\u00e9dez \u00e0 des opportunit\u00e9s d\u2019affaires uniques.","og_url":"https:\/\/semicatchad.com\/en\/pourquoi-exposer\/","og_site_name":"SEMICA TCHAD 2026","article_modified_time":"2026-01-22T20:55:33+00:00","og_image":[{"width":1152,"height":768,"url":"https:\/\/semicatchad.com\/wp-content\/uploads\/2025\/02\/Exposant.jpg","type":"image\/jpeg"}],"twitter_card":"summary_large_image","twitter_misc":{"Estimated reading time":"2 minutes"},"schema":{"@context":"https:\/\/schema.org","@graph":[{"@type":"WebPage","@id":"https:\/\/semicatchad.com\/pourquoi-exposer\/","url":"https:\/\/semicatchad.com\/pourquoi-exposer\/","name":"Pourquoi exposer ? - SEMICA TCHAD 2026","isPartOf":{"@id":"https:\/\/semicatchad.com\/#website"},"primaryImageOfPage":{"@id":"https:\/\/semicatchad.com\/pourquoi-exposer\/#primaryimage"},"image":{"@id":"https:\/\/semicatchad.com\/pourquoi-exposer\/#primaryimage"},"thumbnailUrl":"https:\/\/semicatchad.com\/wp-content\/uploads\/2025\/02\/Exposant-1024x683.jpg","datePublished":"2023-01-25T20:54:36+00:00","dateModified":"2026-01-22T20:55:33+00:00","description":"Exposez au SEMICA TCHAD 2026 et gagnez en visibilit\u00e9 aupr\u00e8s des acteurs cl\u00e9s des mines, de l\u2019\u00e9nergie et du p\u00e9trole. Pr\u00e9sentez vos innovations, d\u00e9veloppez votre r\u00e9seau et acc\u00e9dez \u00e0 des opportunit\u00e9s d\u2019affaires uniques.","breadcrumb":{"@id":"https:\/\/semicatchad.com\/pourquoi-exposer\/#breadcrumb"},"inLanguage":"en-GB","potentialAction":[{"@type":"ReadAction","target":["https:\/\/semicatchad.com\/pourquoi-exposer\/"]}]},{"@type":"ImageObject","inLanguage":"en-GB","@id":"https:\/\/semicatchad.com\/pourquoi-exposer\/#primaryimage","url":"https:\/\/semicatchad.com\/wp-content\/uploads\/2025\/02\/Exposant-1024x683.jpg","contentUrl":"https:\/\/semicatchad.com\/wp-content\/uploads\/2025\/02\/Exposant-1024x683.jpg"},{"@type":"BreadcrumbList","@id":"https:\/\/semicatchad.com\/pourquoi-exposer\/#breadcrumb","itemListElement":[{"@type":"ListItem","position":1,"name":"Accueil","item":"https:\/\/semicatchad.com\/"},{"@type":"ListItem","position":2,"name":"Pourquoi exposer ?"}]},{"@type":"WebSite","@id":"https:\/\/semicatchad.com\/#website","url":"https:\/\/semicatchad.com\/","name":"SEMICA TCHAD 2026","description":"Salon International de l&#039;Energie, des Mines et des Hydrocarbures du 21 au 23 Janvier 2026, N&#039;Djam\u00e9na, Tchad","publisher":{"@id":"https:\/\/semicatchad.com\/#organization"},"potentialAction":[{"@type":"SearchAction","target":{"@type":"EntryPoint","urlTemplate":"https:\/\/semicatchad.com\/?s={search_term_string}"},"query-input":{"@type":"PropertyValueSpecification","valueRequired":true,"valueName":"search_term_string"}}],"inLanguage":"en-GB"},{"@type":"Organization","@id":"https:\/\/semicatchad.com\/#organization","name":"SEMICA TCHAD 2026","url":"https:\/\/semicatchad.com\/","logo":{"@type":"ImageObject","inLanguage":"en-GB","@id":"https:\/\/semicatchad.com\/#\/schema\/logo\/image\/","url":"https:\/\/semicatchad.com\/wp-content\/uploads\/2023\/01\/Icon-site-semica-tchad_Plan-de-travail-1.png","contentUrl":"https:\/\/semicatchad.com\/wp-content\/uploads\/2023\/01\/Icon-site-semica-tchad_Plan-de-travail-1.png","width":209,"height":209,"caption":"SEMICA TCHAD 2026"},"image":{"@id":"https:\/\/semicatchad.com\/#\/schema\/logo\/image\/"}}]}},"_links":{"self":[{"href":"https:\/\/semicatchad.com\/en\/wp-json\/wp\/v2\/pages\/707","targetHints":{"allow":["GET"]}}],"collection":[{"href":"https:\/\/semicatchad.com\/en\/wp-json\/wp\/v2\/pages"}],"about":[{"href":"https:\/\/semicatchad.com\/en\/wp-json\/wp\/v2\/types\/page"}],"author":[{"embeddable":true,"href":"https:\/\/semicatchad.com\/en\/wp-json\/wp\/v2\/users\/1"}],"replies":[{"embeddable":true,"href":"https:\/\/semicatchad.com\/en\/wp-json\/wp\/v2\/comments?post=707"}],"version-history":[{"count":53,"href":"https:\/\/semicatchad.com\/en\/wp-json\/wp\/v2\/pages\/707\/revisions"}],"predecessor-version":[{"id":3031,"href":"https:\/\/semicatchad.com\/en\/wp-json\/wp\/v2\/pages\/707\/revisions\/3031"}],"wp:attachment":[{"href":"https:\/\/semicatchad.com\/en\/wp-json\/wp\/v2\/media?parent=707"}],"curies":[{"name":"wp","href":"https:\/\/api.w.org\/{rel}","templated":true}]}}