{"id":722,"date":"2023-01-25T21:59:02","date_gmt":"2023-01-25T20:59:02","guid":{"rendered":"https:\/\/semicatchad.com\/?page_id=722"},"modified":"2026-01-22T20:53:50","modified_gmt":"2026-01-22T20:53:50","slug":"pourquoi-participer","status":"publish","type":"page","link":"https:\/\/semicatchad.com\/en\/pourquoi-participer\/","title":{"rendered":"Become a delegate"},"content":{"rendered":"<div data-elementor-type=\"wp-page\" data-elementor-id=\"722\" class=\"elementor elementor-722\" data-elementor-post-type=\"page\">\n\t\t\t\t\t\t<section data-particle_enable=\"false\" data-particle-mobile-disabled=\"false\" class=\"elementor-section elementor-top-section elementor-element elementor-element-4ecdd3f elementor-section-boxed elementor-section-height-default elementor-section-height-default\" data-id=\"4ecdd3f\" data-element_type=\"section\" data-settings=\"{&quot;background_background&quot;:&quot;classic&quot;}\">\n\t\t\t\t\t\t<div class=\"elementor-container elementor-column-gap-default\">\n\t\t\t\t\t<div class=\"elementor-column elementor-col-50 elementor-top-column elementor-element elementor-element-a686104\" data-id=\"a686104\" data-element_type=\"column\">\n\t\t\t<div class=\"elementor-widget-wrap elementor-element-populated\">\n\t\t\t\t\t\t\t<\/div>\n\t\t<\/div>\n\t\t\t\t<div class=\"elementor-column elementor-col-50 elementor-top-column elementor-element elementor-element-535ec98 elementor-hidden-mobile\" data-id=\"535ec98\" data-element_type=\"column\">\n\t\t\t<div class=\"elementor-widget-wrap elementor-element-populated\">\n\t\t\t\t\t\t<div class=\"elementor-element elementor-element-87c5f65 elementor-align-right elementor-widget elementor-widget-breadcrumbs\" data-id=\"87c5f65\" data-element_type=\"widget\" data-widget_type=\"breadcrumbs.default\">\n\t\t\t\t<div class=\"elementor-widget-container\">\n\t\t\t\t\t<p id=\"breadcrumbs\"><span><span><a href=\"https:\/\/semicatchad.com\/en\/\">Home<\/a><\/span><\/span><\/p>\t\t\t\t<\/div>\n\t\t\t\t<\/div>\n\t\t\t\t\t<\/div>\n\t\t<\/div>\n\t\t\t\t\t<\/div>\n\t\t<\/section>\n\t\t\t\t<section data-particle_enable=\"false\" data-particle-mobile-disabled=\"false\" class=\"elementor-section elementor-top-section elementor-element elementor-element-d8fe3e4 elementor-section-boxed elementor-section-height-default elementor-section-height-default\" data-id=\"d8fe3e4\" data-element_type=\"section\">\n\t\t\t\t\t\t<div class=\"elementor-container elementor-column-gap-default\">\n\t\t\t\t\t<div class=\"elementor-column elementor-col-100 elementor-top-column elementor-element elementor-element-acd9c5b\" data-id=\"acd9c5b\" data-element_type=\"column\">\n\t\t\t<div class=\"elementor-widget-wrap elementor-element-populated\">\n\t\t\t\t\t\t<div class=\"elementor-element elementor-element-cbdc7ad elementor-widget elementor-widget-heading\" data-id=\"cbdc7ad\" data-element_type=\"widget\" data-widget_type=\"heading.default\">\n\t\t\t\t<div class=\"elementor-widget-container\">\n\t\t\t\t\t<h2 class=\"elementor-heading-title elementor-size-default\">Pourquoi devrez-vous \u00eatre un d\u00e9l\u00e9gu\u00e9 au semica Tchad 2026<\/h2>\t\t\t\t<\/div>\n\t\t\t\t<\/div>\n\t\t\t\t<section data-particle_enable=\"false\" data-particle-mobile-disabled=\"false\" class=\"elementor-section elementor-inner-section elementor-element elementor-element-3efcf27 elementor-section-boxed elementor-section-height-default elementor-section-height-default\" data-id=\"3efcf27\" data-element_type=\"section\">\n\t\t\t\t\t\t<div class=\"elementor-container elementor-column-gap-default\">\n\t\t\t\t\t<div class=\"elementor-column elementor-col-50 elementor-inner-column elementor-element elementor-element-05548ac\" data-id=\"05548ac\" data-element_type=\"column\">\n\t\t\t<div class=\"elementor-widget-wrap elementor-element-populated\">\n\t\t\t\t\t\t<div class=\"elementor-element elementor-element-5c8aa6d elementor-widget elementor-widget-eael-feature-list\" data-id=\"5c8aa6d\" data-element_type=\"widget\" data-widget_type=\"eael-feature-list.default\">\n\t\t\t\t<div class=\"elementor-widget-container\">\n\t\t\t\t\t\t\t<div class=\"-icon-position-left -tablet-icon-position-left -mobile-icon-position-left\">\n\t\t\t<ul id=\"eael-feature-list-5c8aa6d\" class=\"eael-feature-list-items circle stacked  eael-feature-list-vertical\" data-layout-tablet=\"vertical\" data-layout-mobile=\"vertical\">\n\t\t\t                <li class=\"eael-feature-list-item elementor-repeater-item-4b89a00\">\n                    \n\t\t\t\t\t\t<div class=\"eael-feature-list-icon-box\">\n\t\t\t\t\t\t\t<div class=\"eael-feature-list-icon-inner\">\n\n\t\t\t\t\t\t\t\t<span class=\"eael-feature-list-icon fl-icon-0\">\n\n\t\t<i aria-hidden=\"true\" class=\"fas fa-check\"><\/i>\t\t\t\t\t\t\t\t<\/span>\n\t\t\t\t\t\t\t<\/div>\n\t\t\t\t\t\t<\/div>\n\t\t\t\t\t\t<div class=\"eael-feature-list-content-box\">\n                            <h2 class=\"eael-feature-list-title\">Exclusive access to conferences and panels<\/h2>\t\t\t\t\t\t<p class=\"eael-feature-list-content\">Attend high-level presentations by experts, government decision-makers and industry leaders to decipher market trends and opportunities.<\/p>\n\t\t\t\t\t\t<\/div>\n\n\t\t\t\t\t<\/li>\n\t\t\t\t                <li class=\"eael-feature-list-item elementor-repeater-item-e58f30a\">\n                    \n\t\t\t\t\t\t<div class=\"eael-feature-list-icon-box\">\n\t\t\t\t\t\t\t<div class=\"eael-feature-list-icon-inner\">\n\n\t\t\t\t\t\t\t\t<span class=\"eael-feature-list-icon fl-icon-1\">\n\n\t\t<i aria-hidden=\"true\" class=\"fas fa-check\"><\/i>\t\t\t\t\t\t\t\t<\/span>\n\t\t\t\t\t\t\t<\/div>\n\t\t\t\t\t\t<\/div>\n\t\t\t\t\t\t<div class=\"eael-feature-list-content-box\">\n                            <h2 class=\"eael-feature-list-title\">BtoB meetings and targeted networking<\/h2>\t\t\t\t\t\t<p class=\"eael-feature-list-content\">Take advantage of a privileged setting to meet investors, companies and strategic partners, and explore opportunities for collaboration and financing.<\/p>\n\t\t\t\t\t\t<\/div>\n\n\t\t\t\t\t<\/li>\n\t\t\t\t                <li class=\"eael-feature-list-item elementor-repeater-item-4f2d88e\">\n                    \n\t\t\t\t\t\t<div class=\"eael-feature-list-icon-box\">\n\t\t\t\t\t\t\t<div class=\"eael-feature-list-icon-inner\">\n\n\t\t\t\t\t\t\t\t<span class=\"eael-feature-list-icon fl-icon-2\">\n\n\t\t<i aria-hidden=\"true\" class=\"fas fa-check\"><\/i>\t\t\t\t\t\t\t\t<\/span>\n\t\t\t\t\t\t\t<\/div>\n\t\t\t\t\t\t<\/div>\n\t\t\t\t\t\t<div class=\"eael-feature-list-content-box\">\n                            <h2 class=\"eael-feature-list-title\">Development and partnership opportunities<\/h2>\t\t\t\t\t\t<p class=\"eael-feature-list-content\">Meet economic operators and government representatives to discuss current and future projects and initiatives.<\/p>\n\t\t\t\t\t\t<\/div>\n\n\t\t\t\t\t<\/li>\n\t\t\t\t                <li class=\"eael-feature-list-item elementor-repeater-item-3e56792\">\n                    \n\t\t\t\t\t\t<div class=\"eael-feature-list-icon-box\">\n\t\t\t\t\t\t\t<div class=\"eael-feature-list-icon-inner\">\n\n\t\t\t\t\t\t\t\t<span class=\"eael-feature-list-icon fl-icon-3\">\n\n\t\t<i aria-hidden=\"true\" class=\"fas fa-check\"><\/i>\t\t\t\t\t\t\t\t<\/span>\n\t\t\t\t\t\t\t<\/div>\n\t\t\t\t\t\t<\/div>\n\t\t\t\t\t\t<div class=\"eael-feature-list-content-box\">\n                            <h2 class=\"eael-feature-list-title\">Access to strategic information<\/h2>\t\t\t\t\t\t<p class=\"eael-feature-list-content\">Benefit from market analyses, feedback and studies on the evolution of the sector and the challenges of development in Africa.<\/p>\n\t\t\t\t\t\t<\/div>\n\n\t\t\t\t\t<\/li>\n\t\t\t\t                <li class=\"eael-feature-list-item elementor-repeater-item-4be1887\">\n                    \n\t\t\t\t\t\t<div class=\"eael-feature-list-icon-box\">\n\t\t\t\t\t\t\t<div class=\"eael-feature-list-icon-inner\">\n\n\t\t\t\t\t\t\t\t<span class=\"eael-feature-list-icon fl-icon-4\">\n\n\t\t<i aria-hidden=\"true\" class=\"fas fa-check\"><\/i>\t\t\t\t\t\t\t\t<\/span>\n\t\t\t\t\t\t\t<\/div>\n\t\t\t\t\t\t<\/div>\n\t\t\t\t\t\t<div class=\"eael-feature-list-content-box\">\n                            <h2 class=\"eael-feature-list-title\">Promoting your expertise and visibility<\/h2>\t\t\t\t\t\t<p class=\"eael-feature-list-content\">By taking an active part, you will position your organisation as a key player in the sector, with a high profile among the main players in the market.<\/p>\n\t\t\t\t\t\t<\/div>\n\n\t\t\t\t\t<\/li>\n\t\t\t\t\t\t\t<\/ul>\n\t\t<\/div>\n\t\t\t\t\t\t<\/div>\n\t\t\t\t<\/div>\n\t\t\t\t\t<\/div>\n\t\t<\/div>\n\t\t\t\t<div class=\"elementor-column elementor-col-50 elementor-inner-column elementor-element elementor-element-99f927b\" data-id=\"99f927b\" data-element_type=\"column\">\n\t\t\t<div class=\"elementor-widget-wrap elementor-element-populated\">\n\t\t\t\t\t\t<div class=\"elementor-element elementor-element-cf73b82 elementor-widget elementor-widget-image\" data-id=\"cf73b82\" data-element_type=\"widget\" data-widget_type=\"image.default\">\n\t\t\t\t<div class=\"elementor-widget-container\">\n\t\t\t\t\t\t\t\t\t\t\t\t\t\t\t<img fetchpriority=\"high\" decoding=\"async\" width=\"800\" height=\"600\" src=\"https:\/\/semicatchad.com\/wp-content\/uploads\/2023\/03\/88056532_3496216387117456_1279080649893871616_n-1024x768.jpg\" class=\"attachment-large size-large wp-image-1111\" alt=\"\" srcset=\"https:\/\/semicatchad.com\/wp-content\/uploads\/2023\/03\/88056532_3496216387117456_1279080649893871616_n-1024x768.jpg 1024w, https:\/\/semicatchad.com\/wp-content\/uploads\/2023\/03\/88056532_3496216387117456_1279080649893871616_n-300x225.jpg 300w, https:\/\/semicatchad.com\/wp-content\/uploads\/2023\/03\/88056532_3496216387117456_1279080649893871616_n-768x576.jpg 768w, https:\/\/semicatchad.com\/wp-content\/uploads\/2023\/03\/88056532_3496216387117456_1279080649893871616_n-1536x1152.jpg 1536w, https:\/\/semicatchad.com\/wp-content\/uploads\/2023\/03\/88056532_3496216387117456_1279080649893871616_n.jpg 2048w\" sizes=\"(max-width: 800px) 100vw, 800px\" \/>\t\t\t\t\t\t\t\t\t\t\t\t\t\t\t<\/div>\n\t\t\t\t<\/div>\n\t\t\t\t\t<\/div>\n\t\t<\/div>\n\t\t\t\t\t<\/div>\n\t\t<\/section>\n\t\t\t\t\t<\/div>\n\t\t<\/div>\n\t\t\t\t\t<\/div>\n\t\t<\/section>\n\t\t\t\t<section data-particle_enable=\"false\" data-particle-mobile-disabled=\"false\" class=\"elementor-section elementor-top-section elementor-element elementor-element-109fb124 elementor-section-boxed elementor-section-height-default elementor-section-height-default\" data-id=\"109fb124\" data-element_type=\"section\" id=\"fiche\">\n\t\t\t\t\t\t<div class=\"elementor-container elementor-column-gap-default\">\n\t\t\t\t\t<div class=\"elementor-column elementor-col-100 elementor-top-column elementor-element elementor-element-359b66f8\" data-id=\"359b66f8\" data-element_type=\"column\">\n\t\t\t<div class=\"elementor-widget-wrap elementor-element-populated\">\n\t\t\t\t\t\t<section data-particle_enable=\"false\" data-particle-mobile-disabled=\"false\" class=\"elementor-section elementor-inner-section elementor-element elementor-element-591c6bd6 elementor-section-boxed elementor-section-height-default elementor-section-height-default\" data-id=\"591c6bd6\" data-element_type=\"section\">\n\t\t\t\t\t\t<div class=\"elementor-container elementor-column-gap-default\">\n\t\t\t\t\t<div class=\"elementor-column elementor-col-100 elementor-inner-column elementor-element elementor-element-752bb285\" data-id=\"752bb285\" data-element_type=\"column\">\n\t\t\t<div class=\"elementor-widget-wrap elementor-element-populated\">\n\t\t\t\t\t\t<div class=\"elementor-element elementor-element-4495000a elementor-widget elementor-widget-heading\" data-id=\"4495000a\" data-element_type=\"widget\" data-widget_type=\"heading.default\">\n\t\t\t\t<div class=\"elementor-widget-container\">\n\t\t\t\t\t<h2 class=\"elementor-heading-title elementor-size-default\">Inscrivez-vous en tant que D\u00e9l\u00e9gu\u00e9 au SEMICA TCHAD 2026<\/h2>\t\t\t\t<\/div>\n\t\t\t\t<\/div>\n\t\t\t\t\t<\/div>\n\t\t<\/div>\n\t\t\t\t\t<\/div>\n\t\t<\/section>\n\t\t\t\t<section data-particle_enable=\"false\" data-particle-mobile-disabled=\"false\" class=\"elementor-section elementor-inner-section elementor-element elementor-element-7784bd44 elementor-section-boxed elementor-section-height-default elementor-section-height-default\" data-id=\"7784bd44\" data-element_type=\"section\">\n\t\t\t\t\t\t<div class=\"elementor-container elementor-column-gap-default\">\n\t\t\t\t\t<div class=\"elementor-column elementor-col-33 elementor-inner-column elementor-element elementor-element-2dce36ad\" data-id=\"2dce36ad\" data-element_type=\"column\">\n\t\t\t<div class=\"elementor-widget-wrap elementor-element-populated\">\n\t\t\t\t\t\t<div class=\"elementor-element elementor-element-6797193e elementor-align-justify elementor-widget elementor-widget-button\" data-id=\"6797193e\" data-element_type=\"widget\" data-widget_type=\"button.default\">\n\t\t\t\t<div class=\"elementor-widget-container\">\n\t\t\t\t\t\t\t\t\t<div class=\"elementor-button-wrapper\">\n\t\t\t\t\t<a class=\"elementor-button elementor-button-link elementor-size-sm\" href=\"#elementor-action%3Aaction%3Dpopup%3Aopen%26settings%3DeyJpZCI6IjMwMTkiLCJ0b2dnbGUiOmZhbHNlfQ%3D%3D\">\n\t\t\t\t\t\t<span class=\"elementor-button-content-wrapper\">\n\t\t\t\t\t\t<span class=\"elementor-button-icon\">\n\t\t\t\t<i aria-hidden=\"true\" class=\"far fa-file-pdf\"><\/i>\t\t\t<\/span>\n\t\t\t\t\t\t\t\t\t<span class=\"elementor-button-text\">Download the delegate registration form<\/span>\n\t\t\t\t\t<\/span>\n\t\t\t\t\t<\/a>\n\t\t\t\t<\/div>\n\t\t\t\t\t\t\t\t<\/div>\n\t\t\t\t<\/div>\n\t\t\t\t\t<\/div>\n\t\t<\/div>\n\t\t\t\t<div class=\"elementor-column elementor-col-33 elementor-inner-column elementor-element elementor-element-7636aa3\" data-id=\"7636aa3\" data-element_type=\"column\">\n\t\t\t<div class=\"elementor-widget-wrap elementor-element-populated\">\n\t\t\t\t\t\t<div class=\"elementor-element elementor-element-683e6a9 elementor-widget elementor-widget-heading\" data-id=\"683e6a9\" data-element_type=\"widget\" data-widget_type=\"heading.default\">\n\t\t\t\t<div class=\"elementor-widget-container\">\n\t\t\t\t\t<h2 class=\"elementor-heading-title elementor-size-default\">or\n<\/h2>\t\t\t\t<\/div>\n\t\t\t\t<\/div>\n\t\t\t\t\t<\/div>\n\t\t<\/div>\n\t\t\t\t<div class=\"elementor-column elementor-col-33 elementor-inner-column elementor-element elementor-element-2e380025\" data-id=\"2e380025\" data-element_type=\"column\">\n\t\t\t<div class=\"elementor-widget-wrap elementor-element-populated\">\n\t\t\t\t\t\t<div class=\"elementor-element elementor-element-5d0fc53 elementor-align-justify elementor-widget elementor-widget-button\" data-id=\"5d0fc53\" data-element_type=\"widget\" data-widget_type=\"button.default\">\n\t\t\t\t<div class=\"elementor-widget-container\">\n\t\t\t\t\t\t\t\t\t<div class=\"elementor-button-wrapper\">\n\t\t\t\t\t<a class=\"elementor-button elementor-button-link elementor-size-sm\" href=\"https:\/\/semicatchad.com\/en\/inscription\/\">\n\t\t\t\t\t\t<span class=\"elementor-button-content-wrapper\">\n\t\t\t\t\t\t\t\t\t<span class=\"elementor-button-text\">Online registration<\/span>\n\t\t\t\t\t<\/span>\n\t\t\t\t\t<\/a>\n\t\t\t\t<\/div>\n\t\t\t\t\t\t\t\t<\/div>\n\t\t\t\t<\/div>\n\t\t\t\t\t<\/div>\n\t\t<\/div>\n\t\t\t\t\t<\/div>\n\t\t<\/section>\n\t\t\t\t\t<\/div>\n\t\t<\/div>\n\t\t\t\t\t<\/div>\n\t\t<\/section>\n\t\t\t\t<\/div>","protected":false},"excerpt":{"rendered":"<p>Pourquoi devrez-vous \u00eatre un d\u00e9l\u00e9gu\u00e9 au semica Tchad 2026 Acc\u00e8s exclusif aux conf\u00e9rences et panels Assistez \u00e0 des interventions de haut niveau anim\u00e9es par des experts, des d\u00e9cideurs gouvernementaux et des leaders du secteur pour d\u00e9crypter les tendances et opportunit\u00e9s du march\u00e9. Rencontres BtoB et networking cibl\u00e9 Profitez d\u2019un cadre privil\u00e9gi\u00e9 pour rencontrer investisseurs, entreprises [&hellip;]<\/p>","protected":false},"author":1,"featured_media":0,"parent":0,"menu_order":0,"comment_status":"closed","ping_status":"closed","template":"","meta":{"footnotes":""},"class_list":["post-722","page","type-page","status-publish","hentry"],"yoast_head":"<!-- This site is optimized with the Yoast SEO plugin v26.5 - https:\/\/yoast.com\/wordpress\/plugins\/seo\/ -->\n<title>Devenez d\u00e9l\u00e9gu\u00e9 - SEMICA TCHAD 2026<\/title>\n<meta name=\"description\" content=\"Participez en tant que D\u00e9l\u00e9gu\u00e9 au SEMICA TCHAD 2026 et b\u00e9n\u00e9ficiez d\u2019un acc\u00e8s privil\u00e9gi\u00e9 aux conf\u00e9rences, rencontres BtoB et opportunit\u00e9s d\u2019investissement dans les secteurs des mines, de l\u2019\u00e9nergie et du p\u00e9trole.\" \/>\n<meta name=\"robots\" content=\"index, follow, max-snippet:-1, max-image-preview:large, max-video-preview:-1\" \/>\n<link rel=\"canonical\" href=\"https:\/\/semicatchad.com\/en\/pourquoi-participer\/\" \/>\n<meta property=\"og:locale\" content=\"en_GB\" \/>\n<meta property=\"og:type\" content=\"article\" \/>\n<meta property=\"og:title\" content=\"Devenez d\u00e9l\u00e9gu\u00e9 - SEMICA TCHAD 2026\" \/>\n<meta property=\"og:description\" content=\"Participez en tant que D\u00e9l\u00e9gu\u00e9 au SEMICA TCHAD 2026 et b\u00e9n\u00e9ficiez d\u2019un acc\u00e8s privil\u00e9gi\u00e9 aux conf\u00e9rences, rencontres BtoB et opportunit\u00e9s d\u2019investissement dans les secteurs des mines, de l\u2019\u00e9nergie et du p\u00e9trole.\" \/>\n<meta property=\"og:url\" content=\"https:\/\/semicatchad.com\/en\/pourquoi-participer\/\" \/>\n<meta property=\"og:site_name\" content=\"SEMICA TCHAD 2026\" \/>\n<meta property=\"article:modified_time\" content=\"2026-01-22T20:53:50+00:00\" \/>\n<meta property=\"og:image\" content=\"https:\/\/semicatchad.com\/wp-content\/uploads\/2023\/03\/88056532_3496216387117456_1279080649893871616_n.jpg\" \/>\n\t<meta property=\"og:image:width\" content=\"2048\" \/>\n\t<meta property=\"og:image:height\" content=\"1536\" \/>\n\t<meta property=\"og:image:type\" content=\"image\/jpeg\" \/>\n<meta name=\"twitter:card\" content=\"summary_large_image\" \/>\n<meta name=\"twitter:label1\" content=\"Estimated reading time\" \/>\n\t<meta name=\"twitter:data1\" content=\"2 minutes\" \/>\n<script type=\"application\/ld+json\" class=\"yoast-schema-graph\">{\"@context\":\"https:\/\/schema.org\",\"@graph\":[{\"@type\":\"WebPage\",\"@id\":\"https:\/\/semicatchad.com\/pourquoi-participer\/\",\"url\":\"https:\/\/semicatchad.com\/pourquoi-participer\/\",\"name\":\"Devenez d\u00e9l\u00e9gu\u00e9 - SEMICA TCHAD 2026\",\"isPartOf\":{\"@id\":\"https:\/\/semicatchad.com\/#website\"},\"primaryImageOfPage\":{\"@id\":\"https:\/\/semicatchad.com\/pourquoi-participer\/#primaryimage\"},\"image\":{\"@id\":\"https:\/\/semicatchad.com\/pourquoi-participer\/#primaryimage\"},\"thumbnailUrl\":\"https:\/\/semicatchad.com\/wp-content\/uploads\/2023\/03\/88056532_3496216387117456_1279080649893871616_n-1024x768.jpg\",\"datePublished\":\"2023-01-25T20:59:02+00:00\",\"dateModified\":\"2026-01-22T20:53:50+00:00\",\"description\":\"Participez en tant que D\u00e9l\u00e9gu\u00e9 au SEMICA TCHAD 2026 et b\u00e9n\u00e9ficiez d\u2019un acc\u00e8s privil\u00e9gi\u00e9 aux conf\u00e9rences, rencontres BtoB et opportunit\u00e9s d\u2019investissement dans les secteurs des mines, de l\u2019\u00e9nergie et du p\u00e9trole.\",\"breadcrumb\":{\"@id\":\"https:\/\/semicatchad.com\/pourquoi-participer\/#breadcrumb\"},\"inLanguage\":\"en-GB\",\"potentialAction\":[{\"@type\":\"ReadAction\",\"target\":[\"https:\/\/semicatchad.com\/pourquoi-participer\/\"]}]},{\"@type\":\"ImageObject\",\"inLanguage\":\"en-GB\",\"@id\":\"https:\/\/semicatchad.com\/pourquoi-participer\/#primaryimage\",\"url\":\"https:\/\/semicatchad.com\/wp-content\/uploads\/2023\/03\/88056532_3496216387117456_1279080649893871616_n-1024x768.jpg\",\"contentUrl\":\"https:\/\/semicatchad.com\/wp-content\/uploads\/2023\/03\/88056532_3496216387117456_1279080649893871616_n-1024x768.jpg\"},{\"@type\":\"BreadcrumbList\",\"@id\":\"https:\/\/semicatchad.com\/pourquoi-participer\/#breadcrumb\",\"itemListElement\":[{\"@type\":\"ListItem\",\"position\":1,\"name\":\"Accueil\",\"item\":\"https:\/\/semicatchad.com\/\"},{\"@type\":\"ListItem\",\"position\":2,\"name\":\"Devenez d\u00e9l\u00e9gu\u00e9\"}]},{\"@type\":\"WebSite\",\"@id\":\"https:\/\/semicatchad.com\/#website\",\"url\":\"https:\/\/semicatchad.com\/\",\"name\":\"SEMICA TCHAD 2026\",\"description\":\"Salon International de l&#039;Energie, des Mines et des Hydrocarbures du 21 au 23 Janvier 2026, N&#039;Djam\u00e9na, Tchad\",\"publisher\":{\"@id\":\"https:\/\/semicatchad.com\/#organization\"},\"potentialAction\":[{\"@type\":\"SearchAction\",\"target\":{\"@type\":\"EntryPoint\",\"urlTemplate\":\"https:\/\/semicatchad.com\/?s={search_term_string}\"},\"query-input\":{\"@type\":\"PropertyValueSpecification\",\"valueRequired\":true,\"valueName\":\"search_term_string\"}}],\"inLanguage\":\"en-GB\"},{\"@type\":\"Organization\",\"@id\":\"https:\/\/semicatchad.com\/#organization\",\"name\":\"SEMICA TCHAD 2026\",\"url\":\"https:\/\/semicatchad.com\/\",\"logo\":{\"@type\":\"ImageObject\",\"inLanguage\":\"en-GB\",\"@id\":\"https:\/\/semicatchad.com\/#\/schema\/logo\/image\/\",\"url\":\"https:\/\/semicatchad.com\/wp-content\/uploads\/2023\/01\/Icon-site-semica-tchad_Plan-de-travail-1.png\",\"contentUrl\":\"https:\/\/semicatchad.com\/wp-content\/uploads\/2023\/01\/Icon-site-semica-tchad_Plan-de-travail-1.png\",\"width\":209,\"height\":209,\"caption\":\"SEMICA TCHAD 2026\"},\"image\":{\"@id\":\"https:\/\/semicatchad.com\/#\/schema\/logo\/image\/\"}}]}<\/script>\n<!-- \/ Yoast SEO plugin. -->","yoast_head_json":{"title":"Devenez d\u00e9l\u00e9gu\u00e9 - SEMICA TCHAD 2026","description":"Participez en tant que D\u00e9l\u00e9gu\u00e9 au SEMICA TCHAD 2026 et b\u00e9n\u00e9ficiez d\u2019un acc\u00e8s privil\u00e9gi\u00e9 aux conf\u00e9rences, rencontres BtoB et opportunit\u00e9s d\u2019investissement dans les secteurs des mines, de l\u2019\u00e9nergie et du p\u00e9trole.","robots":{"index":"index","follow":"follow","max-snippet":"max-snippet:-1","max-image-preview":"max-image-preview:large","max-video-preview":"max-video-preview:-1"},"canonical":"https:\/\/semicatchad.com\/en\/pourquoi-participer\/","og_locale":"en_GB","og_type":"article","og_title":"Devenez d\u00e9l\u00e9gu\u00e9 - SEMICA TCHAD 2026","og_description":"Participez en tant que D\u00e9l\u00e9gu\u00e9 au SEMICA TCHAD 2026 et b\u00e9n\u00e9ficiez d\u2019un acc\u00e8s privil\u00e9gi\u00e9 aux conf\u00e9rences, rencontres BtoB et opportunit\u00e9s d\u2019investissement dans les secteurs des mines, de l\u2019\u00e9nergie et du p\u00e9trole.","og_url":"https:\/\/semicatchad.com\/en\/pourquoi-participer\/","og_site_name":"SEMICA TCHAD 2026","article_modified_time":"2026-01-22T20:53:50+00:00","og_image":[{"width":2048,"height":1536,"url":"https:\/\/semicatchad.com\/wp-content\/uploads\/2023\/03\/88056532_3496216387117456_1279080649893871616_n.jpg","type":"image\/jpeg"}],"twitter_card":"summary_large_image","twitter_misc":{"Estimated reading time":"2 minutes"},"schema":{"@context":"https:\/\/schema.org","@graph":[{"@type":"WebPage","@id":"https:\/\/semicatchad.com\/pourquoi-participer\/","url":"https:\/\/semicatchad.com\/pourquoi-participer\/","name":"Devenez d\u00e9l\u00e9gu\u00e9 - SEMICA TCHAD 2026","isPartOf":{"@id":"https:\/\/semicatchad.com\/#website"},"primaryImageOfPage":{"@id":"https:\/\/semicatchad.com\/pourquoi-participer\/#primaryimage"},"image":{"@id":"https:\/\/semicatchad.com\/pourquoi-participer\/#primaryimage"},"thumbnailUrl":"https:\/\/semicatchad.com\/wp-content\/uploads\/2023\/03\/88056532_3496216387117456_1279080649893871616_n-1024x768.jpg","datePublished":"2023-01-25T20:59:02+00:00","dateModified":"2026-01-22T20:53:50+00:00","description":"Participez en tant que D\u00e9l\u00e9gu\u00e9 au SEMICA TCHAD 2026 et b\u00e9n\u00e9ficiez d\u2019un acc\u00e8s privil\u00e9gi\u00e9 aux conf\u00e9rences, rencontres BtoB et opportunit\u00e9s d\u2019investissement dans les secteurs des mines, de l\u2019\u00e9nergie et du p\u00e9trole.","breadcrumb":{"@id":"https:\/\/semicatchad.com\/pourquoi-participer\/#breadcrumb"},"inLanguage":"en-GB","potentialAction":[{"@type":"ReadAction","target":["https:\/\/semicatchad.com\/pourquoi-participer\/"]}]},{"@type":"ImageObject","inLanguage":"en-GB","@id":"https:\/\/semicatchad.com\/pourquoi-participer\/#primaryimage","url":"https:\/\/semicatchad.com\/wp-content\/uploads\/2023\/03\/88056532_3496216387117456_1279080649893871616_n-1024x768.jpg","contentUrl":"https:\/\/semicatchad.com\/wp-content\/uploads\/2023\/03\/88056532_3496216387117456_1279080649893871616_n-1024x768.jpg"},{"@type":"BreadcrumbList","@id":"https:\/\/semicatchad.com\/pourquoi-participer\/#breadcrumb","itemListElement":[{"@type":"ListItem","position":1,"name":"Accueil","item":"https:\/\/semicatchad.com\/"},{"@type":"ListItem","position":2,"name":"Devenez d\u00e9l\u00e9gu\u00e9"}]},{"@type":"WebSite","@id":"https:\/\/semicatchad.com\/#website","url":"https:\/\/semicatchad.com\/","name":"SEMICA TCHAD 2026","description":"Salon International de l&#039;Energie, des Mines et des Hydrocarbures du 21 au 23 Janvier 2026, N&#039;Djam\u00e9na, Tchad","publisher":{"@id":"https:\/\/semicatchad.com\/#organization"},"potentialAction":[{"@type":"SearchAction","target":{"@type":"EntryPoint","urlTemplate":"https:\/\/semicatchad.com\/?s={search_term_string}"},"query-input":{"@type":"PropertyValueSpecification","valueRequired":true,"valueName":"search_term_string"}}],"inLanguage":"en-GB"},{"@type":"Organization","@id":"https:\/\/semicatchad.com\/#organization","name":"SEMICA TCHAD 2026","url":"https:\/\/semicatchad.com\/","logo":{"@type":"ImageObject","inLanguage":"en-GB","@id":"https:\/\/semicatchad.com\/#\/schema\/logo\/image\/","url":"https:\/\/semicatchad.com\/wp-content\/uploads\/2023\/01\/Icon-site-semica-tchad_Plan-de-travail-1.png","contentUrl":"https:\/\/semicatchad.com\/wp-content\/uploads\/2023\/01\/Icon-site-semica-tchad_Plan-de-travail-1.png","width":209,"height":209,"caption":"SEMICA TCHAD 2026"},"image":{"@id":"https:\/\/semicatchad.com\/#\/schema\/logo\/image\/"}}]}},"_links":{"self":[{"href":"https:\/\/semicatchad.com\/en\/wp-json\/wp\/v2\/pages\/722","targetHints":{"allow":["GET"]}}],"collection":[{"href":"https:\/\/semicatchad.com\/en\/wp-json\/wp\/v2\/pages"}],"about":[{"href":"https:\/\/semicatchad.com\/en\/wp-json\/wp\/v2\/types\/page"}],"author":[{"embeddable":true,"href":"https:\/\/semicatchad.com\/en\/wp-json\/wp\/v2\/users\/1"}],"replies":[{"embeddable":true,"href":"https:\/\/semicatchad.com\/en\/wp-json\/wp\/v2\/comments?post=722"}],"version-history":[{"count":47,"href":"https:\/\/semicatchad.com\/en\/wp-json\/wp\/v2\/pages\/722\/revisions"}],"predecessor-version":[{"id":3028,"href":"https:\/\/semicatchad.com\/en\/wp-json\/wp\/v2\/pages\/722\/revisions\/3028"}],"wp:attachment":[{"href":"https:\/\/semicatchad.com\/en\/wp-json\/wp\/v2\/media?parent=722"}],"curies":[{"name":"wp","href":"https:\/\/api.w.org\/{rel}","templated":true}]}}