{"id":724,"date":"2023-01-25T22:01:23","date_gmt":"2023-01-25T21:01:23","guid":{"rendered":"https:\/\/semicatchad.com\/?page_id=724"},"modified":"2025-11-10T17:28:52","modified_gmt":"2025-11-10T16:28:52","slug":"audiences-et-rencontres-btob","status":"publish","type":"page","link":"https:\/\/semicatchad.com\/en\/audiences-et-rencontres-btob\/","title":{"rendered":"Audiences and BtoB meetings"},"content":{"rendered":"<div data-elementor-type=\"wp-page\" data-elementor-id=\"724\" class=\"elementor elementor-724\" data-elementor-post-type=\"page\">\n\t\t\t\t\t\t<section data-particle_enable=\"false\" data-particle-mobile-disabled=\"false\" class=\"elementor-section elementor-top-section elementor-element elementor-element-4ecdd3f elementor-section-boxed elementor-section-height-default elementor-section-height-default\" data-id=\"4ecdd3f\" data-element_type=\"section\" data-settings=\"{&quot;background_background&quot;:&quot;classic&quot;}\">\n\t\t\t\t\t\t<div class=\"elementor-container elementor-column-gap-default\">\n\t\t\t\t\t<div class=\"elementor-column elementor-col-50 elementor-top-column elementor-element elementor-element-a686104\" data-id=\"a686104\" data-element_type=\"column\">\n\t\t\t<div class=\"elementor-widget-wrap elementor-element-populated\">\n\t\t\t\t\t\t<div class=\"elementor-element elementor-element-4862306 elementor-widget elementor-widget-heading\" data-id=\"4862306\" data-element_type=\"widget\" data-widget_type=\"heading.default\">\n\t\t\t\t<div class=\"elementor-widget-container\">\n\t\t\t\t\t<h2 class=\"elementor-heading-title elementor-size-default\">Audiences and BtoB meetings<\/h2>\t\t\t\t<\/div>\n\t\t\t\t<\/div>\n\t\t\t\t\t<\/div>\n\t\t<\/div>\n\t\t\t\t<div class=\"elementor-column elementor-col-50 elementor-top-column elementor-element elementor-element-535ec98 elementor-hidden-mobile\" data-id=\"535ec98\" data-element_type=\"column\">\n\t\t\t<div class=\"elementor-widget-wrap elementor-element-populated\">\n\t\t\t\t\t\t<div class=\"elementor-element elementor-element-87c5f65 elementor-align-right elementor-widget elementor-widget-breadcrumbs\" data-id=\"87c5f65\" data-element_type=\"widget\" data-widget_type=\"breadcrumbs.default\">\n\t\t\t\t<div class=\"elementor-widget-container\">\n\t\t\t\t\t<p id=\"breadcrumbs\"><span><span><a href=\"https:\/\/semicatchad.com\/en\/\">Home<\/a><\/span><\/span><\/p>\t\t\t\t<\/div>\n\t\t\t\t<\/div>\n\t\t\t\t\t<\/div>\n\t\t<\/div>\n\t\t\t\t\t<\/div>\n\t\t<\/section>\n\t\t\t\t<section data-particle_enable=\"false\" data-particle-mobile-disabled=\"false\" class=\"elementor-section elementor-top-section elementor-element elementor-element-af4ee01 elementor-section-boxed elementor-section-height-default elementor-section-height-default\" data-id=\"af4ee01\" data-element_type=\"section\">\n\t\t\t\t\t\t<div class=\"elementor-container elementor-column-gap-default\">\n\t\t\t\t\t<div class=\"elementor-column elementor-col-100 elementor-top-column elementor-element elementor-element-b5b366f\" data-id=\"b5b366f\" data-element_type=\"column\">\n\t\t\t<div class=\"elementor-widget-wrap elementor-element-populated\">\n\t\t\t\t\t\t<div class=\"elementor-element elementor-element-1af27ea elementor-widget elementor-widget-heading\" data-id=\"1af27ea\" data-element_type=\"widget\" data-widget_type=\"heading.default\">\n\t\t\t\t<div class=\"elementor-widget-container\">\n\t\t\t\t\t<h2 class=\"elementor-heading-title elementor-size-default\">Maximise your business opportunities at SEMICA TCHAD 2025!\n\n<\/h2>\t\t\t\t<\/div>\n\t\t\t\t<\/div>\n\t\t\t\t<section data-particle_enable=\"false\" data-particle-mobile-disabled=\"false\" class=\"elementor-section elementor-inner-section elementor-element elementor-element-62e8610 elementor-section-boxed elementor-section-height-default elementor-section-height-default\" data-id=\"62e8610\" data-element_type=\"section\">\n\t\t\t\t\t\t<div class=\"elementor-container elementor-column-gap-default\">\n\t\t\t\t\t<div class=\"elementor-column elementor-col-50 elementor-inner-column elementor-element elementor-element-eaaefba\" data-id=\"eaaefba\" data-element_type=\"column\">\n\t\t\t<div class=\"elementor-widget-wrap elementor-element-populated\">\n\t\t\t\t\t\t<div class=\"elementor-element elementor-element-e11f9ce elementor-widget elementor-widget-text-editor\" data-id=\"e11f9ce\" data-element_type=\"widget\" data-widget_type=\"text-editor.default\">\n\t\t\t\t<div class=\"elementor-widget-container\">\n\t\t\t\t\t\t\t\t\t<p>Take part in the SEMICA TCHAD 2025 BtoB meetings and gain access to unique opportunities for collaboration. Take advantage of this unique opportunity to meet decision-makers, investors and key players in the mining, energy and oil sectors.<\/p><p>Whether you are looking for new partners, investments or market opportunities, these BtoB meetings are designed to maximise your network and accelerate your projects.<\/p>\t\t\t\t\t\t\t\t<\/div>\n\t\t\t\t<\/div>\n\t\t\t\t\t<\/div>\n\t\t<\/div>\n\t\t\t\t<div class=\"elementor-column elementor-col-50 elementor-inner-column elementor-element elementor-element-a9e0059\" data-id=\"a9e0059\" data-element_type=\"column\">\n\t\t\t<div class=\"elementor-widget-wrap elementor-element-populated\">\n\t\t\t\t\t\t<div class=\"elementor-element elementor-element-1a5d565 elementor-widget elementor-widget-image\" data-id=\"1a5d565\" data-element_type=\"widget\" data-widget_type=\"image.default\">\n\t\t\t\t<div class=\"elementor-widget-container\">\n\t\t\t\t\t\t\t\t\t\t\t\t\t\t\t<img fetchpriority=\"high\" decoding=\"async\" width=\"800\" height=\"534\" src=\"https:\/\/semicatchad.com\/wp-content\/uploads\/2025\/02\/SEMICA-EVENEMENT-15-1024x683.jpg\" class=\"attachment-large size-large wp-image-1448\" alt=\"\" srcset=\"https:\/\/semicatchad.com\/wp-content\/uploads\/2025\/02\/SEMICA-EVENEMENT-15-1024x683.jpg 1024w, https:\/\/semicatchad.com\/wp-content\/uploads\/2025\/02\/SEMICA-EVENEMENT-15-300x200.jpg 300w, https:\/\/semicatchad.com\/wp-content\/uploads\/2025\/02\/SEMICA-EVENEMENT-15-768x512.jpg 768w, https:\/\/semicatchad.com\/wp-content\/uploads\/2025\/02\/SEMICA-EVENEMENT-15-18x12.jpg 18w, https:\/\/semicatchad.com\/wp-content\/uploads\/2025\/02\/SEMICA-EVENEMENT-15.jpg 1152w\" sizes=\"(max-width: 800px) 100vw, 800px\" \/>\t\t\t\t\t\t\t\t\t\t\t\t\t\t\t<\/div>\n\t\t\t\t<\/div>\n\t\t\t\t\t<\/div>\n\t\t<\/div>\n\t\t\t\t\t<\/div>\n\t\t<\/section>\n\t\t\t\t\t<\/div>\n\t\t<\/div>\n\t\t\t\t\t<\/div>\n\t\t<\/section>\n\t\t\t\t<section data-particle_enable=\"false\" data-particle-mobile-disabled=\"false\" class=\"elementor-section elementor-top-section elementor-element elementor-element-dd02f5f elementor-section-boxed elementor-section-height-default elementor-section-height-default\" data-id=\"dd02f5f\" data-element_type=\"section\">\n\t\t\t\t\t\t<div class=\"elementor-container elementor-column-gap-default\">\n\t\t\t\t\t<div class=\"elementor-column elementor-col-100 elementor-top-column elementor-element elementor-element-146a7c86\" data-id=\"146a7c86\" data-element_type=\"column\">\n\t\t\t<div class=\"elementor-widget-wrap elementor-element-populated\">\n\t\t\t\t\t\t<section data-particle_enable=\"false\" data-particle-mobile-disabled=\"false\" class=\"elementor-section elementor-inner-section elementor-element elementor-element-50a9a2ae elementor-section-boxed elementor-section-height-default elementor-section-height-default\" data-id=\"50a9a2ae\" data-element_type=\"section\">\n\t\t\t\t\t\t<div class=\"elementor-container elementor-column-gap-default\">\n\t\t\t\t\t<div class=\"elementor-column elementor-col-100 elementor-inner-column elementor-element elementor-element-3197adc6\" data-id=\"3197adc6\" data-element_type=\"column\">\n\t\t\t<div class=\"elementor-widget-wrap elementor-element-populated\">\n\t\t\t\t\t\t<div class=\"elementor-element elementor-element-13425c02 elementor-widget elementor-widget-heading\" data-id=\"13425c02\" data-element_type=\"widget\" data-widget_type=\"heading.default\">\n\t\t\t\t<div class=\"elementor-widget-container\">\n\t\t\t\t\t<h2 class=\"elementor-heading-title elementor-size-default\">Register now!\n\n<\/h2>\t\t\t\t<\/div>\n\t\t\t\t<\/div>\n\t\t\t\t\t<\/div>\n\t\t<\/div>\n\t\t\t\t\t<\/div>\n\t\t<\/section>\n\t\t\t\t<section data-particle_enable=\"false\" data-particle-mobile-disabled=\"false\" class=\"elementor-section elementor-inner-section elementor-element elementor-element-2c65a797 elementor-section-boxed elementor-section-height-default elementor-section-height-default\" data-id=\"2c65a797\" data-element_type=\"section\">\n\t\t\t\t\t\t<div class=\"elementor-container elementor-column-gap-default\">\n\t\t\t\t\t<div class=\"elementor-column elementor-col-100 elementor-inner-column elementor-element elementor-element-7b4768c0\" data-id=\"7b4768c0\" data-element_type=\"column\">\n\t\t\t<div class=\"elementor-widget-wrap elementor-element-populated\">\n\t\t\t\t\t\t<div class=\"elementor-element elementor-element-64461ef5 elementor-align-center elementor-widget elementor-widget-button\" data-id=\"64461ef5\" data-element_type=\"widget\" data-widget_type=\"button.default\">\n\t\t\t\t<div class=\"elementor-widget-container\">\n\t\t\t\t\t\t\t\t\t<div class=\"elementor-button-wrapper\">\n\t\t\t\t\t<a class=\"elementor-button elementor-button-link elementor-size-sm\" href=\"https:\/\/semicatchad.com\/en\/inscription\/\">\n\t\t\t\t\t\t<span class=\"elementor-button-content-wrapper\">\n\t\t\t\t\t\t\t\t\t<span class=\"elementor-button-text\">Online registration<\/span>\n\t\t\t\t\t<\/span>\n\t\t\t\t\t<\/a>\n\t\t\t\t<\/div>\n\t\t\t\t\t\t\t\t<\/div>\n\t\t\t\t<\/div>\n\t\t\t\t\t<\/div>\n\t\t<\/div>\n\t\t\t\t\t<\/div>\n\t\t<\/section>\n\t\t\t\t\t<\/div>\n\t\t<\/div>\n\t\t\t\t\t<\/div>\n\t\t<\/section>\n\t\t\t\t<\/div>","protected":false},"excerpt":{"rendered":"<p>Audiences et Rencontres BtoB Optimisez vos opportunit\u00e9s d\u2019affaires au SEMICA TCHAD 2025 ! Participez aux rencontres BtoB du SEMICA TCHAD 2025 et acc\u00e9dez \u00e0 des opportunit\u00e9s uniques de collaboration. Profitez d\u2019un cadre privil\u00e9gi\u00e9 pour \u00e9changer avec des d\u00e9cideurs, investisseurs et acteurs cl\u00e9s des secteurs des mines, de l\u2019\u00e9nergie et du p\u00e9trole. Que vous soyez \u00e0 [&hellip;]<\/p>","protected":false},"author":1,"featured_media":0,"parent":0,"menu_order":0,"comment_status":"closed","ping_status":"closed","template":"","meta":{"footnotes":""},"class_list":["post-724","page","type-page","status-publish","hentry"],"yoast_head":"<!-- This site is optimized with the Yoast SEO plugin v26.5 - https:\/\/yoast.com\/wordpress\/plugins\/seo\/ -->\n<title>Audiences et Rencontres BtoB - SEMICA TCHAD 2026<\/title>\n<meta name=\"description\" content=\"Participez aux rencontres BtoB du SEMICA TCHAD 2026 et d\u00e9veloppez votre r\u00e9seau ! Rencontrez des d\u00e9cideurs, investisseurs et partenaires strat\u00e9giques du secteur des mines, de l\u2019\u00e9nergie et du p\u00e9trole.\" \/>\n<meta name=\"robots\" content=\"index, follow, max-snippet:-1, max-image-preview:large, max-video-preview:-1\" \/>\n<link rel=\"canonical\" href=\"https:\/\/semicatchad.com\/en\/audiences-et-rencontres-btob\/\" \/>\n<meta property=\"og:locale\" content=\"en_GB\" \/>\n<meta property=\"og:type\" content=\"article\" \/>\n<meta property=\"og:title\" content=\"Audiences et Rencontres BtoB - SEMICA TCHAD 2026\" \/>\n<meta property=\"og:description\" content=\"Participez aux rencontres BtoB du SEMICA TCHAD 2026 et d\u00e9veloppez votre r\u00e9seau ! Rencontrez des d\u00e9cideurs, investisseurs et partenaires strat\u00e9giques du secteur des mines, de l\u2019\u00e9nergie et du p\u00e9trole.\" \/>\n<meta property=\"og:url\" content=\"https:\/\/semicatchad.com\/en\/audiences-et-rencontres-btob\/\" \/>\n<meta property=\"og:site_name\" content=\"SEMICA TCHAD 2026\" \/>\n<meta property=\"article:modified_time\" content=\"2025-11-10T16:28:52+00:00\" \/>\n<meta property=\"og:image\" content=\"https:\/\/semicatchad.com\/wp-content\/uploads\/2025\/02\/SEMICA-EVENEMENT-15-1024x683.jpg\" \/>\n<meta name=\"twitter:card\" content=\"summary_large_image\" \/>\n<meta name=\"twitter:label1\" content=\"Estimated reading time\" \/>\n\t<meta name=\"twitter:data1\" content=\"1 minute\" \/>\n<script type=\"application\/ld+json\" class=\"yoast-schema-graph\">{\"@context\":\"https:\/\/schema.org\",\"@graph\":[{\"@type\":\"WebPage\",\"@id\":\"https:\/\/semicatchad.com\/audiences-et-rencontres-btob\/\",\"url\":\"https:\/\/semicatchad.com\/audiences-et-rencontres-btob\/\",\"name\":\"Audiences et Rencontres BtoB - SEMICA TCHAD 2026\",\"isPartOf\":{\"@id\":\"https:\/\/semicatchad.com\/#website\"},\"primaryImageOfPage\":{\"@id\":\"https:\/\/semicatchad.com\/audiences-et-rencontres-btob\/#primaryimage\"},\"image\":{\"@id\":\"https:\/\/semicatchad.com\/audiences-et-rencontres-btob\/#primaryimage\"},\"thumbnailUrl\":\"https:\/\/semicatchad.com\/wp-content\/uploads\/2025\/02\/SEMICA-EVENEMENT-15-1024x683.jpg\",\"datePublished\":\"2023-01-25T21:01:23+00:00\",\"dateModified\":\"2025-11-10T16:28:52+00:00\",\"description\":\"Participez aux rencontres BtoB du SEMICA TCHAD 2026 et d\u00e9veloppez votre r\u00e9seau ! Rencontrez des d\u00e9cideurs, investisseurs et partenaires strat\u00e9giques du secteur des mines, de l\u2019\u00e9nergie et du p\u00e9trole.\",\"breadcrumb\":{\"@id\":\"https:\/\/semicatchad.com\/audiences-et-rencontres-btob\/#breadcrumb\"},\"inLanguage\":\"en-GB\",\"potentialAction\":[{\"@type\":\"ReadAction\",\"target\":[\"https:\/\/semicatchad.com\/audiences-et-rencontres-btob\/\"]}]},{\"@type\":\"ImageObject\",\"inLanguage\":\"en-GB\",\"@id\":\"https:\/\/semicatchad.com\/audiences-et-rencontres-btob\/#primaryimage\",\"url\":\"https:\/\/semicatchad.com\/wp-content\/uploads\/2025\/02\/SEMICA-EVENEMENT-15-1024x683.jpg\",\"contentUrl\":\"https:\/\/semicatchad.com\/wp-content\/uploads\/2025\/02\/SEMICA-EVENEMENT-15-1024x683.jpg\"},{\"@type\":\"BreadcrumbList\",\"@id\":\"https:\/\/semicatchad.com\/audiences-et-rencontres-btob\/#breadcrumb\",\"itemListElement\":[{\"@type\":\"ListItem\",\"position\":1,\"name\":\"Accueil\",\"item\":\"https:\/\/semicatchad.com\/\"},{\"@type\":\"ListItem\",\"position\":2,\"name\":\"Audiences et Rencontres BtoB\"}]},{\"@type\":\"WebSite\",\"@id\":\"https:\/\/semicatchad.com\/#website\",\"url\":\"https:\/\/semicatchad.com\/\",\"name\":\"SEMICA TCHAD 2026\",\"description\":\"Salon International de l&#039;Energie, des Mines et des Hydrocarbures du 21 au 23 Janvier 2026, N&#039;Djam\u00e9na, Tchad\",\"publisher\":{\"@id\":\"https:\/\/semicatchad.com\/#organization\"},\"potentialAction\":[{\"@type\":\"SearchAction\",\"target\":{\"@type\":\"EntryPoint\",\"urlTemplate\":\"https:\/\/semicatchad.com\/?s={search_term_string}\"},\"query-input\":{\"@type\":\"PropertyValueSpecification\",\"valueRequired\":true,\"valueName\":\"search_term_string\"}}],\"inLanguage\":\"en-GB\"},{\"@type\":\"Organization\",\"@id\":\"https:\/\/semicatchad.com\/#organization\",\"name\":\"SEMICA TCHAD 2026\",\"url\":\"https:\/\/semicatchad.com\/\",\"logo\":{\"@type\":\"ImageObject\",\"inLanguage\":\"en-GB\",\"@id\":\"https:\/\/semicatchad.com\/#\/schema\/logo\/image\/\",\"url\":\"https:\/\/semicatchad.com\/wp-content\/uploads\/2023\/01\/Icon-site-semica-tchad_Plan-de-travail-1.png\",\"contentUrl\":\"https:\/\/semicatchad.com\/wp-content\/uploads\/2023\/01\/Icon-site-semica-tchad_Plan-de-travail-1.png\",\"width\":209,\"height\":209,\"caption\":\"SEMICA TCHAD 2026\"},\"image\":{\"@id\":\"https:\/\/semicatchad.com\/#\/schema\/logo\/image\/\"}}]}<\/script>\n<!-- \/ Yoast SEO plugin. -->","yoast_head_json":{"title":"Audiences et Rencontres BtoB - SEMICA TCHAD 2026","description":"Participez aux rencontres BtoB du SEMICA TCHAD 2026 et d\u00e9veloppez votre r\u00e9seau ! Rencontrez des d\u00e9cideurs, investisseurs et partenaires strat\u00e9giques du secteur des mines, de l\u2019\u00e9nergie et du p\u00e9trole.","robots":{"index":"index","follow":"follow","max-snippet":"max-snippet:-1","max-image-preview":"max-image-preview:large","max-video-preview":"max-video-preview:-1"},"canonical":"https:\/\/semicatchad.com\/en\/audiences-et-rencontres-btob\/","og_locale":"en_GB","og_type":"article","og_title":"Audiences et Rencontres BtoB - SEMICA TCHAD 2026","og_description":"Participez aux rencontres BtoB du SEMICA TCHAD 2026 et d\u00e9veloppez votre r\u00e9seau ! Rencontrez des d\u00e9cideurs, investisseurs et partenaires strat\u00e9giques du secteur des mines, de l\u2019\u00e9nergie et du p\u00e9trole.","og_url":"https:\/\/semicatchad.com\/en\/audiences-et-rencontres-btob\/","og_site_name":"SEMICA TCHAD 2026","article_modified_time":"2025-11-10T16:28:52+00:00","og_image":[{"url":"https:\/\/semicatchad.com\/wp-content\/uploads\/2025\/02\/SEMICA-EVENEMENT-15-1024x683.jpg","type":"","width":"","height":""}],"twitter_card":"summary_large_image","twitter_misc":{"Estimated reading time":"1 minute"},"schema":{"@context":"https:\/\/schema.org","@graph":[{"@type":"WebPage","@id":"https:\/\/semicatchad.com\/audiences-et-rencontres-btob\/","url":"https:\/\/semicatchad.com\/audiences-et-rencontres-btob\/","name":"Audiences et Rencontres BtoB - SEMICA TCHAD 2026","isPartOf":{"@id":"https:\/\/semicatchad.com\/#website"},"primaryImageOfPage":{"@id":"https:\/\/semicatchad.com\/audiences-et-rencontres-btob\/#primaryimage"},"image":{"@id":"https:\/\/semicatchad.com\/audiences-et-rencontres-btob\/#primaryimage"},"thumbnailUrl":"https:\/\/semicatchad.com\/wp-content\/uploads\/2025\/02\/SEMICA-EVENEMENT-15-1024x683.jpg","datePublished":"2023-01-25T21:01:23+00:00","dateModified":"2025-11-10T16:28:52+00:00","description":"Participez aux rencontres BtoB du SEMICA TCHAD 2026 et d\u00e9veloppez votre r\u00e9seau ! Rencontrez des d\u00e9cideurs, investisseurs et partenaires strat\u00e9giques du secteur des mines, de l\u2019\u00e9nergie et du p\u00e9trole.","breadcrumb":{"@id":"https:\/\/semicatchad.com\/audiences-et-rencontres-btob\/#breadcrumb"},"inLanguage":"en-GB","potentialAction":[{"@type":"ReadAction","target":["https:\/\/semicatchad.com\/audiences-et-rencontres-btob\/"]}]},{"@type":"ImageObject","inLanguage":"en-GB","@id":"https:\/\/semicatchad.com\/audiences-et-rencontres-btob\/#primaryimage","url":"https:\/\/semicatchad.com\/wp-content\/uploads\/2025\/02\/SEMICA-EVENEMENT-15-1024x683.jpg","contentUrl":"https:\/\/semicatchad.com\/wp-content\/uploads\/2025\/02\/SEMICA-EVENEMENT-15-1024x683.jpg"},{"@type":"BreadcrumbList","@id":"https:\/\/semicatchad.com\/audiences-et-rencontres-btob\/#breadcrumb","itemListElement":[{"@type":"ListItem","position":1,"name":"Accueil","item":"https:\/\/semicatchad.com\/"},{"@type":"ListItem","position":2,"name":"Audiences et Rencontres BtoB"}]},{"@type":"WebSite","@id":"https:\/\/semicatchad.com\/#website","url":"https:\/\/semicatchad.com\/","name":"SEMICA TCHAD 2026","description":"Salon International de l&#039;Energie, des Mines et des Hydrocarbures du 21 au 23 Janvier 2026, N&#039;Djam\u00e9na, Tchad","publisher":{"@id":"https:\/\/semicatchad.com\/#organization"},"potentialAction":[{"@type":"SearchAction","target":{"@type":"EntryPoint","urlTemplate":"https:\/\/semicatchad.com\/?s={search_term_string}"},"query-input":{"@type":"PropertyValueSpecification","valueRequired":true,"valueName":"search_term_string"}}],"inLanguage":"en-GB"},{"@type":"Organization","@id":"https:\/\/semicatchad.com\/#organization","name":"SEMICA TCHAD 2026","url":"https:\/\/semicatchad.com\/","logo":{"@type":"ImageObject","inLanguage":"en-GB","@id":"https:\/\/semicatchad.com\/#\/schema\/logo\/image\/","url":"https:\/\/semicatchad.com\/wp-content\/uploads\/2023\/01\/Icon-site-semica-tchad_Plan-de-travail-1.png","contentUrl":"https:\/\/semicatchad.com\/wp-content\/uploads\/2023\/01\/Icon-site-semica-tchad_Plan-de-travail-1.png","width":209,"height":209,"caption":"SEMICA TCHAD 2026"},"image":{"@id":"https:\/\/semicatchad.com\/#\/schema\/logo\/image\/"}}]}},"_links":{"self":[{"href":"https:\/\/semicatchad.com\/en\/wp-json\/wp\/v2\/pages\/724","targetHints":{"allow":["GET"]}}],"collection":[{"href":"https:\/\/semicatchad.com\/en\/wp-json\/wp\/v2\/pages"}],"about":[{"href":"https:\/\/semicatchad.com\/en\/wp-json\/wp\/v2\/types\/page"}],"author":[{"embeddable":true,"href":"https:\/\/semicatchad.com\/en\/wp-json\/wp\/v2\/users\/1"}],"replies":[{"embeddable":true,"href":"https:\/\/semicatchad.com\/en\/wp-json\/wp\/v2\/comments?post=724"}],"version-history":[{"count":28,"href":"https:\/\/semicatchad.com\/en\/wp-json\/wp\/v2\/pages\/724\/revisions"}],"predecessor-version":[{"id":1828,"href":"https:\/\/semicatchad.com\/en\/wp-json\/wp\/v2\/pages\/724\/revisions\/1828"}],"wp:attachment":[{"href":"https:\/\/semicatchad.com\/en\/wp-json\/wp\/v2\/media?parent=724"}],"curies":[{"name":"wp","href":"https:\/\/api.w.org\/{rel}","templated":true}]}}