{"id":747,"date":"2023-01-25T22:09:39","date_gmt":"2023-01-25T21:09:39","guid":{"rendered":"https:\/\/semicatchad.com\/?page_id=747"},"modified":"2025-12-12T15:13:36","modified_gmt":"2025-12-12T15:13:36","slug":"participants-internationaux","status":"publish","type":"page","link":"https:\/\/semicatchad.com\/en\/participants-internationaux\/","title":{"rendered":"International participants"},"content":{"rendered":"<div data-elementor-type=\"wp-page\" data-elementor-id=\"747\" class=\"elementor elementor-747\" data-elementor-post-type=\"page\">\n\t\t\t\t\t\t<section data-particle_enable=\"false\" data-particle-mobile-disabled=\"false\" class=\"elementor-section elementor-top-section elementor-element elementor-element-4ecdd3f elementor-section-boxed elementor-section-height-default elementor-section-height-default\" data-id=\"4ecdd3f\" data-element_type=\"section\" data-settings=\"{&quot;background_background&quot;:&quot;classic&quot;}\">\n\t\t\t\t\t\t<div class=\"elementor-container elementor-column-gap-default\">\n\t\t\t\t\t<div class=\"elementor-column elementor-col-50 elementor-top-column elementor-element elementor-element-a686104\" data-id=\"a686104\" data-element_type=\"column\">\n\t\t\t<div class=\"elementor-widget-wrap elementor-element-populated\">\n\t\t\t\t\t\t\t<\/div>\n\t\t<\/div>\n\t\t\t\t<div class=\"elementor-column elementor-col-50 elementor-top-column elementor-element elementor-element-535ec98 elementor-hidden-mobile\" data-id=\"535ec98\" data-element_type=\"column\">\n\t\t\t<div class=\"elementor-widget-wrap elementor-element-populated\">\n\t\t\t\t\t\t<div class=\"elementor-element elementor-element-87c5f65 elementor-align-right elementor-widget elementor-widget-breadcrumbs\" data-id=\"87c5f65\" data-element_type=\"widget\" data-widget_type=\"breadcrumbs.default\">\n\t\t\t\t<div class=\"elementor-widget-container\">\n\t\t\t\t\t<p id=\"breadcrumbs\"><span><span><a href=\"https:\/\/semicatchad.com\/en\/\">Home<\/a><\/span><\/span><\/p>\t\t\t\t<\/div>\n\t\t\t\t<\/div>\n\t\t\t\t\t<\/div>\n\t\t<\/div>\n\t\t\t\t\t<\/div>\n\t\t<\/section>\n\t\t\t\t<section data-particle_enable=\"false\" data-particle-mobile-disabled=\"false\" class=\"elementor-section elementor-top-section elementor-element elementor-element-004bcaf elementor-section-boxed elementor-section-height-default elementor-section-height-default\" data-id=\"004bcaf\" data-element_type=\"section\">\n\t\t\t\t\t\t<div class=\"elementor-container elementor-column-gap-default\">\n\t\t\t\t\t<div class=\"elementor-column elementor-col-50 elementor-top-column elementor-element elementor-element-8d753c4\" data-id=\"8d753c4\" data-element_type=\"column\">\n\t\t\t<div class=\"elementor-widget-wrap elementor-element-populated\">\n\t\t\t\t\t\t<div class=\"elementor-element elementor-element-2eabe57 elementor-widget elementor-widget-heading\" data-id=\"2eabe57\" data-element_type=\"widget\" data-widget_type=\"heading.default\">\n\t\t\t\t<div class=\"elementor-widget-container\">\n\t\t\t\t\t<h2 class=\"elementor-heading-title elementor-size-default\">International participants<\/h2>\t\t\t\t<\/div>\n\t\t\t\t<\/div>\n\t\t\t\t<div class=\"elementor-element elementor-element-45b7e88 elementor-widget elementor-widget-text-editor\" data-id=\"45b7e88\" data-element_type=\"widget\" data-widget_type=\"text-editor.default\">\n\t\t\t\t<div class=\"elementor-widget-container\">\n\t\t\t\t\t\t\t\t\t<p>SEMICA is an international event that attracts participants from all over the world. SEMICA organizers strive to attract the best international investors in the mining and quarrying sectors. International participants can exhibit their products, services, technologies and solutions to an interested African audience.<\/p><p>Benefits for international participants include the opportunity to meet potential African investors, explore investment and business opportunities in Africa and develop relationships with local partners. International participants can also take advantage of the conference programmes and networking events to share their knowledge and experience with other key players in the sector.<\/p><p>SEMICA is therefore an excellent opportunity for international participants to strengthen their presence in Africa and to establish business relationships with local partners.<\/p>\t\t\t\t\t\t\t\t<\/div>\n\t\t\t\t<\/div>\n\t\t\t\t\t<\/div>\n\t\t<\/div>\n\t\t\t\t<div class=\"elementor-column elementor-col-50 elementor-top-column elementor-element elementor-element-919dc37\" data-id=\"919dc37\" data-element_type=\"column\">\n\t\t\t<div class=\"elementor-widget-wrap elementor-element-populated\">\n\t\t\t\t\t\t<div class=\"elementor-element elementor-element-1e6f4f8 elementor-widget elementor-widget-image\" data-id=\"1e6f4f8\" data-element_type=\"widget\" data-widget_type=\"image.default\">\n\t\t\t\t<div class=\"elementor-widget-container\">\n\t\t\t\t\t\t\t\t\t\t\t\t\t\t\t<img fetchpriority=\"high\" decoding=\"async\" width=\"800\" height=\"600\" src=\"https:\/\/semicatchad.com\/wp-content\/uploads\/2023\/03\/51222130_2446404492098656_785246336696975360_n.jpg\" class=\"attachment-large size-large wp-image-1119\" alt=\"\" srcset=\"https:\/\/semicatchad.com\/wp-content\/uploads\/2023\/03\/51222130_2446404492098656_785246336696975360_n.jpg 960w, https:\/\/semicatchad.com\/wp-content\/uploads\/2023\/03\/51222130_2446404492098656_785246336696975360_n-300x225.jpg 300w, https:\/\/semicatchad.com\/wp-content\/uploads\/2023\/03\/51222130_2446404492098656_785246336696975360_n-768x576.jpg 768w\" sizes=\"(max-width: 800px) 100vw, 800px\" \/>\t\t\t\t\t\t\t\t\t\t\t\t\t\t\t<\/div>\n\t\t\t\t<\/div>\n\t\t\t\t\t<\/div>\n\t\t<\/div>\n\t\t\t\t\t<\/div>\n\t\t<\/section>\n\t\t\t\t<section data-particle_enable=\"false\" data-particle-mobile-disabled=\"false\" class=\"elementor-section elementor-top-section elementor-element elementor-element-3188cdc elementor-reverse-mobile elementor-section-boxed elementor-section-height-default elementor-section-height-default\" data-id=\"3188cdc\" data-element_type=\"section\">\n\t\t\t\t\t\t<div class=\"elementor-container elementor-column-gap-default\">\n\t\t\t\t\t<div class=\"elementor-column elementor-col-50 elementor-top-column elementor-element elementor-element-e7baa88\" data-id=\"e7baa88\" data-element_type=\"column\">\n\t\t\t<div class=\"elementor-widget-wrap elementor-element-populated\">\n\t\t\t\t\t\t<div class=\"elementor-element elementor-element-a967908 elementor-widget elementor-widget-image\" data-id=\"a967908\" data-element_type=\"widget\" data-widget_type=\"image.default\">\n\t\t\t\t<div class=\"elementor-widget-container\">\n\t\t\t\t\t\t\t\t\t\t\t\t\t\t\t<img decoding=\"async\" width=\"800\" height=\"600\" src=\"https:\/\/semicatchad.com\/wp-content\/uploads\/2023\/01\/undefined_1482504920_7-min-1024x768.jpg\" class=\"attachment-large size-large wp-image-956\" alt=\"\" srcset=\"https:\/\/semicatchad.com\/wp-content\/uploads\/2023\/01\/undefined_1482504920_7-min-1024x768.jpg 1024w, https:\/\/semicatchad.com\/wp-content\/uploads\/2023\/01\/undefined_1482504920_7-min-300x225.jpg 300w, https:\/\/semicatchad.com\/wp-content\/uploads\/2023\/01\/undefined_1482504920_7-min-768x576.jpg 768w, https:\/\/semicatchad.com\/wp-content\/uploads\/2023\/01\/undefined_1482504920_7-min.jpg 1200w\" sizes=\"(max-width: 800px) 100vw, 800px\" \/>\t\t\t\t\t\t\t\t\t\t\t\t\t\t\t<\/div>\n\t\t\t\t<\/div>\n\t\t\t\t\t<\/div>\n\t\t<\/div>\n\t\t\t\t<div class=\"elementor-column elementor-col-50 elementor-top-column elementor-element elementor-element-a038af1\" data-id=\"a038af1\" data-element_type=\"column\">\n\t\t\t<div class=\"elementor-widget-wrap elementor-element-populated\">\n\t\t\t\t\t\t<div class=\"elementor-element elementor-element-a91dc47 elementor-widget elementor-widget-heading\" data-id=\"a91dc47\" data-element_type=\"widget\" data-widget_type=\"heading.default\">\n\t\t\t\t<div class=\"elementor-widget-container\">\n\t\t\t\t\t<h2 class=\"elementor-heading-title elementor-size-default\">Visa for TCHAD\n\n<\/h2>\t\t\t\t<\/div>\n\t\t\t\t<\/div>\n\t\t\t\t<div class=\"elementor-element elementor-element-0bfdec0 elementor-widget elementor-widget-text-editor\" data-id=\"0bfdec0\" data-element_type=\"widget\" data-widget_type=\"text-editor.default\">\n\t\t\t\t<div class=\"elementor-widget-container\">\n\t\t\t\t\t\t\t\t\t<p>A valid passport is required for all French citizens and foreign nationals entering Chad.<\/p><p>If you are a French national, you need an entry visa for Tchad.<\/p><p>Nationals of the following countries with an ordinary passport are exempt from visas if stay of less than 90 days: Burkina Faso, Cameroon, Central African Republic, Congo Brazzaville, Ivory Coast, Gabon, Mauritania, Niger, Nigeria, Senegal and Togo<\/p><p>The\u00a0<b>Tchad visa<\/b>\u00a0is valid from the date of arrival mentioned\u00a0<b>on<\/b>\u00a0the application form for\u00a0<b>visa for<\/b>\u00a0a period of 30 days, arrival and departure must take place during this period. The authorized length of stay is 30 days.<\/p><p><a href=\"https:\/\/evisa.td\/\">More information<\/a><\/p>\t\t\t\t\t\t\t\t<\/div>\n\t\t\t\t<\/div>\n\t\t\t\t\t<\/div>\n\t\t<\/div>\n\t\t\t\t\t<\/div>\n\t\t<\/section>\n\t\t\t\t<section data-particle_enable=\"false\" data-particle-mobile-disabled=\"false\" class=\"elementor-section elementor-top-section elementor-element elementor-element-63b6ea5 elementor-section-boxed elementor-section-height-default elementor-section-height-default\" data-id=\"63b6ea5\" data-element_type=\"section\">\n\t\t\t\t\t\t<div class=\"elementor-container elementor-column-gap-default\">\n\t\t\t\t\t<div class=\"elementor-column elementor-col-50 elementor-top-column elementor-element elementor-element-e7fb53c\" data-id=\"e7fb53c\" data-element_type=\"column\">\n\t\t\t<div class=\"elementor-widget-wrap elementor-element-populated\">\n\t\t\t\t\t\t<div class=\"elementor-element elementor-element-f284294 elementor-widget elementor-widget-heading\" data-id=\"f284294\" data-element_type=\"widget\" data-widget_type=\"heading.default\">\n\t\t\t\t<div class=\"elementor-widget-container\">\n\t\t\t\t\t<h2 class=\"elementor-heading-title elementor-size-default\">Health protocol<\/h2>\t\t\t\t<\/div>\n\t\t\t\t<\/div>\n\t\t\t\t<div class=\"elementor-element elementor-element-8744373 elementor-widget elementor-widget-text-editor\" data-id=\"8744373\" data-element_type=\"widget\" data-widget_type=\"text-editor.default\">\n\t\t\t\t<div class=\"elementor-widget-container\">\n\t\t\t\t\t\t\t\t\t<p>Airports have reopened to commercial flights.<\/p><p>If you are fully vaccinated, you can enter Tchad without having to undergo testing or quarantine.<\/p><p>You must present proof of your full vaccination to enter Tchad.<\/p><p>If you are not fully vaccinated, you will need to show proof of a negative PCR test (taken no later than 96 hours before entry) in order to enter Tchad.<\/p><p>Children under 12 do not need to show proof of vaccination to enter Tchad.<\/p><p><strong>Tests :<\/strong>\u00a0Not required.<\/p><p><strong>Quarantine :<\/strong>\u00a0Under conditions<br \/>Quarantine required for some travellers.<\/p><div class=\"row mb-3\">\u00a0<\/div>\t\t\t\t\t\t\t\t<\/div>\n\t\t\t\t<\/div>\n\t\t\t\t\t<\/div>\n\t\t<\/div>\n\t\t\t\t<div class=\"elementor-column elementor-col-50 elementor-top-column elementor-element elementor-element-73af498\" data-id=\"73af498\" data-element_type=\"column\">\n\t\t\t<div class=\"elementor-widget-wrap elementor-element-populated\">\n\t\t\t\t\t\t<div class=\"elementor-element elementor-element-dd3de69 elementor-widget elementor-widget-image\" data-id=\"dd3de69\" data-element_type=\"widget\" data-widget_type=\"image.default\">\n\t\t\t\t<div class=\"elementor-widget-container\">\n\t\t\t\t\t\t\t\t\t\t\t\t\t\t\t<img decoding=\"async\" width=\"800\" height=\"466\" src=\"https:\/\/semicatchad.com\/wp-content\/uploads\/2023\/01\/Grippe-Les-vaccins-chez-les-generalistes-lundi_article_landscape_pm_v8.jpg\" class=\"attachment-large size-large wp-image-957\" alt=\"\" srcset=\"https:\/\/semicatchad.com\/wp-content\/uploads\/2023\/01\/Grippe-Les-vaccins-chez-les-generalistes-lundi_article_landscape_pm_v8.jpg 940w, https:\/\/semicatchad.com\/wp-content\/uploads\/2023\/01\/Grippe-Les-vaccins-chez-les-generalistes-lundi_article_landscape_pm_v8-300x175.jpg 300w, https:\/\/semicatchad.com\/wp-content\/uploads\/2023\/01\/Grippe-Les-vaccins-chez-les-generalistes-lundi_article_landscape_pm_v8-768x448.jpg 768w\" sizes=\"(max-width: 800px) 100vw, 800px\" \/>\t\t\t\t\t\t\t\t\t\t\t\t\t\t\t<\/div>\n\t\t\t\t<\/div>\n\t\t\t\t\t<\/div>\n\t\t<\/div>\n\t\t\t\t\t<\/div>\n\t\t<\/section>\n\t\t\t\t<\/div>","protected":false},"excerpt":{"rendered":"<p>Participants internationaux Le SEMICA est un \u00e9v\u00e9nement international qui attire des participants du monde entier. Les organisateurs du SEMICA s&rsquo;efforcent d&rsquo;attirer les meilleurs investisseurs internationaux dans les secteurs minier et des carri\u00e8res. Les participants internationaux peuvent exposer leurs produits, services, technologies et solutions \u00e0 un public africain int\u00e9ress\u00e9. Les avantages pour les participants internationaux incluent [&hellip;]<\/p>","protected":false},"author":1,"featured_media":0,"parent":0,"menu_order":0,"comment_status":"closed","ping_status":"closed","template":"","meta":{"footnotes":""},"class_list":["post-747","page","type-page","status-publish","hentry"],"yoast_head":"<!-- This site is optimized with the Yoast SEO plugin v26.5 - https:\/\/yoast.com\/wordpress\/plugins\/seo\/ -->\n<title>Participants internationaux - SEMICA TCHAD 2026<\/title>\n<meta name=\"description\" content=\"Le SEMICA TCHAD 2026 accueille des d\u00e9l\u00e9gations et entreprises du monde entier. D\u00e9couvrez les opportunit\u00e9s de coop\u00e9ration et d\u00e9veloppez votre r\u00e9seau \u00e0 l\u2019\u00e9chelle internationale.\" \/>\n<meta name=\"robots\" content=\"index, follow, max-snippet:-1, max-image-preview:large, max-video-preview:-1\" \/>\n<link rel=\"canonical\" href=\"https:\/\/semicatchad.com\/en\/participants-internationaux\/\" \/>\n<meta property=\"og:locale\" content=\"en_GB\" \/>\n<meta property=\"og:type\" content=\"article\" \/>\n<meta property=\"og:title\" content=\"Participants internationaux - SEMICA TCHAD 2026\" \/>\n<meta property=\"og:description\" content=\"Le SEMICA TCHAD 2026 accueille des d\u00e9l\u00e9gations et entreprises du monde entier. D\u00e9couvrez les opportunit\u00e9s de coop\u00e9ration et d\u00e9veloppez votre r\u00e9seau \u00e0 l\u2019\u00e9chelle internationale.\" \/>\n<meta property=\"og:url\" content=\"https:\/\/semicatchad.com\/en\/participants-internationaux\/\" \/>\n<meta property=\"og:site_name\" content=\"SEMICA TCHAD 2026\" \/>\n<meta property=\"article:modified_time\" content=\"2025-12-12T15:13:36+00:00\" \/>\n<meta property=\"og:image\" content=\"https:\/\/semicatchad.com\/wp-content\/uploads\/2023\/03\/51222130_2446404492098656_785246336696975360_n.jpg\" \/>\n\t<meta property=\"og:image:width\" content=\"960\" \/>\n\t<meta property=\"og:image:height\" content=\"720\" \/>\n\t<meta property=\"og:image:type\" content=\"image\/jpeg\" \/>\n<meta name=\"twitter:card\" content=\"summary_large_image\" \/>\n<meta name=\"twitter:label1\" content=\"Estimated reading time\" \/>\n\t<meta name=\"twitter:data1\" content=\"3 minutes\" \/>\n<script type=\"application\/ld+json\" class=\"yoast-schema-graph\">{\"@context\":\"https:\/\/schema.org\",\"@graph\":[{\"@type\":\"WebPage\",\"@id\":\"https:\/\/semicatchad.com\/participants-internationaux\/\",\"url\":\"https:\/\/semicatchad.com\/participants-internationaux\/\",\"name\":\"Participants internationaux - SEMICA TCHAD 2026\",\"isPartOf\":{\"@id\":\"https:\/\/semicatchad.com\/#website\"},\"primaryImageOfPage\":{\"@id\":\"https:\/\/semicatchad.com\/participants-internationaux\/#primaryimage\"},\"image\":{\"@id\":\"https:\/\/semicatchad.com\/participants-internationaux\/#primaryimage\"},\"thumbnailUrl\":\"https:\/\/semicatchad.com\/wp-content\/uploads\/2023\/03\/51222130_2446404492098656_785246336696975360_n.jpg\",\"datePublished\":\"2023-01-25T21:09:39+00:00\",\"dateModified\":\"2025-12-12T15:13:36+00:00\",\"description\":\"Le SEMICA TCHAD 2026 accueille des d\u00e9l\u00e9gations et entreprises du monde entier. D\u00e9couvrez les opportunit\u00e9s de coop\u00e9ration et d\u00e9veloppez votre r\u00e9seau \u00e0 l\u2019\u00e9chelle internationale.\",\"breadcrumb\":{\"@id\":\"https:\/\/semicatchad.com\/participants-internationaux\/#breadcrumb\"},\"inLanguage\":\"en-GB\",\"potentialAction\":[{\"@type\":\"ReadAction\",\"target\":[\"https:\/\/semicatchad.com\/participants-internationaux\/\"]}]},{\"@type\":\"ImageObject\",\"inLanguage\":\"en-GB\",\"@id\":\"https:\/\/semicatchad.com\/participants-internationaux\/#primaryimage\",\"url\":\"https:\/\/semicatchad.com\/wp-content\/uploads\/2023\/03\/51222130_2446404492098656_785246336696975360_n.jpg\",\"contentUrl\":\"https:\/\/semicatchad.com\/wp-content\/uploads\/2023\/03\/51222130_2446404492098656_785246336696975360_n.jpg\"},{\"@type\":\"BreadcrumbList\",\"@id\":\"https:\/\/semicatchad.com\/participants-internationaux\/#breadcrumb\",\"itemListElement\":[{\"@type\":\"ListItem\",\"position\":1,\"name\":\"Accueil\",\"item\":\"https:\/\/semicatchad.com\/\"},{\"@type\":\"ListItem\",\"position\":2,\"name\":\"Participants internationaux\"}]},{\"@type\":\"WebSite\",\"@id\":\"https:\/\/semicatchad.com\/#website\",\"url\":\"https:\/\/semicatchad.com\/\",\"name\":\"SEMICA TCHAD 2026\",\"description\":\"Salon International de l&#039;Energie, des Mines et des Hydrocarbures du 21 au 23 Janvier 2026, N&#039;Djam\u00e9na, Tchad\",\"publisher\":{\"@id\":\"https:\/\/semicatchad.com\/#organization\"},\"potentialAction\":[{\"@type\":\"SearchAction\",\"target\":{\"@type\":\"EntryPoint\",\"urlTemplate\":\"https:\/\/semicatchad.com\/?s={search_term_string}\"},\"query-input\":{\"@type\":\"PropertyValueSpecification\",\"valueRequired\":true,\"valueName\":\"search_term_string\"}}],\"inLanguage\":\"en-GB\"},{\"@type\":\"Organization\",\"@id\":\"https:\/\/semicatchad.com\/#organization\",\"name\":\"SEMICA TCHAD 2026\",\"url\":\"https:\/\/semicatchad.com\/\",\"logo\":{\"@type\":\"ImageObject\",\"inLanguage\":\"en-GB\",\"@id\":\"https:\/\/semicatchad.com\/#\/schema\/logo\/image\/\",\"url\":\"https:\/\/semicatchad.com\/wp-content\/uploads\/2023\/01\/Icon-site-semica-tchad_Plan-de-travail-1.png\",\"contentUrl\":\"https:\/\/semicatchad.com\/wp-content\/uploads\/2023\/01\/Icon-site-semica-tchad_Plan-de-travail-1.png\",\"width\":209,\"height\":209,\"caption\":\"SEMICA TCHAD 2026\"},\"image\":{\"@id\":\"https:\/\/semicatchad.com\/#\/schema\/logo\/image\/\"}}]}<\/script>\n<!-- \/ Yoast SEO plugin. -->","yoast_head_json":{"title":"Participants internationaux - SEMICA TCHAD 2026","description":"Le SEMICA TCHAD 2026 accueille des d\u00e9l\u00e9gations et entreprises du monde entier. D\u00e9couvrez les opportunit\u00e9s de coop\u00e9ration et d\u00e9veloppez votre r\u00e9seau \u00e0 l\u2019\u00e9chelle internationale.","robots":{"index":"index","follow":"follow","max-snippet":"max-snippet:-1","max-image-preview":"max-image-preview:large","max-video-preview":"max-video-preview:-1"},"canonical":"https:\/\/semicatchad.com\/en\/participants-internationaux\/","og_locale":"en_GB","og_type":"article","og_title":"Participants internationaux - SEMICA TCHAD 2026","og_description":"Le SEMICA TCHAD 2026 accueille des d\u00e9l\u00e9gations et entreprises du monde entier. D\u00e9couvrez les opportunit\u00e9s de coop\u00e9ration et d\u00e9veloppez votre r\u00e9seau \u00e0 l\u2019\u00e9chelle internationale.","og_url":"https:\/\/semicatchad.com\/en\/participants-internationaux\/","og_site_name":"SEMICA TCHAD 2026","article_modified_time":"2025-12-12T15:13:36+00:00","og_image":[{"width":960,"height":720,"url":"https:\/\/semicatchad.com\/wp-content\/uploads\/2023\/03\/51222130_2446404492098656_785246336696975360_n.jpg","type":"image\/jpeg"}],"twitter_card":"summary_large_image","twitter_misc":{"Estimated reading time":"3 minutes"},"schema":{"@context":"https:\/\/schema.org","@graph":[{"@type":"WebPage","@id":"https:\/\/semicatchad.com\/participants-internationaux\/","url":"https:\/\/semicatchad.com\/participants-internationaux\/","name":"Participants internationaux - SEMICA TCHAD 2026","isPartOf":{"@id":"https:\/\/semicatchad.com\/#website"},"primaryImageOfPage":{"@id":"https:\/\/semicatchad.com\/participants-internationaux\/#primaryimage"},"image":{"@id":"https:\/\/semicatchad.com\/participants-internationaux\/#primaryimage"},"thumbnailUrl":"https:\/\/semicatchad.com\/wp-content\/uploads\/2023\/03\/51222130_2446404492098656_785246336696975360_n.jpg","datePublished":"2023-01-25T21:09:39+00:00","dateModified":"2025-12-12T15:13:36+00:00","description":"Le SEMICA TCHAD 2026 accueille des d\u00e9l\u00e9gations et entreprises du monde entier. D\u00e9couvrez les opportunit\u00e9s de coop\u00e9ration et d\u00e9veloppez votre r\u00e9seau \u00e0 l\u2019\u00e9chelle internationale.","breadcrumb":{"@id":"https:\/\/semicatchad.com\/participants-internationaux\/#breadcrumb"},"inLanguage":"en-GB","potentialAction":[{"@type":"ReadAction","target":["https:\/\/semicatchad.com\/participants-internationaux\/"]}]},{"@type":"ImageObject","inLanguage":"en-GB","@id":"https:\/\/semicatchad.com\/participants-internationaux\/#primaryimage","url":"https:\/\/semicatchad.com\/wp-content\/uploads\/2023\/03\/51222130_2446404492098656_785246336696975360_n.jpg","contentUrl":"https:\/\/semicatchad.com\/wp-content\/uploads\/2023\/03\/51222130_2446404492098656_785246336696975360_n.jpg"},{"@type":"BreadcrumbList","@id":"https:\/\/semicatchad.com\/participants-internationaux\/#breadcrumb","itemListElement":[{"@type":"ListItem","position":1,"name":"Accueil","item":"https:\/\/semicatchad.com\/"},{"@type":"ListItem","position":2,"name":"Participants internationaux"}]},{"@type":"WebSite","@id":"https:\/\/semicatchad.com\/#website","url":"https:\/\/semicatchad.com\/","name":"SEMICA TCHAD 2026","description":"Salon International de l&#039;Energie, des Mines et des Hydrocarbures du 21 au 23 Janvier 2026, N&#039;Djam\u00e9na, Tchad","publisher":{"@id":"https:\/\/semicatchad.com\/#organization"},"potentialAction":[{"@type":"SearchAction","target":{"@type":"EntryPoint","urlTemplate":"https:\/\/semicatchad.com\/?s={search_term_string}"},"query-input":{"@type":"PropertyValueSpecification","valueRequired":true,"valueName":"search_term_string"}}],"inLanguage":"en-GB"},{"@type":"Organization","@id":"https:\/\/semicatchad.com\/#organization","name":"SEMICA TCHAD 2026","url":"https:\/\/semicatchad.com\/","logo":{"@type":"ImageObject","inLanguage":"en-GB","@id":"https:\/\/semicatchad.com\/#\/schema\/logo\/image\/","url":"https:\/\/semicatchad.com\/wp-content\/uploads\/2023\/01\/Icon-site-semica-tchad_Plan-de-travail-1.png","contentUrl":"https:\/\/semicatchad.com\/wp-content\/uploads\/2023\/01\/Icon-site-semica-tchad_Plan-de-travail-1.png","width":209,"height":209,"caption":"SEMICA TCHAD 2026"},"image":{"@id":"https:\/\/semicatchad.com\/#\/schema\/logo\/image\/"}}]}},"_links":{"self":[{"href":"https:\/\/semicatchad.com\/en\/wp-json\/wp\/v2\/pages\/747","targetHints":{"allow":["GET"]}}],"collection":[{"href":"https:\/\/semicatchad.com\/en\/wp-json\/wp\/v2\/pages"}],"about":[{"href":"https:\/\/semicatchad.com\/en\/wp-json\/wp\/v2\/types\/page"}],"author":[{"embeddable":true,"href":"https:\/\/semicatchad.com\/en\/wp-json\/wp\/v2\/users\/1"}],"replies":[{"embeddable":true,"href":"https:\/\/semicatchad.com\/en\/wp-json\/wp\/v2\/comments?post=747"}],"version-history":[{"count":31,"href":"https:\/\/semicatchad.com\/en\/wp-json\/wp\/v2\/pages\/747\/revisions"}],"predecessor-version":[{"id":2387,"href":"https:\/\/semicatchad.com\/en\/wp-json\/wp\/v2\/pages\/747\/revisions\/2387"}],"wp:attachment":[{"href":"https:\/\/semicatchad.com\/en\/wp-json\/wp\/v2\/media?parent=747"}],"curies":[{"name":"wp","href":"https:\/\/api.w.org\/{rel}","templated":true}]}}